{"id":33015,"date":"2023-04-12T15:17:11","date_gmt":"2023-04-12T13:17:11","guid":{"rendered":"https:\/\/www.brochure.cmclift.com\/?page_id=33015"},"modified":"2023-07-11T10:59:10","modified_gmt":"2023-07-11T08:59:10","slug":"f-brochure","status":"publish","type":"page","link":"https:\/\/www.brochure.cmclift.com\/de\/f-brochure\/","title":{"rendered":"F BROCHURE"},"content":{"rendered":"<section class=\"wpb-content-wrapper\"><p>[vc_row full_width=&#8220;stretch_row&#8220; full_height=&#8220;yes&#8220; columns_placement=&#8220;stretch&#8220; content_placement=&#8220;middle&#8220; background_position_desktop=&#8220;center center&#8220; css_animation=&#8220;none&#8220; thegem_featured_image_for_bg_active=&#8220;true&#8220; css=&#8220;.vc_custom_1677236722169{background-position: center !important;background-repeat: no-repeat !important;background-size: cover !important;}&#8220;][vc_column css=&#8220;.vc_custom_1681304313555{background-image: url(https:\/\/www.brochure.cmclift.com\/wp-content\/uploads\/2023\/04\/pearsontreeservices_116322362_215279706475528_7378187643493987290_n.jpg?id=32999) !important;background-position: center !important;background-repeat: no-repeat !important;background-size: cover !important;}&#8220;][vc_column_text el_class=&#8220;white&#8220;]<\/p>\n<h1 style=\"text-align: center;\">F-SERIES<\/h1>\n<h4 class=\"p2\" style=\"text-align: center;\"><span class=\"s1\"><span class=\"Apple-converted-space\">\u00a0<\/span><\/span><b>VOLLHYDRAULISCH<\/b><\/h4>\n<p>[\/vc_column_text][\/vc_column][\/vc_row][vc_row][vc_column]<div class=\"thegem-te-heading thegem-custom-69e28f61284fb9597\" ><h1 id=\"thegem-heading-69e28f61284d9\" class=\"thegem-heading\" style=\"text-align: left;\" ><span class=\"colored\" style=\"color: #54606b;\">F-SERIES<\/span><\/h1><style type=\"text\/css\">#thegem-heading-69e28f61284d9 {margin: 0;}#thegem-heading-69e28f61284d9 a:hover, #thegem-heading-69e28f61284d9 a:hover span.colored {color: var(--thegem-to-menu-level1-color-hover, #00BCD4) !important;}<\/style><\/div><style>@media screen and (max-width: 1023px) {.thegem-te-heading.thegem-custom-69e28f61284fb9597{display: block!important;}}@media screen and (max-width: 767px) {.thegem-te-heading.thegem-custom-69e28f61284fb9597{display: block!important;}}@media screen and (max-width: 1023px) {.thegem-te-heading.thegem-custom-69e28f61284fb9597{position: relative !important;}}@media screen and (max-width: 767px) {.thegem-te-heading.thegem-custom-69e28f61284fb9597{position: relative !important;}}<\/style><div class=\"thegem-te-heading thegem-custom-69e28f61285d94956\" ><h4 id=\"thegem-heading-69e28f61285c1\" class=\"thegem-heading\" style=\"text-align: left;\" ><span class=\"colored\" style=\"color: #54606b;\">VOLLHYDRAULISCH<\/span><\/h4><style type=\"text\/css\">#thegem-heading-69e28f61285c1 {margin: 0;}#thegem-heading-69e28f61285c1 a:hover, #thegem-heading-69e28f61285c1 a:hover span.colored {color: var(--thegem-to-menu-level1-color-hover, #00BCD4) !important;}<\/style><\/div><style>@media screen and (max-width: 1023px) {.thegem-te-heading.thegem-custom-69e28f61285d94956{display: block!important;}}@media screen and (max-width: 767px) {.thegem-te-heading.thegem-custom-69e28f61285d94956{display: block!important;}}@media screen and (max-width: 1023px) {.thegem-te-heading.thegem-custom-69e28f61285d94956{position: relative !important;}}@media screen and (max-width: 767px) {.thegem-te-heading.thegem-custom-69e28f61285d94956{position: relative !important;}}<\/style>[vc_empty_space][vc_column_text]<\/p>\n<p class=\"p2\">Der Buchstabe F kennzeichnet die CMC-Familie der vollhydraulischen Arbeitsb\u00fchnen mit Arbeitsh\u00f6hen von 13 bis 18 m, die sich durch eine einfache und intuitive Steuerung auszeichnen, die es auch unerfahrenen Anwendern erm\u00f6glicht, die Maschine fast sofort zu bedienen.<span class=\"Apple-converted-space\">\u00a0<\/span><\/p>\n<p class=\"p3\">Die extreme Vielseitigkeit f\u00fcr den Au\u00dfen- und Inneneinsatz, die gr\u00f6\u00dfte Reichweite im Vergleich zu anderen Maschinen derselben Kategorie, der einfache Transport auch auf einem Anh\u00e4nger oder Kleintransporter, die automatische Abst\u00fctzung mit Funksteuerung ( als Zubeh\u00f6r) und die extrem einfache Wartung machen es leicht zu verstehen, warum die Arbeitsb\u00fchnen der CMC F-Serie die perfekte Wahl f\u00fcr den Fuhrpark eines jeden Vermieters sind.<span class=\"Apple-converted-space\">\u00a0<\/span><\/p>\n<p>[\/vc_column_text][\/vc_column][\/vc_row][vc_row][vc_column width=&#8220;1\/3&#8243; css=&#8220;.vc_custom_1676988586107{padding-top: 0px !important;padding-bottom: 0px !important;}&#8220;][vc_single_image image=&#8220;38363&#8243; img_size=&#8220;full&#8220; alignment=&#8220;center&#8220; style=&#8220;vc_box_rounded&#8220; onclick=&#8220;custom_link&#8220; link=&#8220;https:\/\/www.brochure.cmclift.com\/de\/performance-s13f\/&#8220;][\/vc_column][vc_column width=&#8220;1\/3&#8243;][vc_single_image image=&#8220;38369&#8243; img_size=&#8220;full&#8220; alignment=&#8220;center&#8220; style=&#8220;vc_box_rounded&#8220; onclick=&#8220;custom_link&#8220; link=&#8220;https:\/\/www.brochure.cmclift.com\/de\/performance-s15f\/&#8220;][\/vc_column][vc_column width=&#8220;1\/3&#8243;][vc_single_image image=&#8220;38375&#8243; img_size=&#8220;full&#8220; alignment=&#8220;center&#8220; style=&#8220;vc_box_rounded&#8220; onclick=&#8220;custom_link&#8220; link=&#8220;https:\/\/www.brochure.cmclift.com\/de\/performance-s18f\/&#8220;][\/vc_column][\/vc_row][vc_row][vc_column][vc_empty_space][\/vc_column][\/vc_row][vc_row][vc_column][vc_separator border_width=&#8220;8&#8243;][\/vc_column][\/vc_row][vc_row][vc_column width=&#8220;1\/3&#8243;][vc_btn title=&#8220;VORTEILE&#8220; style=&#8220;custom&#8220; custom_background=&#8220;#da0e18&#8243; custom_text=&#8220;#ffffff&#8220; align=&#8220;center&#8220; button_block=&#8220;true&#8220; link=&#8220;url:https%3A%2F%2Fwww.brochure.cmclift.com%2Fde%2Ff-brochure-benefit%2F|title:F%20BROCHURE%20%E2%80%93%20Benefit&#8220;][\/vc_column][vc_column width=&#8220;1\/3&#8243;][vc_btn title=&#8220;OPTIONEN&#8220; style=&#8220;custom&#8220; custom_background=&#8220;#da0e18&#8243; custom_text=&#8220;#ffffff&#8220; align=&#8220;center&#8220; button_block=&#8220;true&#8220; link=&#8220;url:https%3A%2F%2Fwww.brochure.cmclift.com%2Fde%2Ffeatures-f%2F|title:Features%20F&#8220;][\/vc_column][vc_column width=&#8220;1\/3&#8243;][vc_btn title=&#8220;ANWENDUNGEN&#8220; style=&#8220;custom&#8220; custom_background=&#8220;#da0e18&#8243; custom_text=&#8220;#ffffff&#8220; align=&#8220;center&#8220; button_block=&#8220;true&#8220; link=&#8220;url:https%3A%2F%2Fwww.brochure.cmclift.com%2Fde%2Ff-brochure-applications%2F|title:F%20BROCHURE%20%E2%80%93%20Applications&#8220;][\/vc_column][\/vc_row][vc_row][vc_column][vc_separator border_width=&#8220;8&#8243;][\/vc_column][\/vc_row][vc_row][vc_column][vc_empty_space][\/vc_column][\/vc_row]<\/p>\n<\/section>","protected":false},"excerpt":{"rendered":"<p>[vc_row full_width=&#8220;stretch_row&#8220; full_height=&#8220;yes&#8220; columns_placement=&#8220;stretch&#8220; content_placement=&#8220;middle&#8220; background_position_desktop=&#8220;center center&#8220; css_animation=&#8220;none&#8220; thegem_featured_image_for_bg_active=&#8220;true&#8220; css=&#8220;.vc_custom_1677236722169{background-position: center !important;background-repeat: no-repeat !important;background-size: cover !important;}&#8220;][vc_column css=&#8220;.vc_custom_1681304313555{background-image: url(https:\/\/www.brochure.cmclift.com\/wp-content\/uploads\/2023\/04\/pearsontreeservices_116322362_215279706475528_7378187643493987290_n.jpg?id=32999) !important;background-position: center&#8230;<\/p>\n","protected":false},"author":13,"featured_media":0,"parent":0,"menu_order":0,"comment_status":"closed","ping_status":"closed","template":"","meta":{"footnotes":""},"class_list":["post-33015","page","type-page","status-publish"],"_links":{"self":[{"href":"https:\/\/www.brochure.cmclift.com\/de\/wp-json\/wp\/v2\/pages\/33015","targetHints":{"allow":["GET"]}}],"collection":[{"href":"https:\/\/www.brochure.cmclift.com\/de\/wp-json\/wp\/v2\/pages"}],"about":[{"href":"https:\/\/www.brochure.cmclift.com\/de\/wp-json\/wp\/v2\/types\/page"}],"author":[{"embeddable":true,"href":"https:\/\/www.brochure.cmclift.com\/de\/wp-json\/wp\/v2\/users\/13"}],"replies":[{"embeddable":true,"href":"https:\/\/www.brochure.cmclift.com\/de\/wp-json\/wp\/v2\/comments?post=33015"}],"version-history":[{"count":8,"href":"https:\/\/www.brochure.cmclift.com\/de\/wp-json\/wp\/v2\/pages\/33015\/revisions"}],"predecessor-version":[{"id":38381,"href":"https:\/\/www.brochure.cmclift.com\/de\/wp-json\/wp\/v2\/pages\/33015\/revisions\/38381"}],"wp:attachment":[{"href":"https:\/\/www.brochure.cmclift.com\/de\/wp-json\/wp\/v2\/media?parent=33015"}],"curies":[{"name":"wp","href":"https:\/\/api.w.org\/{rel}","templated":true}]}}