{"id":33067,"date":"2023-04-12T16:29:19","date_gmt":"2023-04-12T14:29:19","guid":{"rendered":"https:\/\/www.brochure.cmclift.com\/?page_id=33067"},"modified":"2023-07-04T10:37:14","modified_gmt":"2023-07-04T08:37:14","slug":"performance-s15f","status":"publish","type":"page","link":"https:\/\/www.brochure.cmclift.com\/de\/performance-s15f\/","title":{"rendered":"Performance S15F"},"content":{"rendered":"<section class=\"wpb-content-wrapper\"><p>[vc_row][vc_column][vc_empty_space height=&#8220;100&#8243;][\/vc_column][\/vc_row][vc_row css=&#8220;.vc_custom_1677246539767{background-color: #ffffff !important;}&#8220;][vc_column][vc_row_inner][vc_column_inner css=&#8220;.vc_custom_1677246552221{background-color: #ffffff !important;}&#8220;][vc_column_text css=&#8220;.vc_custom_1681309628264{background-color: #ffffff !important;}&#8220;]<\/p>\n<div class=\"vc_row wpb_row vc_inner vc_row-fluid thegem-custom-6436bebda17492180 custom-inner-column-6436bebda174e\">\n<div class=\"wpb_column vc_column_container vc_col-sm-12 thegem-custom-6436bebda2ddc5341 vc_col-has-fill\">\n<div class=\"vc_column-inner thegem-custom-inner-6436bebda2ddd vc_custom_1677246552221\">\n<div class=\"wpb_wrapper thegem-custom-6436bebda2ddc5341\">\n<div class=\"wpb_text_column wpb_content_element vc_custom_1677246630795 thegem-vc-text thegem-custom-6436bebda2edf7551\">\n<div class=\"wpb_wrapper\">\n<div class=\"vc_row wpb_row vc_inner vc_row-fluid thegem-custom-6436bef9f1b444808 custom-inner-column-6436bef9f1b48\">\n<div class=\"wpb_column vc_column_container vc_col-sm-12 thegem-custom-6436bef9f32158038 vc_col-has-fill\">\n<div class=\"vc_column-inner thegem-custom-inner-6436bef9f3216 vc_custom_1677246552221\">\n<div class=\"wpb_wrapper thegem-custom-6436bef9f32158038\">\n<div class=\"wpb_text_column wpb_content_element vc_custom_1677767965458 thegem-vc-text thegem-custom-6436befa003614624\">\n<div class=\"wpb_wrapper\">\n<div class=\"vc_row wpb_row vc_inner vc_row-fluid thegem-custom-6436bfb24dfd75991 custom-inner-column-6436bfb24dfdc\">\n<div class=\"wpb_column vc_column_container vc_col-sm-12 thegem-custom-6436bfb24f68a4231 vc_col-has-fill\">\n<div class=\"vc_column-inner thegem-custom-inner-6436bfb24f68b vc_custom_1677246552221\">\n<div class=\"wpb_wrapper thegem-custom-6436bfb24f68a4231\">\n<div class=\"wpb_text_column wpb_content_element vc_custom_1677768201786 thegem-vc-text thegem-custom-6436bfb24f7969760\">\n<div class=\"wpb_wrapper\">\n<h1>LEISTUNG UND ABMESSUNGEN<\/h1>\n<\/div>\n<\/div>\n<\/div>\n<\/div>\n<\/div>\n<\/div>\n<div class=\"vc_row wpb_row vc_inner vc_row-fluid thegem-custom-6436bfb24f8ab6447 custom-inner-column-6436bfb24f8af\">\n<div class=\"wpb_column vc_column_container vc_col-sm-6 thegem-custom-6436bfb24f9c26693\">\n<div class=\"vc_column-inner thegem-custom-inner-6436bfb24f9c3 \">\n<div class=\"wpb_wrapper thegem-custom-6436bfb24f9c26693\"><\/div>\n<\/div>\n<\/div>\n<\/div>\n<\/div>\n<\/div>\n<\/div>\n<\/div>\n<\/div>\n<\/div>\n<\/div>\n<\/div>\n<\/div>\n<\/div>\n<\/div>\n<\/div>\n<p>[\/vc_column_text][\/vc_column_inner][\/vc_row_inner][vc_row_inner][vc_column_inner width=&#8220;1\/2&#8243;][vc_gallery interval=&#8220;3&#8243; images=&#8220;37064,37123,37129,37058,37082,37100,37112,37088,37076,37070,37047&#8243; img_size=&#8220;500&#215;500&#8243;][\/vc_column_inner][vc_column_inner width=&#8220;1\/2&#8243;][vc_column_text]<\/p>\n<h1><span style=\"color: #808080;\">S<\/span><span style=\"color: #ff0000;\">15<\/span><span style=\"color: #808080;\">F<\/span><\/h1>\n<p>[\/vc_column_text][vc_column_text]<\/p>\n<h4>Hauptmerkmale<\/h4>\n<p>[\/vc_column_text][vc_column_text]<\/p>\n<p class=\"p1\">Geometrische Plattform ohne Reichweitenbegrenzer, mit einem Pantographen und einfach ausfahrbarem Teleskopausleger plus Jib. Sie bietet eine hervorragende Leistung bei allen Arten von Arbeiten, dank eines kompakten Abst\u00fctzbereichs, der auch auf schwierigstem Untergrund f\u00fcr maximale Stabilit\u00e4t sorgt.<\/p>\n<p>[\/vc_column_text][\/vc_column_inner][\/vc_row_inner][vc_row_inner][vc_column_inner][vc_separator border_width=&#8220;8&#8243;][\/vc_column_inner][\/vc_row_inner][vc_row_inner][vc_column_inner width=&#8220;1\/4&#8243;][vc_btn title=&#8220;VORTEILE&#8220; style=&#8220;custom&#8220; custom_background=&#8220;#da0e18&#8243; custom_text=&#8220;#ffffff&#8220; align=&#8220;center&#8220; button_block=&#8220;true&#8220; css=&#8220;.vc_custom_1687270601615{padding-right: 10px !important;padding-left: 10px !important;}&#8220; link=&#8220;url:https%3A%2F%2Fwww.brochure.cmclift.com%2Fde%2Ff-brochure-benefit%2F|title:F%20BROCHURE%20%E2%80%93%20Benefit&#8220;][\/vc_column_inner][vc_column_inner width=&#8220;1\/4&#8243;][vc_btn title=&#8220;ANWENDUNGEN&#8220; style=&#8220;custom&#8220; custom_background=&#8220;#da0e18&#8243; custom_text=&#8220;#ffffff&#8220; align=&#8220;center&#8220; button_block=&#8220;true&#8220; css=&#8220;.vc_custom_1687270574527{padding-right: 10px !important;padding-left: 10px !important;}&#8220; link=&#8220;url:https%3A%2F%2Fwww.brochure.cmclift.com%2Fde%2Ff-brochure-applications%2F|title:F%20BROCHURE%20%E2%80%93%20Applications&#8220;][\/vc_column_inner][vc_column_inner width=&#8220;1\/4&#8243;][vc_btn title=&#8220;RENDERT&#8220; style=&#8220;custom&#8220; custom_background=&#8220;#da0e18&#8243; custom_text=&#8220;#ffffff&#8220; align=&#8220;center&#8220; button_block=&#8220;true&#8220; css=&#8220;.vc_custom_1687270527516{padding-right: 10px !important;padding-left: 10px !important;}&#8220; link=&#8220;url:https%3A%2F%2Fwww.brochure.cmclift.com%2Fde%2Frender-s15f%2F|title:D%20BROCHURE%20%E2%80%93%20Render%20S15F&#8220;][\/vc_column_inner][vc_column_inner width=&#8220;1\/4&#8243;][vc_btn title=&#8220;OPTIONEN&#8220; style=&#8220;custom&#8220; custom_background=&#8220;#da0e18&#8243; custom_text=&#8220;#ffffff&#8220; align=&#8220;center&#8220; button_block=&#8220;true&#8220; css=&#8220;.vc_custom_1687417058066{border-left-width: 15px !important;padding-right: 15px !important;padding-left: 15px !important;}&#8220; link=&#8220;url:https%3A%2F%2Fwww.brochure.cmclift.com%2Fde%2Ffeatures-f%2F|title:DP%20BROCHURE%20%E2%80%93%20Features%20DP&#8220;][\/vc_column_inner][\/vc_row_inner][vc_row_inner][vc_column_inner][vc_separator border_width=&#8220;8&#8243;][\/vc_column_inner][\/vc_row_inner][vc_row_inner][vc_column_inner]<div class=\"gem-table  gem-table-style-1\"><table style=\"width: 100%;\">\n<tbody>\n<tr>\n<td><img decoding=\"async\" class=\"wp-image-30667 alignnone\" src=\"https:\/\/www.brochure.cmclift.com\/wp-content\/uploads\/2023\/02\/CMC_Max-working-height.jpg\" alt=\"\" width=\"50\" height=\"50\" srcset=\"https:\/\/www.brochure.cmclift.com\/wp-content\/uploads\/2023\/02\/CMC_Max-working-height.jpg 216w, https:\/\/www.brochure.cmclift.com\/wp-content\/uploads\/2023\/02\/CMC_Max-working-height-150x150.jpg 150w\" sizes=\"(max-width: 50px) 100vw, 50px\" \/><\/td>\n<td style=\"text-align: left;\">Max. Arbeitsh\u00f6he<\/td>\n<td style=\"text-align: left;\"><strong>14,8m<\/strong><\/td>\n<\/tr>\n<tr>\n<td><img decoding=\"async\" class=\"wp-image-30637 alignnone\" src=\"https:\/\/www.brochure.cmclift.com\/wp-content\/uploads\/2023\/02\/CMC_-max-outreach.jpg\" alt=\"\" width=\"50\" height=\"50\" srcset=\"https:\/\/www.brochure.cmclift.com\/wp-content\/uploads\/2023\/02\/CMC_-max-outreach.jpg 215w, https:\/\/www.brochure.cmclift.com\/wp-content\/uploads\/2023\/02\/CMC_-max-outreach-150x150.jpg 150w\" sizes=\"(max-width: 50px) 100vw, 50px\" \/><\/td>\n<td style=\"text-align: left;\">Max. Reichweite<\/td>\n<td style=\"text-align: left;\"><strong>8,7m<\/strong><\/td>\n<\/tr>\n<tr>\n<td><img decoding=\"async\" class=\"wp-image-30673 alignnone\" src=\"https:\/\/www.brochure.cmclift.com\/wp-content\/uploads\/2023\/02\/CMC_platform-height.jpg\" alt=\"\" width=\"50\" height=\"50\" srcset=\"https:\/\/www.brochure.cmclift.com\/wp-content\/uploads\/2023\/02\/CMC_platform-height.jpg 216w, https:\/\/www.brochure.cmclift.com\/wp-content\/uploads\/2023\/02\/CMC_platform-height-150x150.jpg 150w\" sizes=\"(max-width: 50px) 100vw, 50px\" \/><\/td>\n<td style=\"text-align: left;\">Plattformh\u00f6he<\/td>\n<td style=\"text-align: left;\"><strong>12,9m<\/strong><\/td>\n<\/tr>\n<tr>\n<td><img decoding=\"async\" class=\"wp-image-30655 alignnone\" src=\"https:\/\/www.brochure.cmclift.com\/wp-content\/uploads\/2023\/02\/CMC_max-load-in-basket.jpg\" alt=\"\" width=\"50\" height=\"50\" srcset=\"https:\/\/www.brochure.cmclift.com\/wp-content\/uploads\/2023\/02\/CMC_max-load-in-basket.jpg 215w, https:\/\/www.brochure.cmclift.com\/wp-content\/uploads\/2023\/02\/CMC_max-load-in-basket-150x150.jpg 150w\" sizes=\"(max-width: 50px) 100vw, 50px\" \/><\/td>\n<td style=\"text-align: left;\">Max. Korblast<\/td>\n<td style=\"text-align: left;\"><strong>200kg<\/strong><\/td>\n<\/tr>\n<tr>\n<td><img decoding=\"async\" class=\"wp-image-30643 alignnone\" src=\"https:\/\/www.brochure.cmclift.com\/wp-content\/uploads\/2023\/02\/CMC_basket-dimension.jpg\" alt=\"\" width=\"50\" height=\"50\" srcset=\"https:\/\/www.brochure.cmclift.com\/wp-content\/uploads\/2023\/02\/CMC_basket-dimension.jpg 215w, https:\/\/www.brochure.cmclift.com\/wp-content\/uploads\/2023\/02\/CMC_basket-dimension-150x150.jpg 150w\" sizes=\"(max-width: 50px) 100vw, 50px\" \/><\/td>\n<td style=\"text-align: left;\">Korbabmessungen<\/td>\n<td style=\"text-align: left;\"><strong>1,4&#215;0,7&#215;1,1m<\/strong><\/td>\n<\/tr>\n<tr>\n<td><img decoding=\"async\" class=\"wp-image-30649 alignnone\" src=\"https:\/\/www.brochure.cmclift.com\/wp-content\/uploads\/2023\/02\/CMC_basket-rotation.jpg\" alt=\"\" width=\"50\" height=\"50\" srcset=\"https:\/\/www.brochure.cmclift.com\/wp-content\/uploads\/2023\/02\/CMC_basket-rotation.jpg 216w, https:\/\/www.brochure.cmclift.com\/wp-content\/uploads\/2023\/02\/CMC_basket-rotation-150x150.jpg 150w\" sizes=\"(max-width: 50px) 100vw, 50px\" \/><\/td>\n<td style=\"text-align: left;\">Korbdrehung<\/td>\n<td style=\"text-align: left;\"><strong>+\/-90\u00b0<\/strong><\/td>\n<\/tr>\n<tr>\n<td><img decoding=\"async\" class=\"alignleft wp-image-30685\" src=\"https:\/\/www.brochure.cmclift.com\/wp-content\/uploads\/2023\/02\/CMC_turret-rotation.jpg\" alt=\"\" width=\"50\" height=\"50\" srcset=\"https:\/\/www.brochure.cmclift.com\/wp-content\/uploads\/2023\/02\/CMC_turret-rotation.jpg 216w, https:\/\/www.brochure.cmclift.com\/wp-content\/uploads\/2023\/02\/CMC_turret-rotation-150x150.jpg 150w\" sizes=\"(max-width: 50px) 100vw, 50px\" \/><\/td>\n<td style=\"text-align: left;\">Schwenkbereich<\/td>\n<td style=\"text-align: left;\"><strong>+\/-178\u00b0<br \/>\n<\/strong><strong>(356\u00b0 nicht kontinuierlich)<\/strong><\/td>\n<\/tr>\n<tr>\n<td><img decoding=\"async\" class=\"alignnone wp-image-30679\" src=\"https:\/\/www.brochure.cmclift.com\/wp-content\/uploads\/2023\/02\/CMC_platform-weight.jpg\" alt=\"\" width=\"50\" height=\"50\" srcset=\"https:\/\/www.brochure.cmclift.com\/wp-content\/uploads\/2023\/02\/CMC_platform-weight.jpg 215w, https:\/\/www.brochure.cmclift.com\/wp-content\/uploads\/2023\/02\/CMC_platform-weight-150x150.jpg 150w\" sizes=\"(max-width: 50px) 100vw, 50px\" \/><\/td>\n<td style=\"text-align: left;\">Gesamtgewicht<\/td>\n<td style=\"text-align: left;\"><strong>2378kg<\/strong><\/td>\n<\/tr>\n<\/tbody>\n<\/table>\n<\/div>[\/vc_column_inner][\/vc_row_inner][vc_row_inner][vc_column_inner][vc_separator border_width=&#8220;8&#8243;][\/vc_column_inner][\/vc_row_inner][\/vc_column][\/vc_row]<\/p>\n<\/section>","protected":false},"excerpt":{"rendered":"<p>[vc_row][vc_column][vc_empty_space height=&#8220;100&#8243;][\/vc_column][\/vc_row][vc_row css=&#8220;.vc_custom_1677246539767{background-color: #ffffff !important;}&#8220;][vc_column][vc_row_inner][vc_column_inner css=&#8220;.vc_custom_1677246552221{background-color: #ffffff !important;}&#8220;][vc_column_text css=&#8220;.vc_custom_1681309628264{background-color: #ffffff !important;}&#8220;] LEISTUNG UND ABMESSUNGEN [\/vc_column_text][\/vc_column_inner][\/vc_row_inner][vc_row_inner][vc_column_inner width=&#8220;1\/2&#8243;][vc_gallery interval=&#8220;3&#8243; images=&#8220;37064,37123,37129,37058,37082,37100,37112,37088,37076,37070,37047&#8243; img_size=&#8220;500&#215;500&#8243;][\/vc_column_inner][vc_column_inner width=&#8220;1\/2&#8243;][vc_column_text]&#8230;<\/p>\n","protected":false},"author":13,"featured_media":0,"parent":0,"menu_order":0,"comment_status":"closed","ping_status":"closed","template":"","meta":{"footnotes":""},"class_list":["post-33067","page","type-page","status-publish"],"_links":{"self":[{"href":"https:\/\/www.brochure.cmclift.com\/de\/wp-json\/wp\/v2\/pages\/33067","targetHints":{"allow":["GET"]}}],"collection":[{"href":"https:\/\/www.brochure.cmclift.com\/de\/wp-json\/wp\/v2\/pages"}],"about":[{"href":"https:\/\/www.brochure.cmclift.com\/de\/wp-json\/wp\/v2\/types\/page"}],"author":[{"embeddable":true,"href":"https:\/\/www.brochure.cmclift.com\/de\/wp-json\/wp\/v2\/users\/13"}],"replies":[{"embeddable":true,"href":"https:\/\/www.brochure.cmclift.com\/de\/wp-json\/wp\/v2\/comments?post=33067"}],"version-history":[{"count":12,"href":"https:\/\/www.brochure.cmclift.com\/de\/wp-json\/wp\/v2\/pages\/33067\/revisions"}],"predecessor-version":[{"id":37134,"href":"https:\/\/www.brochure.cmclift.com\/de\/wp-json\/wp\/v2\/pages\/33067\/revisions\/37134"}],"wp:attachment":[{"href":"https:\/\/www.brochure.cmclift.com\/de\/wp-json\/wp\/v2\/media?parent=33067"}],"curies":[{"name":"wp","href":"https:\/\/api.w.org\/{rel}","templated":true}]}}