{"id":33172,"date":"2023-04-13T09:48:26","date_gmt":"2023-04-13T07:48:26","guid":{"rendered":"https:\/\/www.brochure.cmclift.com\/?page_id=33172"},"modified":"2023-07-03T12:40:06","modified_gmt":"2023-07-03T10:40:06","slug":"f-brochure-benefit","status":"publish","type":"page","link":"https:\/\/www.brochure.cmclift.com\/de\/f-brochure-benefit\/","title":{"rendered":"F BROCHURE &#8211; Benefit"},"content":{"rendered":"<section class=\"wpb-content-wrapper\"><p>[vc_row][vc_column][vc_row_inner][vc_column_inner][vc_empty_space height=&#8220;100&#8243;][\/vc_column_inner][\/vc_row_inner][\/vc_column][\/vc_row][vc_row][vc_column][vc_column_text]<\/p>\n<div id=\"vc_row-6437b025d1f19\" class=\"vc_row wpb_row vc_row-fluid thegem-custom-6437b025d1f138377\">\n<div class=\"wpb_column vc_column_container vc_col-sm-12 thegem-custom-6437b025d20265351\">\n<div class=\"vc_column-inner thegem-custom-inner-6437b025d2027 \">\n<div class=\"wpb_wrapper thegem-custom-6437b025d20265351\">\n<div class=\"wpb_text_column wpb_content_element thegem-vc-text thegem-custom-6437b025d20fb4883\">\n<div class=\"wpb_wrapper\">\n<div id=\"vc_row-6437b0b4b6c52\" class=\"vc_row wpb_row vc_row-fluid thegem-custom-6437b0b4b6c4c3049\">\n<div class=\"wpb_column vc_column_container vc_col-sm-12 thegem-custom-6437b0b4b6d534460\">\n<div class=\"vc_column-inner thegem-custom-inner-6437b0b4b6d54 \">\n<div class=\"wpb_wrapper thegem-custom-6437b0b4b6d534460\">\n<div class=\"wpb_text_column wpb_content_element thegem-vc-text thegem-custom-6437b0b4b6e449691\">\n<div class=\"wpb_wrapper\">\n<h1>VORTEILE<\/h1>\n<\/div>\n<\/div>\n<\/div>\n<\/div>\n<\/div>\n<\/div>\n<\/div>\n<\/div>\n<\/div>\n<\/div>\n<\/div>\n<\/div>\n<p>[\/vc_column_text][\/vc_column][\/vc_row][vc_row][vc_column][vc_row_inner][vc_column_inner width=&#8220;1\/2&#8243;][vc_single_image image=&#8220;33147&#8243; img_size=&#8220;500&#215;500&#8243;][\/vc_column_inner][vc_column_inner width=&#8220;1\/2&#8243;][vc_column_text css=&#8220;.vc_custom_1681371993252{border-left-width: 10px !important;}&#8220;]<\/p>\n<div id=\"vc_row-6437b0b4b6c52\" class=\"vc_row wpb_row vc_row-fluid thegem-custom-6437b0b4b6c4c3049\">\n<div class=\"wpb_column vc_column_container vc_col-sm-12 thegem-custom-6437b0b4b6d534460\">\n<div class=\"vc_column-inner thegem-custom-inner-6437b0b4b6d54 \">\n<div class=\"wpb_wrapper thegem-custom-6437b0b4b6d534460\">\n<div class=\"wpb_text_column wpb_content_element thegem-vc-text thegem-custom-6437b0b4b6e449691\">\n<div class=\"wpb_wrapper\">\n<h4 class=\"p1\"><b>Einfacher Transport<\/b><\/h4>\n<\/div>\n<\/div>\n<\/div>\n<\/div>\n<\/div>\n<\/div>\n<p>[\/vc_column_text][vc_column_text]<\/p>\n<p class=\"p1\">Durch ihr geringes Gewicht k\u00f6nnen die Arbeitsb\u00fchnen der CMC F-Serie auf Anh\u00e4nger verladen und problemlos \u00fcberall hin transportiert werden.<\/p>\n<p>[\/vc_column_text][\/vc_column_inner][\/vc_row_inner][vc_separator color=&#8220;white&#8220;][vc_row_inner][vc_column_inner width=&#8220;1\/2&#8243;][vc_single_image image=&#8220;33154&#8243; img_size=&#8220;500&#215;500&#8243;][\/vc_column_inner][vc_column_inner width=&#8220;1\/2&#8243;][vc_column_text css=&#8220;.vc_custom_1681372015336{border-left-width: 10px !important;}&#8220;]<\/p>\n<div class=\"wpb_text_column wpb_content_element vc_custom_1677757855066 thegem-vc-text thegem-custom-6437b0b4d3c2c7780\">\n<div class=\"wpb_wrapper\">\n<h4 class=\"p1\"><b>Vielseitigkeit im Einsatz<\/b><\/h4>\n<\/div>\n<\/div>\n<p>[\/vc_column_text][vc_column_text]<\/p>\n<p class=\"p1\">Das vollhydraulische System der CMC-B\u00fchnen der F-Serie macht sie nicht nur leicht zu bedienen, sondern auch einfach zu warten, was sie im Laufe der Zeit besonders widerstandsf\u00e4hig macht.<\/p>\n<p>[\/vc_column_text][\/vc_column_inner][\/vc_row_inner][vc_separator color=&#8220;white&#8220;][vc_row_inner][vc_column_inner width=&#8220;1\/2&#8243;][vc_single_image image=&#8220;33160&#8243; img_size=&#8220;500&#215;500&#8243;][\/vc_column_inner][vc_column_inner width=&#8220;1\/2&#8243;][vc_column_text css=&#8220;.vc_custom_1681372037564{border-left-width: 10px !important;}&#8220;]<\/p>\n<div class=\"wpb_text_column wpb_content_element vc_custom_1677757874707 thegem-vc-text thegem-custom-6437b0b4dbdb75123\">\n<div class=\"wpb_wrapper\">\n<h4 class=\"p1\"><b>Leichte Bedienbarkeit<\/b><\/h4>\n<\/div>\n<\/div>\n<p>[\/vc_column_text][vc_column_text]<\/p>\n<p class=\"p1\">Das hydraulische Proportionalsteuersystem ist einfach und intuitiv zu bedienen, so dass die Arbeitsb\u00fchnen der CMC F-Serie von allen Benutzertypen richtig eingesetzt werden k\u00f6nnen. Die Man\u00f6vrierf\u00e4higkeit wird auch durch die M\u00f6glichkeit verbessert, den Teleskoparm bei geschlossenem Korbarm zu bedienen.<\/p>\n<p>[\/vc_column_text][\/vc_column_inner][\/vc_row_inner][\/vc_column][\/vc_row][vc_row][vc_column][vc_separator border_width=&#8220;8&#8243;][\/vc_column][\/vc_row][vc_row][vc_column width=&#8220;1\/4&#8243;][vc_btn title=&#8220;ANWENDUNGEN&#8220; style=&#8220;custom&#8220; custom_background=&#8220;#da0e18&#8243; custom_text=&#8220;#ffffff&#8220; align=&#8220;center&#8220; button_block=&#8220;true&#8220; link=&#8220;url:https%3A%2F%2Fwww.brochure.cmclift.com%2Fde%2Ff-brochure-applications%2F|title:F%20BROCHURE%20%E2%80%93%20Applications&#8220;][\/vc_column][vc_column width=&#8220;1\/4&#8243;][vc_btn title=&#8220;OPTIONEN&#8220; style=&#8220;custom&#8220; custom_background=&#8220;#da0e18&#8243; custom_text=&#8220;#ffffff&#8220; align=&#8220;center&#8220; button_block=&#8220;true&#8220; link=&#8220;url:https%3A%2F%2Fwww.brochure.cmclift.com%2Fde%2Ffeatures-f%2F|title:Features%20F&#8220;][\/vc_column][vc_column width=&#8220;1\/4&#8243;][vc_btn title=&#8220;DP-SERIES&#8220; style=&#8220;custom&#8220; custom_background=&#8220;#da0e18&#8243; custom_text=&#8220;#ffffff&#8220; align=&#8220;center&#8220; button_block=&#8220;true&#8220; link=&#8220;url:https%3A%2F%2Fwww.brochure.cmclift.com%2Fde%2Ff-brochure%2F|title:F%20BROCHURE&#8220;][\/vc_column][vc_column width=&#8220;1\/4&#8243;][vc_btn title=&#8220;MODELLE&#8220; style=&#8220;custom&#8220; custom_background=&#8220;#da0e18&#8243; custom_text=&#8220;#ffffff&#8220; align=&#8220;center&#8220; button_block=&#8220;true&#8220; link=&#8220;url:https%3A%2F%2Fwww.brochure.cmclift.com%2Fde%2Ff-brochure-models%2F|title:F%20BROCHURE%20%E2%80%93%20Models&#8220;][\/vc_column][\/vc_row][vc_row][vc_column][vc_separator border_width=&#8220;8&#8243;][\/vc_column][\/vc_row]<\/p>\n<\/section>","protected":false},"excerpt":{"rendered":"<p>[vc_row][vc_column][vc_row_inner][vc_column_inner][vc_empty_space height=&#8220;100&#8243;][\/vc_column_inner][\/vc_row_inner][\/vc_column][\/vc_row][vc_row][vc_column][vc_column_text] VORTEILE [\/vc_column_text][\/vc_column][\/vc_row][vc_row][vc_column][vc_row_inner][vc_column_inner width=&#8220;1\/2&#8243;][vc_single_image image=&#8220;33147&#8243; img_size=&#8220;500&#215;500&#8243;][\/vc_column_inner][vc_column_inner width=&#8220;1\/2&#8243;][vc_column_text css=&#8220;.vc_custom_1681371993252{border-left-width: 10px !important;}&#8220;] Einfacher Transport [\/vc_column_text][vc_column_text] Durch ihr geringes Gewicht k\u00f6nnen die&#8230;<\/p>\n","protected":false},"author":13,"featured_media":0,"parent":0,"menu_order":0,"comment_status":"closed","ping_status":"closed","template":"","meta":{"footnotes":""},"class_list":["post-33172","page","type-page","status-publish"],"_links":{"self":[{"href":"https:\/\/www.brochure.cmclift.com\/de\/wp-json\/wp\/v2\/pages\/33172","targetHints":{"allow":["GET"]}}],"collection":[{"href":"https:\/\/www.brochure.cmclift.com\/de\/wp-json\/wp\/v2\/pages"}],"about":[{"href":"https:\/\/www.brochure.cmclift.com\/de\/wp-json\/wp\/v2\/types\/page"}],"author":[{"embeddable":true,"href":"https:\/\/www.brochure.cmclift.com\/de\/wp-json\/wp\/v2\/users\/13"}],"replies":[{"embeddable":true,"href":"https:\/\/www.brochure.cmclift.com\/de\/wp-json\/wp\/v2\/comments?post=33172"}],"version-history":[{"count":10,"href":"https:\/\/www.brochure.cmclift.com\/de\/wp-json\/wp\/v2\/pages\/33172\/revisions"}],"predecessor-version":[{"id":36780,"href":"https:\/\/www.brochure.cmclift.com\/de\/wp-json\/wp\/v2\/pages\/33172\/revisions\/36780"}],"wp:attachment":[{"href":"https:\/\/www.brochure.cmclift.com\/de\/wp-json\/wp\/v2\/media?parent=33172"}],"curies":[{"name":"wp","href":"https:\/\/api.w.org\/{rel}","templated":true}]}}