{"id":33893,"date":"2023-04-21T10:59:50","date_gmt":"2023-04-21T08:59:50","guid":{"rendered":"https:\/\/www.brochure.cmclift.com\/?page_id=33893"},"modified":"2023-06-21T16:13:38","modified_gmt":"2023-06-21T14:13:38","slug":"hd-brochure","status":"publish","type":"page","link":"https:\/\/www.brochure.cmclift.com\/de\/hd-brochure\/","title":{"rendered":"HD BROCHURE"},"content":{"rendered":"<section class=\"wpb-content-wrapper\"><p>[vc_row full_width=&#8220;stretch_row&#8220; full_height=&#8220;yes&#8220; columns_placement=&#8220;stretch&#8220; content_placement=&#8220;middle&#8220; background_position_desktop=&#8220;center center&#8220; css_animation=&#8220;none&#8220; thegem_featured_image_for_bg_active=&#8220;true&#8220; css=&#8220;.vc_custom_1677236722169{background-position: center !important;background-repeat: no-repeat !important;background-size: cover !important;}&#8220;][vc_column css=&#8220;.vc_custom_1686748863341{background-image: url(https:\/\/www.brochure.cmclift.com\/wp-content\/uploads\/2023\/06\/background-7-scaled.jpg?id=35838) !important;background-position: center !important;background-repeat: no-repeat !important;background-size: cover !important;}&#8220;][vc_column_text el_class=&#8220;white&#8220;]<\/p>\n<h1 class=\"p1\" style=\"text-align: center;\">HD SERIE<\/h1>\n<h4 style=\"text-align: center;\">HEAVY DUTY<\/h4>\n<p>[\/vc_column_text][\/vc_column][\/vc_row][vc_row][vc_column]<div class=\"thegem-te-heading thegem-custom-69e21a6d576f17842\" ><h1 id=\"thegem-heading-69e21a6d576cd\" class=\"thegem-heading\" style=\"text-align: left;\" ><span class=\"colored\" style=\"color: #54606b;\">HD SERIE<\/span><\/h1><style type=\"text\/css\">#thegem-heading-69e21a6d576cd {margin: 0;}#thegem-heading-69e21a6d576cd a:hover, #thegem-heading-69e21a6d576cd a:hover span.colored {color: var(--thegem-to-menu-level1-color-hover, #00BCD4) !important;}<\/style><\/div><style>@media screen and (max-width: 1023px) {.thegem-te-heading.thegem-custom-69e21a6d576f17842{display: block!important;}}@media screen and (max-width: 767px) {.thegem-te-heading.thegem-custom-69e21a6d576f17842{display: block!important;}}@media screen and (max-width: 1023px) {.thegem-te-heading.thegem-custom-69e21a6d576f17842{position: relative !important;}}@media screen and (max-width: 767px) {.thegem-te-heading.thegem-custom-69e21a6d576f17842{position: relative !important;}}<\/style><div class=\"thegem-te-heading thegem-custom-69e21a6d577bf6995\" ><h4 id=\"thegem-heading-69e21a6d577a5\" class=\"thegem-heading\" style=\"text-align: left;\" ><span class=\"colored\" style=\"color: #54606b;\">HEAVY DUTY<\/span><\/h4><style type=\"text\/css\">#thegem-heading-69e21a6d577a5 {margin: 0;}#thegem-heading-69e21a6d577a5 a:hover, #thegem-heading-69e21a6d577a5 a:hover span.colored {color: var(--thegem-to-menu-level1-color-hover, #00BCD4) !important;}<\/style><\/div><style>@media screen and (max-width: 1023px) {.thegem-te-heading.thegem-custom-69e21a6d577bf6995{display: block!important;}}@media screen and (max-width: 767px) {.thegem-te-heading.thegem-custom-69e21a6d577bf6995{display: block!important;}}@media screen and (max-width: 1023px) {.thegem-te-heading.thegem-custom-69e21a6d577bf6995{position: relative !important;}}@media screen and (max-width: 767px) {.thegem-te-heading.thegem-custom-69e21a6d577bf6995{position: relative !important;}}<\/style>[vc_empty_space][vc_column_text]<\/p>\n<p class=\"p1\">Zwei Arbeitsbu\u0308hnen fu\u0308r h\u00e4rteste Eins\u00e4tze, die die gro\u00dfe St\u00e4rke des Unterwagens mit der maximalen Wendigkeit des Hubgeru\u0308sts verbinden, mit Singlepantograph und Teleskoparm ausgeru\u0308stet.<\/p>\n<p class=\"p1\">Dank ihrer kompakten Bauweise, langen Reichweite und knickgelenkten Abstu\u0308tzen mit hoher Nivellierf\u00e4higkeit sind die Plattformen der HD-Serie &#8211; mit maximalen Arbeitsh\u00f6hen zwischen 19 und 22 m &#8211; die unbestrittenen Spitzenreiter bei Arbeiten unter extremen Bedingungen. Sie sind in der Lage, unter allen Bedingungen und auf jedem Terrain zu arbeiten und dabei ein Maximum an Effizienz und Sicherheit zu gew\u00e4hrleisten, auch dank des Self Control Systems von CMC, einem elektronischen System, das die meisten Steuerungs- und Abstu\u0308tzungsvorg\u00e4nge automatisch durchfu\u0308hrt.<\/p>\n<p>[\/vc_column_text][\/vc_column][\/vc_row][vc_row][vc_column width=&#8220;1\/2&#8243; css=&#8220;.vc_custom_1676988586107{padding-top: 0px !important;padding-bottom: 0px !important;}&#8220;][vc_single_image image=&#8220;33831&#8243; img_size=&#8220;full&#8220; alignment=&#8220;center&#8220; style=&#8220;vc_box_rounded&#8220; onclick=&#8220;custom_link&#8220; link=&#8220;https:\/\/www.brochure.cmclift.com\/de\/performance-s19hd\/&#8220;][\/vc_column][vc_column width=&#8220;1\/2&#8243;][vc_single_image image=&#8220;33861&#8243; img_size=&#8220;full&#8220; alignment=&#8220;center&#8220; style=&#8220;vc_box_rounded&#8220; onclick=&#8220;custom_link&#8220; link=&#8220;https:\/\/www.brochure.cmclift.com\/de\/performance-s22hd\/&#8220;][\/vc_column][\/vc_row][vc_row][vc_column][vc_empty_space][\/vc_column][\/vc_row][vc_row][vc_column][vc_separator border_width=&#8220;8&#8243;][\/vc_column][\/vc_row][vc_row][vc_column width=&#8220;1\/3&#8243;][vc_btn title=&#8220;VORTEILE&#8220; style=&#8220;custom&#8220; custom_background=&#8220;#da0e18&#8243; custom_text=&#8220;#ffffff&#8220; align=&#8220;center&#8220; button_block=&#8220;true&#8220; link=&#8220;url:https%3A%2F%2Fwww.brochure.cmclift.com%2Fde%2Fhd-brochure-benefit%2F|title:Performance%20S22HD&#8220;][\/vc_column][vc_column width=&#8220;1\/3&#8243;][vc_btn title=&#8220;OPTIONEN&#8220; style=&#8220;custom&#8220; custom_background=&#8220;#da0e18&#8243; custom_text=&#8220;#ffffff&#8220; align=&#8220;center&#8220; button_block=&#8220;true&#8220; link=&#8220;url:https%3A%2F%2Fwww.brochure.cmclift.com%2Fde%2Ffeatures-hd%2F|title:Features%20HD&#8220;][\/vc_column][vc_column width=&#8220;1\/3&#8243;][vc_btn title=&#8220;ANWENDUNGEN&#8220; style=&#8220;custom&#8220; custom_background=&#8220;#da0e18&#8243; custom_text=&#8220;#ffffff&#8220; align=&#8220;center&#8220; button_block=&#8220;true&#8220; link=&#8220;url:https%3A%2F%2Fwww.brochure.cmclift.com%2Fde%2Fhd-brochure-applications%2F|title:HD%20BROCHURE%20%E2%80%93%20Applications&#8220;][\/vc_column][\/vc_row][vc_row][vc_column][vc_separator border_width=&#8220;8&#8243;][\/vc_column][\/vc_row][vc_row][vc_column][vc_empty_space height=&#8220;100&#8243;][\/vc_column][\/vc_row]<\/p>\n<\/section>","protected":false},"excerpt":{"rendered":"<p>[vc_row full_width=&#8220;stretch_row&#8220; full_height=&#8220;yes&#8220; columns_placement=&#8220;stretch&#8220; content_placement=&#8220;middle&#8220; background_position_desktop=&#8220;center center&#8220; css_animation=&#8220;none&#8220; thegem_featured_image_for_bg_active=&#8220;true&#8220; css=&#8220;.vc_custom_1677236722169{background-position: center !important;background-repeat: no-repeat !important;background-size: cover !important;}&#8220;][vc_column css=&#8220;.vc_custom_1686748863341{background-image: url(https:\/\/www.brochure.cmclift.com\/wp-content\/uploads\/2023\/06\/background-7-scaled.jpg?id=35838) !important;background-position: center&#8230;<\/p>\n","protected":false},"author":13,"featured_media":0,"parent":0,"menu_order":0,"comment_status":"closed","ping_status":"closed","template":"","meta":{"footnotes":""},"class_list":["post-33893","page","type-page","status-publish"],"_links":{"self":[{"href":"https:\/\/www.brochure.cmclift.com\/de\/wp-json\/wp\/v2\/pages\/33893","targetHints":{"allow":["GET"]}}],"collection":[{"href":"https:\/\/www.brochure.cmclift.com\/de\/wp-json\/wp\/v2\/pages"}],"about":[{"href":"https:\/\/www.brochure.cmclift.com\/de\/wp-json\/wp\/v2\/types\/page"}],"author":[{"embeddable":true,"href":"https:\/\/www.brochure.cmclift.com\/de\/wp-json\/wp\/v2\/users\/13"}],"replies":[{"embeddable":true,"href":"https:\/\/www.brochure.cmclift.com\/de\/wp-json\/wp\/v2\/comments?post=33893"}],"version-history":[{"count":7,"href":"https:\/\/www.brochure.cmclift.com\/de\/wp-json\/wp\/v2\/pages\/33893\/revisions"}],"predecessor-version":[{"id":36343,"href":"https:\/\/www.brochure.cmclift.com\/de\/wp-json\/wp\/v2\/pages\/33893\/revisions\/36343"}],"wp:attachment":[{"href":"https:\/\/www.brochure.cmclift.com\/de\/wp-json\/wp\/v2\/media?parent=33893"}],"curies":[{"name":"wp","href":"https:\/\/api.w.org\/{rel}","templated":true}]}}