{"id":34303,"date":"2023-05-03T10:36:13","date_gmt":"2023-05-03T08:36:13","guid":{"rendered":"https:\/\/www.brochure.cmclift.com\/?page_id=34303"},"modified":"2023-07-04T15:20:28","modified_gmt":"2023-07-04T13:20:28","slug":"performance-s22hd","status":"publish","type":"page","link":"https:\/\/www.brochure.cmclift.com\/de\/performance-s22hd\/","title":{"rendered":"Performance S22HD"},"content":{"rendered":"<section class=\"wpb-content-wrapper\"><p>[vc_row][vc_column][vc_empty_space height=&#8220;100&#8243;][\/vc_column][\/vc_row][vc_row css=&#8220;.vc_custom_1677246539767{background-color: #ffffff !important;}&#8220;][vc_column][vc_row_inner][vc_column_inner css=&#8220;.vc_custom_1677246552221{background-color: #ffffff !important;}&#8220;][vc_column_text css=&#8220;.vc_custom_1683102769939{background-color: #ffffff !important;}&#8220;]<\/p>\n<h1>LEISTUNG UND ABMESSUNGEN<\/h1>\n<p>[\/vc_column_text][\/vc_column_inner][\/vc_row_inner][vc_row_inner][vc_column_inner width=&#8220;1\/2&#8243;][vc_gallery interval=&#8220;3&#8243; images=&#8220;37553,37601,37595,37589,37583,37577,37571,37565,37559&#8243;][\/vc_column_inner][vc_column_inner width=&#8220;1\/2&#8243;][vc_column_text]<\/p>\n<h1><span style=\"color: #808080;\">S<\/span><span style=\"color: #ff0000;\">22<\/span><span style=\"color: #808080;\">HD<\/span><\/h1>\n<p>[\/vc_column_text][vc_column_text]<\/p>\n<h4>Hauptmerkmale<\/h4>\n<p>[\/vc_column_text][vc_column_text]<\/p>\n<p class=\"p1\">Eine Gelenkb\u00fchne mit einem Pantographen und einem zweistufigen Teleskoparm plus Korbarm. Diese Kombination, zusammen mit ihren Abst\u00fctzf\u00fc\u00dfen mit hoher Nivellierf\u00e4higkeit, drei Arbeitsbereichen und gro\u00dfer horizontaler Reichweite, macht sie ideal f\u00fcr alle Arbeiten im Freien, auch unter extremen Bedingungen.<\/p>\n<p>[\/vc_column_text][\/vc_column_inner][\/vc_row_inner][vc_row_inner][vc_column_inner][vc_separator border_width=&#8220;8&#8243;][\/vc_column_inner][\/vc_row_inner][vc_row_inner][vc_column_inner width=&#8220;1\/4&#8243;][vc_btn title=&#8220;VORTEILE&#8220; style=&#8220;custom&#8220; custom_background=&#8220;#da0e18&#8243; custom_text=&#8220;#ffffff&#8220; align=&#8220;center&#8220; button_block=&#8220;true&#8220; css=&#8220;.vc_custom_1687417504897{padding-right: 10px !important;padding-left: 10px !important;}&#8220; link=&#8220;url:https%3A%2F%2Fwww.brochure.cmclift.com%2Fde%2Fhd-brochure-benefit%2F|title:HD%20BROCHURE%20%E2%80%93%20Benefit&#8220;][\/vc_column_inner][vc_column_inner width=&#8220;1\/4&#8243;][vc_btn title=&#8220;ANWENDUNGEN&#8220; style=&#8220;custom&#8220; custom_background=&#8220;#da0e18&#8243; custom_text=&#8220;#ffffff&#8220; align=&#8220;center&#8220; button_block=&#8220;true&#8220; css=&#8220;.vc_custom_1687417487248{padding-right: 10px !important;padding-left: 10px !important;}&#8220; link=&#8220;url:https%3A%2F%2Fwww.brochure.cmclift.com%2Fde%2Fhd-brochure-applications%2F|title:HD%20BROCHURE%20%E2%80%93%20Applications&#8220;][\/vc_column_inner][vc_column_inner width=&#8220;1\/4&#8243;][vc_btn title=&#8220;RENDERT&#8220; style=&#8220;custom&#8220; custom_background=&#8220;#da0e18&#8243; custom_text=&#8220;#ffffff&#8220; align=&#8220;center&#8220; button_block=&#8220;true&#8220; css=&#8220;.vc_custom_1687417459619{padding-right: 10px !important;padding-left: 10px !important;}&#8220; link=&#8220;url:https%3A%2F%2Fwww.brochure.cmclift.com%2Fde%2Frender-s22hd%2F|title:Render%20S22HD&#8220;][\/vc_column_inner][vc_column_inner width=&#8220;1\/4&#8243;][vc_btn title=&#8220;OPTIONEN&#8220; style=&#8220;custom&#8220; custom_background=&#8220;#da0e18&#8243; custom_text=&#8220;#ffffff&#8220; align=&#8220;center&#8220; button_block=&#8220;true&#8220; css=&#8220;.vc_custom_1687417455401{border-left-width: 15px !important;padding-right: 15px !important;padding-left: 15px !important;}&#8220; link=&#8220;url:https%3A%2F%2Fwww.brochure.cmclift.com%2Fde%2Ffeatures-hd%2F|title:Features%20HD&#8220;][\/vc_column_inner][\/vc_row_inner][vc_row_inner][vc_column_inner][vc_separator border_width=&#8220;8&#8243;][\/vc_column_inner][\/vc_row_inner][vc_row_inner][vc_column_inner]<div class=\"gem-table  gem-table-style-1\"><table style=\"width: 100%;\">\n<tbody>\n<tr>\n<td><img decoding=\"async\" class=\"wp-image-30667 alignnone\" src=\"https:\/\/www.brochure.cmclift.com\/wp-content\/uploads\/2023\/02\/CMC_Max-working-height.jpg\" alt=\"\" width=\"50\" height=\"50\" srcset=\"https:\/\/www.brochure.cmclift.com\/wp-content\/uploads\/2023\/02\/CMC_Max-working-height.jpg 216w, https:\/\/www.brochure.cmclift.com\/wp-content\/uploads\/2023\/02\/CMC_Max-working-height-150x150.jpg 150w\" sizes=\"(max-width: 50px) 100vw, 50px\" \/><\/td>\n<td style=\"text-align: left;\">Max. Arbeitsh\u00f6he<\/td>\n<td style=\"text-align: left;\"><strong>21,6 m<\/strong><\/td>\n<\/tr>\n<tr>\n<td><img decoding=\"async\" class=\"wp-image-30637 alignnone\" src=\"https:\/\/www.brochure.cmclift.com\/wp-content\/uploads\/2023\/02\/CMC_-max-outreach.jpg\" alt=\"\" width=\"50\" height=\"50\" srcset=\"https:\/\/www.brochure.cmclift.com\/wp-content\/uploads\/2023\/02\/CMC_-max-outreach.jpg 215w, https:\/\/www.brochure.cmclift.com\/wp-content\/uploads\/2023\/02\/CMC_-max-outreach-150x150.jpg 150w\" sizes=\"(max-width: 50px) 100vw, 50px\" \/><\/td>\n<td style=\"text-align: left;\">Max. Reichweite<\/td>\n<td style=\"text-align: left;\"><strong>12,5 m<\/strong><\/td>\n<\/tr>\n<tr>\n<td><img decoding=\"async\" class=\"wp-image-30673 alignnone\" src=\"https:\/\/www.brochure.cmclift.com\/wp-content\/uploads\/2023\/02\/CMC_platform-height.jpg\" alt=\"\" width=\"50\" height=\"50\" srcset=\"https:\/\/www.brochure.cmclift.com\/wp-content\/uploads\/2023\/02\/CMC_platform-height.jpg 216w, https:\/\/www.brochure.cmclift.com\/wp-content\/uploads\/2023\/02\/CMC_platform-height-150x150.jpg 150w\" sizes=\"(max-width: 50px) 100vw, 50px\" \/><\/td>\n<td style=\"text-align: left;\">Plattformh\u00f6he<\/td>\n<td style=\"text-align: left;\"><strong>19,6 m<\/strong><\/td>\n<\/tr>\n<tr>\n<td><img decoding=\"async\" class=\"wp-image-30655 alignnone\" src=\"https:\/\/www.brochure.cmclift.com\/wp-content\/uploads\/2023\/02\/CMC_max-load-in-basket.jpg\" alt=\"\" width=\"50\" height=\"50\" srcset=\"https:\/\/www.brochure.cmclift.com\/wp-content\/uploads\/2023\/02\/CMC_max-load-in-basket.jpg 215w, https:\/\/www.brochure.cmclift.com\/wp-content\/uploads\/2023\/02\/CMC_max-load-in-basket-150x150.jpg 150w\" sizes=\"(max-width: 50px) 100vw, 50px\" \/><\/td>\n<td style=\"text-align: left;\">Max. Korblast<\/td>\n<td style=\"text-align: left;\"><strong>230 kg<\/strong><\/td>\n<\/tr>\n<tr>\n<td><img decoding=\"async\" class=\"wp-image-30643 alignnone\" src=\"https:\/\/www.brochure.cmclift.com\/wp-content\/uploads\/2023\/02\/CMC_basket-dimension.jpg\" alt=\"\" width=\"50\" height=\"50\" srcset=\"https:\/\/www.brochure.cmclift.com\/wp-content\/uploads\/2023\/02\/CMC_basket-dimension.jpg 215w, https:\/\/www.brochure.cmclift.com\/wp-content\/uploads\/2023\/02\/CMC_basket-dimension-150x150.jpg 150w\" sizes=\"(max-width: 50px) 100vw, 50px\" \/><\/td>\n<td style=\"text-align: left;\">Korbabmessungen<\/td>\n<td style=\"text-align: left;\"><strong>1,4&#215;0,7&#215;1,1m<\/strong><\/td>\n<\/tr>\n<tr>\n<td><img decoding=\"async\" class=\"wp-image-30649 alignnone\" src=\"https:\/\/www.brochure.cmclift.com\/wp-content\/uploads\/2023\/02\/CMC_basket-rotation.jpg\" alt=\"\" width=\"50\" height=\"50\" srcset=\"https:\/\/www.brochure.cmclift.com\/wp-content\/uploads\/2023\/02\/CMC_basket-rotation.jpg 216w, https:\/\/www.brochure.cmclift.com\/wp-content\/uploads\/2023\/02\/CMC_basket-rotation-150x150.jpg 150w\" sizes=\"(max-width: 50px) 100vw, 50px\" \/><\/td>\n<td style=\"text-align: left;\">Korbdrehung<\/td>\n<td style=\"text-align: left;\"><strong>+\/-90\u00b0 (optionen)<\/strong><\/td>\n<\/tr>\n<tr>\n<td><img decoding=\"async\" class=\"alignleft wp-image-30685\" src=\"https:\/\/www.brochure.cmclift.com\/wp-content\/uploads\/2023\/02\/CMC_turret-rotation.jpg\" alt=\"\" width=\"50\" height=\"50\" srcset=\"https:\/\/www.brochure.cmclift.com\/wp-content\/uploads\/2023\/02\/CMC_turret-rotation.jpg 216w, https:\/\/www.brochure.cmclift.com\/wp-content\/uploads\/2023\/02\/CMC_turret-rotation-150x150.jpg 150w\" sizes=\"(max-width: 50px) 100vw, 50px\" \/><\/td>\n<td style=\"text-align: left;\">Schwenkbereich<\/td>\n<td style=\"text-align: left;\"><strong>+\/- 355\u00b0<\/strong><br \/>\n<strong>(710\u00b0 kontinuierlich)<\/strong><\/td>\n<\/tr>\n<tr>\n<td><img decoding=\"async\" class=\"alignnone wp-image-30679\" src=\"https:\/\/www.brochure.cmclift.com\/wp-content\/uploads\/2023\/02\/CMC_platform-weight.jpg\" alt=\"\" width=\"50\" height=\"50\" srcset=\"https:\/\/www.brochure.cmclift.com\/wp-content\/uploads\/2023\/02\/CMC_platform-weight.jpg 215w, https:\/\/www.brochure.cmclift.com\/wp-content\/uploads\/2023\/02\/CMC_platform-weight-150x150.jpg 150w\" sizes=\"(max-width: 50px) 100vw, 50px\" \/><\/td>\n<td style=\"text-align: left;\">Gesamtgewicht<\/td>\n<td style=\"text-align: left;\"><strong>3025kg<\/strong><\/td>\n<\/tr>\n<\/tbody>\n<\/table>\n<\/div>[\/vc_column_inner][\/vc_row_inner][vc_row_inner][vc_column_inner][vc_separator border_width=&#8220;8&#8243;][\/vc_column_inner][\/vc_row_inner][\/vc_column][\/vc_row]<\/p>\n<\/section>","protected":false},"excerpt":{"rendered":"<p>[vc_row][vc_column][vc_empty_space height=&#8220;100&#8243;][\/vc_column][\/vc_row][vc_row css=&#8220;.vc_custom_1677246539767{background-color: #ffffff !important;}&#8220;][vc_column][vc_row_inner][vc_column_inner css=&#8220;.vc_custom_1677246552221{background-color: #ffffff !important;}&#8220;][vc_column_text css=&#8220;.vc_custom_1683102769939{background-color: #ffffff !important;}&#8220;] LEISTUNG UND ABMESSUNGEN [\/vc_column_text][\/vc_column_inner][\/vc_row_inner][vc_row_inner][vc_column_inner width=&#8220;1\/2&#8243;][vc_gallery interval=&#8220;3&#8243; images=&#8220;37553,37601,37595,37589,37583,37577,37571,37565,37559&#8243;][\/vc_column_inner][vc_column_inner width=&#8220;1\/2&#8243;][vc_column_text] S22HD&#8230;<\/p>\n","protected":false},"author":13,"featured_media":0,"parent":0,"menu_order":0,"comment_status":"closed","ping_status":"closed","template":"","meta":{"footnotes":""},"class_list":["post-34303","page","type-page","status-publish"],"_links":{"self":[{"href":"https:\/\/www.brochure.cmclift.com\/de\/wp-json\/wp\/v2\/pages\/34303","targetHints":{"allow":["GET"]}}],"collection":[{"href":"https:\/\/www.brochure.cmclift.com\/de\/wp-json\/wp\/v2\/pages"}],"about":[{"href":"https:\/\/www.brochure.cmclift.com\/de\/wp-json\/wp\/v2\/types\/page"}],"author":[{"embeddable":true,"href":"https:\/\/www.brochure.cmclift.com\/de\/wp-json\/wp\/v2\/users\/13"}],"replies":[{"embeddable":true,"href":"https:\/\/www.brochure.cmclift.com\/de\/wp-json\/wp\/v2\/comments?post=34303"}],"version-history":[{"count":9,"href":"https:\/\/www.brochure.cmclift.com\/de\/wp-json\/wp\/v2\/pages\/34303\/revisions"}],"predecessor-version":[{"id":37607,"href":"https:\/\/www.brochure.cmclift.com\/de\/wp-json\/wp\/v2\/pages\/34303\/revisions\/37607"}],"wp:attachment":[{"href":"https:\/\/www.brochure.cmclift.com\/de\/wp-json\/wp\/v2\/media?parent=34303"}],"curies":[{"name":"wp","href":"https:\/\/api.w.org\/{rel}","templated":true}]}}