{"id":34416,"date":"2023-05-03T15:07:36","date_gmt":"2023-05-03T13:07:36","guid":{"rendered":"https:\/\/www.brochure.cmclift.com\/?page_id=34416"},"modified":"2023-11-09T10:42:24","modified_gmt":"2023-11-09T09:42:24","slug":"i-brochure","status":"publish","type":"page","link":"https:\/\/www.brochure.cmclift.com\/de\/i-brochure\/","title":{"rendered":"i BROCHURE"},"content":{"rendered":"<section class=\"wpb-content-wrapper\"><p>[vc_row full_width=&#8220;stretch_row&#8220; full_height=&#8220;yes&#8220; columns_placement=&#8220;stretch&#8220; content_placement=&#8220;middle&#8220; background_position_desktop=&#8220;center center&#8220; css_animation=&#8220;none&#8220; thegem_featured_image_for_bg_active=&#8220;true&#8220; css=&#8220;.vc_custom_1677236722169{background-position: center !important;background-repeat: no-repeat !important;background-size: cover !important;}&#8220;][vc_column css=&#8220;.vc_custom_1686053905265{background-image: url(https:\/\/www.brochure.cmclift.com\/wp-content\/uploads\/2020\/04\/cover2-1-1-scaled.jpg?id=34498) !important;background-position: center !important;background-repeat: no-repeat !important;background-size: cover !important;}&#8220;][vc_column_text el_class=&#8220;white&#8220;]<\/p>\n<h1 style=\"text-align: center;\">SERIE i<\/h1>\n<h4 style=\"text-align: center;\">INSULATED<\/h4>\n<p>[\/vc_column_text][\/vc_column][\/vc_row][vc_row][vc_column]<div class=\"thegem-te-heading thegem-custom-69e218cc3b754907\" ><h1 id=\"thegem-heading-69e218cc3b733\" class=\"thegem-heading\" style=\"text-align: left;\" ><span class=\"colored\" style=\"color: #54606b;\">SERIE i<\/span><\/h1><style type=\"text\/css\">#thegem-heading-69e218cc3b733 {margin: 0;}#thegem-heading-69e218cc3b733 a:hover, #thegem-heading-69e218cc3b733 a:hover span.colored {color: var(--thegem-to-menu-level1-color-hover, #00BCD4) !important;}<\/style><\/div><style>@media screen and (max-width: 1023px) {.thegem-te-heading.thegem-custom-69e218cc3b754907{display: block!important;}}@media screen and (max-width: 767px) {.thegem-te-heading.thegem-custom-69e218cc3b754907{display: block!important;}}@media screen and (max-width: 1023px) {.thegem-te-heading.thegem-custom-69e218cc3b754907{position: relative !important;}}@media screen and (max-width: 767px) {.thegem-te-heading.thegem-custom-69e218cc3b754907{position: relative !important;}}<\/style><div class=\"thegem-te-heading thegem-custom-69e218cc3b8225496\" ><h4 id=\"thegem-heading-69e218cc3b80d\" class=\"thegem-heading\" style=\"text-align: left;\" ><span class=\"colored\" style=\"color: #54606b;\">INSULATED<\/span><\/h4><style type=\"text\/css\">#thegem-heading-69e218cc3b80d {margin: 0;}#thegem-heading-69e218cc3b80d a:hover, #thegem-heading-69e218cc3b80d a:hover span.colored {color: var(--thegem-to-menu-level1-color-hover, #00BCD4) !important;}<\/style><\/div><style>@media screen and (max-width: 1023px) {.thegem-te-heading.thegem-custom-69e218cc3b8225496{display: block!important;}}@media screen and (max-width: 767px) {.thegem-te-heading.thegem-custom-69e218cc3b8225496{display: block!important;}}@media screen and (max-width: 1023px) {.thegem-te-heading.thegem-custom-69e218cc3b8225496{position: relative !important;}}@media screen and (max-width: 767px) {.thegem-te-heading.thegem-custom-69e218cc3b8225496{position: relative !important;}}<\/style>[vc_empty_space][vc_column_text]<\/p>\n<p class=\"p2\">Die Sicherheit erreicht mit den bis zu 46 kV isolierten Spinnenb\u00fchnen der \u201ci\u201d-Serie das h\u00f6chste Niveau. Sie sind das Ergebnis eingehender Studien \u00fcber das elektrische Risiko und des Wunsches, gleichzeitig maximale Effizienz und das h\u00f6chste Schutzniveau f\u00fcr diejenigen zu gew\u00e4hrleisten, die an oder in der N\u00e4he von Hochspannungsleitungen arbeiten.<span class=\"Apple-converted-space\">\u00a0<\/span><\/p>\n<p class=\"p2\">Der einsitzige Glasfaserkorb sowie die Faserisolatoren am Antennenteil und die Verwendung eines speziellen, nicht leitenden \u00d6ls erm\u00f6glichen es, das Risiko eines Stromschlags f\u00fcr den Bediener zu minimieren.<span class=\"Apple-converted-space\">\u00a0<\/span><\/p>\n<p class=\"p3\">Hinzu kommen die technologischen Vorteile, die eine CMC-Plattform der neuesten Generation bieten kann, wie die automatische Ausf\u00fchrung der meisten Kontroll- und Stabilisierungsvorg\u00e4nge der Plattform.<span class=\"Apple-converted-space\">\u00a0<\/span><\/p>\n<p>[\/vc_column_text][\/vc_column][\/vc_row][vc_row][vc_column width=&#8220;1\/3&#8243; css=&#8220;.vc_custom_1676988586107{padding-top: 0px !important;padding-bottom: 0px !important;}&#8220;][\/vc_column][vc_column width=&#8220;1\/3&#8243;][vc_single_image image=&#8220;38530&#8243; img_size=&#8220;full&#8220; alignment=&#8220;center&#8220; style=&#8220;vc_box_rounded&#8220; onclick=&#8220;custom_link&#8220; link=&#8220;https:\/\/www.brochure.cmclift.com\/de\/performance-i23\/&#8220;][\/vc_column][vc_column width=&#8220;1\/3&#8243;][\/vc_column][\/vc_row][vc_row][vc_column][vc_empty_space][\/vc_column][\/vc_row][vc_row][vc_column][vc_separator border_width=&#8220;8&#8243;][\/vc_column][\/vc_row][vc_row][vc_column width=&#8220;1\/3&#8243;][vc_btn title=&#8220;VORTEILE&#8220; style=&#8220;custom&#8220; custom_background=&#8220;#da0e18&#8243; custom_text=&#8220;#ffffff&#8220; align=&#8220;center&#8220; button_block=&#8220;true&#8220; link=&#8220;url:https%3A%2F%2Fwww.brochure.cmclift.com%2Fde%2Fi-brochure-benefit%2F|title:i%20BROCHURE%20%E2%80%93%20Benefit&#8220;][\/vc_column][vc_column width=&#8220;1\/3&#8243;][vc_btn title=&#8220;OPTIONEN&#8220; style=&#8220;custom&#8220; custom_background=&#8220;#da0e18&#8243; custom_text=&#8220;#ffffff&#8220; align=&#8220;center&#8220; button_block=&#8220;true&#8220; link=&#8220;url:https%3A%2F%2Fwww.brochure.cmclift.com%2Fde%2Ffeatures-i%2F|title:Features%20XL&#8220;][\/vc_column][vc_column width=&#8220;1\/3&#8243;][vc_btn title=&#8220;ANWENDUNGEN&#8220; style=&#8220;custom&#8220; custom_background=&#8220;#da0e18&#8243; custom_text=&#8220;#ffffff&#8220; align=&#8220;center&#8220; button_block=&#8220;true&#8220; link=&#8220;url:https%3A%2F%2Fwww.brochure.cmclift.com%2Fde%2Fi-brochure-applications%2F|title:XL%20BROCHURE%20%E2%80%93%20Applications&#8220;][\/vc_column][\/vc_row][vc_row][vc_column][vc_separator border_width=&#8220;8&#8243;][\/vc_column][\/vc_row][vc_row][vc_column][vc_empty_space][\/vc_column][\/vc_row]<\/p>\n<\/section>","protected":false},"excerpt":{"rendered":"<p>[vc_row full_width=&#8220;stretch_row&#8220; full_height=&#8220;yes&#8220; columns_placement=&#8220;stretch&#8220; content_placement=&#8220;middle&#8220; background_position_desktop=&#8220;center center&#8220; css_animation=&#8220;none&#8220; thegem_featured_image_for_bg_active=&#8220;true&#8220; css=&#8220;.vc_custom_1677236722169{background-position: center !important;background-repeat: no-repeat !important;background-size: cover !important;}&#8220;][vc_column css=&#8220;.vc_custom_1686053905265{background-image: url(https:\/\/www.brochure.cmclift.com\/wp-content\/uploads\/2020\/04\/cover2-1-1-scaled.jpg?id=34498) !important;background-position: center&#8230;<\/p>\n","protected":false},"author":13,"featured_media":0,"parent":0,"menu_order":0,"comment_status":"closed","ping_status":"closed","template":"","meta":{"footnotes":""},"class_list":["post-34416","page","type-page","status-publish"],"_links":{"self":[{"href":"https:\/\/www.brochure.cmclift.com\/de\/wp-json\/wp\/v2\/pages\/34416","targetHints":{"allow":["GET"]}}],"collection":[{"href":"https:\/\/www.brochure.cmclift.com\/de\/wp-json\/wp\/v2\/pages"}],"about":[{"href":"https:\/\/www.brochure.cmclift.com\/de\/wp-json\/wp\/v2\/types\/page"}],"author":[{"embeddable":true,"href":"https:\/\/www.brochure.cmclift.com\/de\/wp-json\/wp\/v2\/users\/13"}],"replies":[{"embeddable":true,"href":"https:\/\/www.brochure.cmclift.com\/de\/wp-json\/wp\/v2\/comments?post=34416"}],"version-history":[{"count":11,"href":"https:\/\/www.brochure.cmclift.com\/de\/wp-json\/wp\/v2\/pages\/34416\/revisions"}],"predecessor-version":[{"id":38547,"href":"https:\/\/www.brochure.cmclift.com\/de\/wp-json\/wp\/v2\/pages\/34416\/revisions\/38547"}],"wp:attachment":[{"href":"https:\/\/www.brochure.cmclift.com\/de\/wp-json\/wp\/v2\/media?parent=34416"}],"curies":[{"name":"wp","href":"https:\/\/api.w.org\/{rel}","templated":true}]}}