{"id":35763,"date":"2023-06-07T11:57:35","date_gmt":"2023-06-07T09:57:35","guid":{"rendered":"https:\/\/www.brochure.cmclift.com\/?page_id=35763"},"modified":"2023-06-23T12:03:47","modified_gmt":"2023-06-23T10:03:47","slug":"xl-brochure","status":"publish","type":"page","link":"https:\/\/www.brochure.cmclift.com\/de\/xl-brochure\/","title":{"rendered":"XL BROCHURE"},"content":{"rendered":"<section class=\"wpb-content-wrapper\"><p>[vc_row full_width=&#8220;stretch_row&#8220; full_height=&#8220;yes&#8220; columns_placement=&#8220;stretch&#8220; content_placement=&#8220;middle&#8220; background_position_desktop=&#8220;center center&#8220; css_animation=&#8220;none&#8220; thegem_featured_image_for_bg_active=&#8220;true&#8220; css=&#8220;.vc_custom_1677236722169{background-position: center !important;background-repeat: no-repeat !important;background-size: cover !important;}&#8220;][vc_column css=&#8220;.vc_custom_1686034851010{background-image: url(https:\/\/www.brochure.cmclift.com\/wp-content\/uploads\/2023\/06\/IMG_9255-scaled.jpg?id=35559) !important;background-position: center !important;background-repeat: no-repeat !important;background-size: cover !important;}&#8220;][vc_column_text el_class=&#8220;white&#8220;]<\/p>\n<h1 style=\"text-align: center;\">XL SERIE<\/h1>\n<h4 style=\"text-align: center;\">EXTRA LARGE<\/h4>\n<p>[\/vc_column_text][\/vc_column][\/vc_row][vc_row][vc_column]<div class=\"thegem-te-heading thegem-custom-69e26af8b91733153\" ><h1 id=\"thegem-heading-69e26af8b9152\" class=\"thegem-heading\" style=\"text-align: left;\" ><span class=\"colored\" style=\"color: #54606b;\">XL SERIE<\/span><\/h1><style type=\"text\/css\">#thegem-heading-69e26af8b9152 {margin: 0;}#thegem-heading-69e26af8b9152 a:hover, #thegem-heading-69e26af8b9152 a:hover span.colored {color: var(--thegem-to-menu-level1-color-hover, #00BCD4) !important;}<\/style><\/div><style>@media screen and (max-width: 1023px) {.thegem-te-heading.thegem-custom-69e26af8b91733153{display: block!important;}}@media screen and (max-width: 767px) {.thegem-te-heading.thegem-custom-69e26af8b91733153{display: block!important;}}@media screen and (max-width: 1023px) {.thegem-te-heading.thegem-custom-69e26af8b91733153{position: relative !important;}}@media screen and (max-width: 767px) {.thegem-te-heading.thegem-custom-69e26af8b91733153{position: relative !important;}}<\/style><div class=\"thegem-te-heading thegem-custom-69e26af8b9239296\" ><h4 id=\"thegem-heading-69e26af8b9226\" class=\"thegem-heading\" style=\"text-align: left;\" ><span class=\"colored\" style=\"color: #54606b;\">EXTRA LARGE<\/span><\/h4><style type=\"text\/css\">#thegem-heading-69e26af8b9226 {margin: 0;}#thegem-heading-69e26af8b9226 a:hover, #thegem-heading-69e26af8b9226 a:hover span.colored {color: var(--thegem-to-menu-level1-color-hover, #00BCD4) !important;}<\/style><\/div><style>@media screen and (max-width: 1023px) {.thegem-te-heading.thegem-custom-69e26af8b9239296{display: block!important;}}@media screen and (max-width: 767px) {.thegem-te-heading.thegem-custom-69e26af8b9239296{display: block!important;}}@media screen and (max-width: 1023px) {.thegem-te-heading.thegem-custom-69e26af8b9239296{position: relative !important;}}@media screen and (max-width: 767px) {.thegem-te-heading.thegem-custom-69e26af8b9239296{position: relative !important;}}<\/style>[vc_empty_space][vc_column_text]<\/p>\n<p class=\"p1\">Keiner spielt in seiner Liga. Mit seinem 6-stufigen Teleskopausleger plus Gelenkkorbarm erreicht der CMC S41 eine au\u00dfergew\u00f6hnliche Arbeitsh\u00f6he von 41m \u00fcber dem Boden und eine seitliche Reichweite von bis zu 19m bei einer einzigartigen Korblast von 200kg.<\/p>\n<p class=\"p1\">Trotz seiner au\u00dfergew\u00f6hnlichen H\u00f6he kann er mit einer minimalen Abst\u00fctzfl\u00e4che von 3,99m stabilisiert werden und nimmt beim Transport nur sehr wenig Platz ein. CMC S41 ist ein au\u00dfergew\u00f6hnliches Arbeitsger\u00e4t, das den anspruchsvollen Aufgaben immer gewachsen ist.<\/p>\n<p>[\/vc_column_text][\/vc_column][\/vc_row][vc_row][vc_column width=&#8220;1\/3&#8243;][\/vc_column][vc_column width=&#8220;1\/3&#8243;][vc_single_image image=&#8220;35544&#8243; img_size=&#8220;full&#8220; alignment=&#8220;center&#8220; style=&#8220;vc_box_rounded&#8220; onclick=&#8220;custom_link&#8220; link=&#8220;https:\/\/www.brochure.cmclift.com\/de\/performance-s41\/&#8220;][\/vc_column][vc_column width=&#8220;1\/3&#8243;][\/vc_column][\/vc_row][vc_row][vc_column][vc_empty_space][\/vc_column][\/vc_row][vc_row][vc_column][vc_separator border_width=&#8220;8&#8243;][\/vc_column][\/vc_row][vc_row][vc_column width=&#8220;1\/3&#8243;][vc_btn title=&#8220;VORTEILE&#8220; style=&#8220;custom&#8220; custom_background=&#8220;#da0e18&#8243; custom_text=&#8220;#ffffff&#8220; align=&#8220;center&#8220; button_block=&#8220;true&#8220; link=&#8220;url:https%3A%2F%2Fwww.brochure.cmclift.com%2Fde%2Fxl-brochure-benefit%2F|title:XL%20BROCHURE%20%E2%80%93%20Benefit&#8220;][\/vc_column][vc_column width=&#8220;1\/3&#8243;][vc_btn title=&#8220;OPTIONEN&#8220; style=&#8220;custom&#8220; custom_background=&#8220;#da0e18&#8243; custom_text=&#8220;#ffffff&#8220; align=&#8220;center&#8220; button_block=&#8220;true&#8220; link=&#8220;url:https%3A%2F%2Fwww.brochure.cmclift.com%2Fde%2Ffeatures-xl%2F|title:Features%20XL&#8220;][\/vc_column][vc_column width=&#8220;1\/3&#8243;][vc_btn title=&#8220;ANWENDUNGEN&#8220; style=&#8220;custom&#8220; custom_background=&#8220;#da0e18&#8243; custom_text=&#8220;#ffffff&#8220; align=&#8220;center&#8220; button_block=&#8220;true&#8220; link=&#8220;url:https%3A%2F%2Fwww.brochure.cmclift.com%2Fde%2Fxl-brochure-applications%2F|title:XL%20BROCHURE%20%E2%80%93%20Applications&#8220;][\/vc_column][\/vc_row][vc_row][vc_column][vc_separator border_width=&#8220;8&#8243;][\/vc_column][\/vc_row][vc_row][vc_column][vc_empty_space][\/vc_column][\/vc_row]<\/p>\n<\/section>","protected":false},"excerpt":{"rendered":"<p>[vc_row full_width=&#8220;stretch_row&#8220; full_height=&#8220;yes&#8220; columns_placement=&#8220;stretch&#8220; content_placement=&#8220;middle&#8220; background_position_desktop=&#8220;center center&#8220; css_animation=&#8220;none&#8220; thegem_featured_image_for_bg_active=&#8220;true&#8220; css=&#8220;.vc_custom_1677236722169{background-position: center !important;background-repeat: no-repeat !important;background-size: cover !important;}&#8220;][vc_column css=&#8220;.vc_custom_1686034851010{background-image: url(https:\/\/www.brochure.cmclift.com\/wp-content\/uploads\/2023\/06\/IMG_9255-scaled.jpg?id=35559) !important;background-position: center&#8230;<\/p>\n","protected":false},"author":13,"featured_media":0,"parent":0,"menu_order":0,"comment_status":"closed","ping_status":"closed","template":"","meta":{"footnotes":""},"class_list":["post-35763","page","type-page","status-publish"],"_links":{"self":[{"href":"https:\/\/www.brochure.cmclift.com\/de\/wp-json\/wp\/v2\/pages\/35763","targetHints":{"allow":["GET"]}}],"collection":[{"href":"https:\/\/www.brochure.cmclift.com\/de\/wp-json\/wp\/v2\/pages"}],"about":[{"href":"https:\/\/www.brochure.cmclift.com\/de\/wp-json\/wp\/v2\/types\/page"}],"author":[{"embeddable":true,"href":"https:\/\/www.brochure.cmclift.com\/de\/wp-json\/wp\/v2\/users\/13"}],"replies":[{"embeddable":true,"href":"https:\/\/www.brochure.cmclift.com\/de\/wp-json\/wp\/v2\/comments?post=35763"}],"version-history":[{"count":5,"href":"https:\/\/www.brochure.cmclift.com\/de\/wp-json\/wp\/v2\/pages\/35763\/revisions"}],"predecessor-version":[{"id":36468,"href":"https:\/\/www.brochure.cmclift.com\/de\/wp-json\/wp\/v2\/pages\/35763\/revisions\/36468"}],"wp:attachment":[{"href":"https:\/\/www.brochure.cmclift.com\/de\/wp-json\/wp\/v2\/media?parent=35763"}],"curies":[{"name":"wp","href":"https:\/\/api.w.org\/{rel}","templated":true}]}}