{"id":35766,"date":"2023-06-07T12:01:12","date_gmt":"2023-06-07T10:01:12","guid":{"rendered":"https:\/\/www.brochure.cmclift.com\/?page_id=35766"},"modified":"2023-07-04T08:36:34","modified_gmt":"2023-07-04T06:36:34","slug":"xl-brochure-applications","status":"publish","type":"page","link":"https:\/\/www.brochure.cmclift.com\/de\/xl-brochure-applications\/","title":{"rendered":"XL BROCHURE &#8211; Applications"},"content":{"rendered":"<section class=\"wpb-content-wrapper\"><p>[vc_row][vc_column][vc_empty_space height=&#8220;100&#8243;][\/vc_column][\/vc_row][vc_row css=&#8220;.vc_custom_1677834925062{background-color: #ffffff !important;}&#8220;][vc_column][vc_column_text]<\/p>\n<h1>CMC-B\u00dcHNEN-ANWENDUNGEN<\/h1>\n<p>[\/vc_column_text][\/vc_column][\/vc_row][vc_row][vc_column][vc_row_inner content_placement=&#8220;middle&#8220; thegem_shadow_color=&#8220;rgba(10,10,10,0.24)&#8220; thegem_shaow_horizontal=&#8220;10&#8243; thegem_shaow_vertical=&#8220;10&#8243; thegem_shaow_blur=&#8220;10&#8243; thegem_shaow_spread=&#8220;-2&#8243; thegem_enable_shadow=&#8220;true&#8220; css=&#8220;.vc_custom_1677682137225{margin-right: 10px !important;margin-left: 10px !important;background-color: #ffffff !important;}&#8220; tablet_margin_top=&#8220;10&#8243; mobile_margin_top=&#8220;10&#8243;][vc_column_inner width=&#8220;1\/2&#8243; css=&#8220;.vc_custom_1677164193130{margin-bottom: -10px !important;}&#8220;][vc_single_image image=&#8220;35583&#8243; img_size=&#8220;300&#215;300&#8243; alignment=&#8220;center&#8220;][\/vc_column_inner][vc_column_inner width=&#8220;1\/2&#8243;][vc_column_text]<\/p>\n<h4>Renovierungsarbeiten<\/h4>\n<p>[\/vc_column_text][vc_column_text]<\/p>\n<p class=\"p1\">an Geb\u00e4uden, auch an schwer zug\u00e4nglichen Orten, wie z. B. Gottesh\u00e4usern, historischen Geb\u00e4uden, Hotels und Einkaufszentren.<\/p>\n<p>[\/vc_column_text][\/vc_column_inner][\/vc_row_inner][vc_row_inner content_placement=&#8220;middle&#8220; thegem_shadow_color=&#8220;rgba(10,10,10,0.24)&#8220; thegem_shaow_horizontal=&#8220;10&#8243; thegem_shaow_vertical=&#8220;10&#8243; thegem_shaow_blur=&#8220;10&#8243; thegem_shaow_spread=&#8220;-2&#8243; thegem_enable_shadow=&#8220;true&#8220; css=&#8220;.vc_custom_1677682188735{margin-right: 10px !important;margin-left: 10px !important;background-color: #ffffff !important;}&#8220; tablet_margin_top=&#8220;10&#8243; mobile_margin_top=&#8220;10&#8243;][vc_column_inner width=&#8220;1\/2&#8243; css=&#8220;.vc_custom_1677164193130{margin-bottom: -10px !important;}&#8220;][vc_single_image image=&#8220;35571&#8243; img_size=&#8220;300&#215;300&#8243; alignment=&#8220;center&#8220;][\/vc_column_inner][vc_column_inner width=&#8220;1\/2&#8243;][vc_column_text]<\/p>\n<h4>Instandhaltung<\/h4>\n<p>[\/vc_column_text][vc_column_text]<\/p>\n<p class=\"p1\">in \u00fcberwiegend verkehrsberuhigten Bereichen oder an Stellen, die f\u00fcr LKW-Arbeitsb\u00fchnen schwierig zu erreichen sind.<\/p>\n<p>[\/vc_column_text][\/vc_column_inner][\/vc_row_inner][vc_row_inner content_placement=&#8220;middle&#8220; thegem_shadow_color=&#8220;rgba(10,10,10,0.24)&#8220; thegem_shaow_horizontal=&#8220;10&#8243; thegem_shaow_vertical=&#8220;10&#8243; thegem_shaow_blur=&#8220;10&#8243; thegem_shaow_spread=&#8220;-2&#8243; thegem_enable_shadow=&#8220;true&#8220; css=&#8220;.vc_custom_1677682209265{margin-right: 10px !important;margin-left: 10px !important;background-color: #ffffff !important;}&#8220; tablet_margin_top=&#8220;10&#8243; mobile_margin_top=&#8220;10&#8243;][vc_column_inner width=&#8220;1\/2&#8243; css=&#8220;.vc_custom_1677164193130{margin-bottom: -10px !important;}&#8220;][vc_single_image image=&#8220;35577&#8243; img_size=&#8220;300&#215;300&#8243; alignment=&#8220;center&#8220;][\/vc_column_inner][vc_column_inner width=&#8220;1\/2&#8243;][vc_column_text]<\/p>\n<h4>Beschneiden von hohen B\u00e4umen<\/h4>\n<p>[\/vc_column_text][vc_column_text]<\/p>\n<p class=\"p1\">und sogar Arbeiten in engen R\u00e4umen innerhalb von Privath\u00e4usern auf besonders empfindlichem Rasen.<\/p>\n<p>[\/vc_column_text][\/vc_column_inner][\/vc_row_inner][\/vc_column][\/vc_row][vc_row][vc_column][vc_empty_space][\/vc_column][\/vc_row][vc_row][vc_column][vc_separator border_width=&#8220;8&#8243;][\/vc_column][\/vc_row][vc_row][vc_column width=&#8220;1\/3&#8243;][vc_btn title=&#8220;OPTIONEN&#8220; style=&#8220;custom&#8220; custom_background=&#8220;#da121a&#8220; custom_text=&#8220;#ffffff&#8220; align=&#8220;center&#8220; button_block=&#8220;true&#8220; link=&#8220;url:https%3A%2F%2Fwww.brochure.cmclift.com%2Fde%2Ffeatures-xl%2F|title:Features%20XL&#8220;][\/vc_column][vc_column width=&#8220;1\/3&#8243;][vc_btn title=&#8220;VORTEILE&#8220; style=&#8220;custom&#8220; custom_background=&#8220;#da121a&#8220; custom_text=&#8220;#ffffff&#8220; align=&#8220;center&#8220; button_block=&#8220;true&#8220; link=&#8220;url:https%3A%2F%2Fwww.brochure.cmclift.com%2Fde%2Fxl-benefit%2F|title:XL%20Benefit&#8220;][\/vc_column][vc_column width=&#8220;1\/3&#8243;][vc_btn title=&#8220;DIE MODELLE SEHEN&#8220; style=&#8220;custom&#8220; custom_background=&#8220;#da121a&#8220; custom_text=&#8220;#ffffff&#8220; align=&#8220;center&#8220; button_block=&#8220;true&#8220; link=&#8220;url:https%3A%2F%2Fwww.brochure.cmclift.com%2Fde%2Fxl-brochure%2F|title:XL%20BROCHURE%20%E2%80%93%20Applications&#8220;][\/vc_column][\/vc_row][vc_row][vc_column][vc_empty_space][\/vc_column][\/vc_row][vc_row][vc_column][vc_empty_space][\/vc_column][\/vc_row]<\/p>\n<\/section>","protected":false},"excerpt":{"rendered":"<p>[vc_row][vc_column][vc_empty_space height=&#8220;100&#8243;][\/vc_column][\/vc_row][vc_row css=&#8220;.vc_custom_1677834925062{background-color: #ffffff !important;}&#8220;][vc_column][vc_column_text] CMC-B\u00dcHNEN-ANWENDUNGEN [\/vc_column_text][\/vc_column][\/vc_row][vc_row][vc_column][vc_row_inner content_placement=&#8220;middle&#8220; thegem_shadow_color=&#8220;rgba(10,10,10,0.24)&#8220; thegem_shaow_horizontal=&#8220;10&#8243; thegem_shaow_vertical=&#8220;10&#8243; thegem_shaow_blur=&#8220;10&#8243; thegem_shaow_spread=&#8220;-2&#8243; thegem_enable_shadow=&#8220;true&#8220; css=&#8220;.vc_custom_1677682137225{margin-right: 10px !important;margin-left: 10px !important;background-color: #ffffff&#8230;<\/p>\n","protected":false},"author":13,"featured_media":0,"parent":0,"menu_order":0,"comment_status":"closed","ping_status":"closed","template":"","meta":{"footnotes":""},"class_list":["post-35766","page","type-page","status-publish"],"_links":{"self":[{"href":"https:\/\/www.brochure.cmclift.com\/de\/wp-json\/wp\/v2\/pages\/35766","targetHints":{"allow":["GET"]}}],"collection":[{"href":"https:\/\/www.brochure.cmclift.com\/de\/wp-json\/wp\/v2\/pages"}],"about":[{"href":"https:\/\/www.brochure.cmclift.com\/de\/wp-json\/wp\/v2\/types\/page"}],"author":[{"embeddable":true,"href":"https:\/\/www.brochure.cmclift.com\/de\/wp-json\/wp\/v2\/users\/13"}],"replies":[{"embeddable":true,"href":"https:\/\/www.brochure.cmclift.com\/de\/wp-json\/wp\/v2\/comments?post=35766"}],"version-history":[{"count":6,"href":"https:\/\/www.brochure.cmclift.com\/de\/wp-json\/wp\/v2\/pages\/35766\/revisions"}],"predecessor-version":[{"id":36966,"href":"https:\/\/www.brochure.cmclift.com\/de\/wp-json\/wp\/v2\/pages\/35766\/revisions\/36966"}],"wp:attachment":[{"href":"https:\/\/www.brochure.cmclift.com\/de\/wp-json\/wp\/v2\/media?parent=35766"}],"curies":[{"name":"wp","href":"https:\/\/api.w.org\/{rel}","templated":true}]}}