{"id":35770,"date":"2023-06-07T12:05:46","date_gmt":"2023-06-07T10:05:46","guid":{"rendered":"https:\/\/www.brochure.cmclift.com\/?page_id=35770"},"modified":"2023-07-04T08:38:04","modified_gmt":"2023-07-04T06:38:04","slug":"xl-benefit","status":"publish","type":"page","link":"https:\/\/www.brochure.cmclift.com\/de\/xl-benefit\/","title":{"rendered":"XL Benefit"},"content":{"rendered":"<section class=\"wpb-content-wrapper\"><p>[vc_row][vc_column][vc_row_inner][vc_column_inner][vc_empty_space height=&#8220;100&#8243;][\/vc_column_inner][\/vc_row_inner][\/vc_column][\/vc_row][vc_row][vc_column][vc_column_text]<\/p>\n<h1 style=\"text-align: left;\">VORTEILE<\/h1>\n<p>[\/vc_column_text][\/vc_column][\/vc_row][vc_row][vc_column][vc_row_inner][vc_column_inner width=&#8220;1\/2&#8243;][vc_single_image image=&#8220;35595&#8243; img_size=&#8220;500&#215;500&#8243;][\/vc_column_inner][vc_column_inner width=&#8220;1\/2&#8243;][vc_column_text css=&#8220;.vc_custom_1686132214616{border-left-width: 10px !important;}&#8220;]<\/p>\n<h4>Einfacher Transport<\/h4>\n<p>[\/vc_column_text][vc_column_text]<\/p>\n<p class=\"p1\">Die CMC-B\u00fchnen der DP-Serie sind ebenso leistungsstark wie leicht und kompakt. Sie sind selbstladend und lassen sich leicht auf einem Lkw transportieren.<\/p>\n<p>[\/vc_column_text][\/vc_column_inner][\/vc_row_inner][vc_separator color=&#8220;white&#8220;][vc_row_inner][vc_column_inner width=&#8220;1\/2&#8243;][vc_single_image image=&#8220;35607&#8243; img_size=&#8220;500&#215;500&#8243;][\/vc_column_inner][vc_column_inner width=&#8220;1\/2&#8243;][vc_column_text css=&#8220;.vc_custom_1686132236573{border-left-width: 10px !important;}&#8220;]<\/p>\n<h4>Vielseitigkeit im Einsatz<\/h4>\n<p>[\/vc_column_text][vc_column_text]<\/p>\n<p class=\"p1\">Mit ihrer au\u00dfergew\u00f6hnlichen Arbeitsh\u00f6he, der gro\u00dfen seitlichen Reichweite, der F\u00e4higkeit, im Negativ zu arbeiten, mit ihren Abst\u00fctzf\u00fc\u00dfen mit hoher Nivellierf\u00e4higkeit und der Unterst\u00fctzung durch das automatische Steuerungs- und Kontrollsystem k\u00f6nnen die Arbeitsb\u00fchnen der CMC DP-Serie \u00fcberall und unter allen Bedingungen eingesetzt werden.<\/p>\n<p>[\/vc_column_text][\/vc_column_inner][\/vc_row_inner][vc_separator color=&#8220;white&#8220;][vc_row_inner][vc_column_inner width=&#8220;1\/2&#8243;][vc_single_image image=&#8220;35601&#8243; img_size=&#8220;500&#215;500&#8243;][\/vc_column_inner][vc_column_inner width=&#8220;1\/2&#8243;][vc_column_text css=&#8220;.vc_custom_1686132262660{border-left-width: 10px !important;}&#8220;]<\/p>\n<h4>Einfacher Einsatz<\/h4>\n<p>[\/vc_column_text][vc_column_text]<\/p>\n<p class=\"p1\">Die Arbeitsb\u00fchnen der DP-Serie sind mit dem Self Control System von CMC ausgestattet, einem elektronischen System, das eine Reihe von Vorg\u00e4ngen automatisch ausf\u00fchrt, wie z. B.: Abst\u00fctzung und Nivellierung, Geschwindigkeit der Teleskoparme und das Schlie\u00dfen des Hubger\u00fcsts.<\/p>\n<p>[\/vc_column_text][\/vc_column_inner][\/vc_row_inner][\/vc_column][\/vc_row][vc_row][vc_column][vc_separator border_width=&#8220;8&#8243;][\/vc_column][\/vc_row][vc_row][vc_column width=&#8220;1\/3&#8243;][vc_btn title=&#8220;ANWENDUNGEN&#8220; style=&#8220;custom&#8220; custom_background=&#8220;#da0e18&#8243; custom_text=&#8220;#ffffff&#8220; align=&#8220;center&#8220; button_block=&#8220;true&#8220; link=&#8220;url:https%3A%2F%2Fwww.brochure.cmclift.com%2Fde%2Fxl-brochure-applications%2F|title:XL%20BROCHURE%20%E2%80%93%20Applications&#8220;][\/vc_column][vc_column width=&#8220;1\/3&#8243;][vc_btn title=&#8220;OPTIONEN&#8220; style=&#8220;custom&#8220; custom_background=&#8220;#da0e18&#8243; custom_text=&#8220;#ffffff&#8220; align=&#8220;center&#8220; button_block=&#8220;true&#8220; link=&#8220;url:https%3A%2F%2Fwww.brochure.cmclift.com%2Fde%2Ffeatures-xl%2F|title:Features%20XL&#8220;][\/vc_column][vc_column width=&#8220;1\/3&#8243;][vc_btn title=&#8220;SERIE XL&#8220; style=&#8220;custom&#8220; custom_background=&#8220;#da0e18&#8243; custom_text=&#8220;#ffffff&#8220; align=&#8220;center&#8220; button_block=&#8220;true&#8220; link=&#8220;url:https%3A%2F%2Fwww.brochure.cmclift.com%2Fde%2Fxl-brochure%2F|title:XL%20BROCHURE%20%E2%80%93%20Applications&#8220;][\/vc_column][\/vc_row][vc_row][vc_column][vc_separator border_width=&#8220;8&#8243;][\/vc_column][\/vc_row]<\/p>\n<\/section>","protected":false},"excerpt":{"rendered":"<p>[vc_row][vc_column][vc_row_inner][vc_column_inner][vc_empty_space height=&#8220;100&#8243;][\/vc_column_inner][\/vc_row_inner][\/vc_column][\/vc_row][vc_row][vc_column][vc_column_text] VORTEILE [\/vc_column_text][\/vc_column][\/vc_row][vc_row][vc_column][vc_row_inner][vc_column_inner width=&#8220;1\/2&#8243;][vc_single_image image=&#8220;35595&#8243; img_size=&#8220;500&#215;500&#8243;][\/vc_column_inner][vc_column_inner width=&#8220;1\/2&#8243;][vc_column_text css=&#8220;.vc_custom_1686132214616{border-left-width: 10px !important;}&#8220;] Einfacher Transport [\/vc_column_text][vc_column_text] Die CMC-B\u00fchnen der DP-Serie sind ebenso&#8230;<\/p>\n","protected":false},"author":13,"featured_media":0,"parent":0,"menu_order":0,"comment_status":"closed","ping_status":"closed","template":"","meta":{"footnotes":""},"class_list":["post-35770","page","type-page","status-publish"],"_links":{"self":[{"href":"https:\/\/www.brochure.cmclift.com\/de\/wp-json\/wp\/v2\/pages\/35770","targetHints":{"allow":["GET"]}}],"collection":[{"href":"https:\/\/www.brochure.cmclift.com\/de\/wp-json\/wp\/v2\/pages"}],"about":[{"href":"https:\/\/www.brochure.cmclift.com\/de\/wp-json\/wp\/v2\/types\/page"}],"author":[{"embeddable":true,"href":"https:\/\/www.brochure.cmclift.com\/de\/wp-json\/wp\/v2\/users\/13"}],"replies":[{"embeddable":true,"href":"https:\/\/www.brochure.cmclift.com\/de\/wp-json\/wp\/v2\/comments?post=35770"}],"version-history":[{"count":7,"href":"https:\/\/www.brochure.cmclift.com\/de\/wp-json\/wp\/v2\/pages\/35770\/revisions"}],"predecessor-version":[{"id":36971,"href":"https:\/\/www.brochure.cmclift.com\/de\/wp-json\/wp\/v2\/pages\/35770\/revisions\/36971"}],"wp:attachment":[{"href":"https:\/\/www.brochure.cmclift.com\/de\/wp-json\/wp\/v2\/media?parent=35770"}],"curies":[{"name":"wp","href":"https:\/\/api.w.org\/{rel}","templated":true}]}}