{"id":33018,"date":"2023-04-12T15:20:16","date_gmt":"2023-04-12T13:20:16","guid":{"rendered":"https:\/\/www.brochure.cmclift.com\/?page_id=33018"},"modified":"2023-07-11T11:00:19","modified_gmt":"2023-07-11T09:00:19","slug":"f-brochure","status":"publish","type":"page","link":"https:\/\/www.brochure.cmclift.com\/es\/f-brochure\/","title":{"rendered":"F BROCHURE"},"content":{"rendered":"<section class=\"wpb-content-wrapper\"><p>[vc_row full_width=\u00bbstretch_row\u00bb full_height=\u00bbyes\u00bb columns_placement=\u00bbstretch\u00bb content_placement=\u00bbmiddle\u00bb background_position_desktop=\u00bbcenter center\u00bb css_animation=\u00bbnone\u00bb thegem_featured_image_for_bg_active=\u00bbtrue\u00bb css=\u00bb.vc_custom_1677236722169{background-position: center !important;background-repeat: no-repeat !important;background-size: cover !important;}\u00bb][vc_column css=\u00bb.vc_custom_1681304313555{background-image: url(https:\/\/www.brochure.cmclift.com\/wp-content\/uploads\/2023\/04\/pearsontreeservices_116322362_215279706475528_7378187643493987290_n.jpg?id=32999) !important;background-position: center !important;background-repeat: no-repeat !important;background-size: cover !important;}\u00bb][vc_column_text el_class=\u00bbwhite\u00bb]<\/p>\n<h1 style=\"text-align: center;\">SERIES F<\/h1>\n<h4 class=\"p2\" style=\"text-align: center;\"><span class=\"s1\"><span class=\"Apple-converted-space\">\u00a0<\/span><\/span><b>FULLY HYDRAULIC<\/b><\/h4>\n<p>[\/vc_column_text][\/vc_column][\/vc_row][vc_row][vc_column]<div class=\"thegem-te-heading thegem-custom-69e28f61284ec1865\" ><h1 id=\"thegem-heading-69e28f61284c7\" class=\"thegem-heading\" style=\"text-align: left;\" ><span class=\"colored\" style=\"color: #54606b;\">SERIES F<\/span><\/h1><style type=\"text\/css\">#thegem-heading-69e28f61284c7 {margin: 0;}#thegem-heading-69e28f61284c7 a:hover, #thegem-heading-69e28f61284c7 a:hover span.colored {color: var(--thegem-to-menu-level1-color-hover, #00BCD4) !important;}<\/style><\/div><style>@media screen and (max-width: 1023px) {.thegem-te-heading.thegem-custom-69e28f61284ec1865{display: block!important;}}@media screen and (max-width: 767px) {.thegem-te-heading.thegem-custom-69e28f61284ec1865{display: block!important;}}@media screen and (max-width: 1023px) {.thegem-te-heading.thegem-custom-69e28f61284ec1865{position: relative !important;}}@media screen and (max-width: 767px) {.thegem-te-heading.thegem-custom-69e28f61284ec1865{position: relative !important;}}<\/style><div class=\"thegem-te-heading thegem-custom-69e28f61285b51613\" ><h4 id=\"thegem-heading-69e28f61285a1\" class=\"thegem-heading\" style=\"text-align: left;\" ><span class=\"colored\" style=\"color: #54606b;\">FULL HYDRAULIC<\/span><\/h4><style type=\"text\/css\">#thegem-heading-69e28f61285a1 {margin: 0;}#thegem-heading-69e28f61285a1 a:hover, #thegem-heading-69e28f61285a1 a:hover span.colored {color: var(--thegem-to-menu-level1-color-hover, #00BCD4) !important;}<\/style><\/div><style>@media screen and (max-width: 1023px) {.thegem-te-heading.thegem-custom-69e28f61285b51613{display: block!important;}}@media screen and (max-width: 767px) {.thegem-te-heading.thegem-custom-69e28f61285b51613{display: block!important;}}@media screen and (max-width: 1023px) {.thegem-te-heading.thegem-custom-69e28f61285b51613{position: relative !important;}}@media screen and (max-width: 767px) {.thegem-te-heading.thegem-custom-69e28f61285b51613{position: relative !important;}}<\/style>[vc_empty_space][vc_column_text]<\/p>\n<p class=\"p2\">La letra F identifica a esta familia de plataformas completamente hidr\u00e1ulicas de CMC, con alturas de trabajo de unos 13 a 18 metros. En particular est\u00e1n caracterizadas por un sistema de control muy sencillo e intuitivo, gracias al cual es posible un uso casi inmediato de la m\u00e1quina incluso a los usuarios menos expertos.<span class=\"Apple-converted-space\">\u00a0<\/span><\/p>\n<p class=\"p3\">Junto a estos aspectos, hay que considerar las siguientes caracter\u00edsticas: extrema versatilidad para su uso tanto interior como exterior; m\u00ednimas dimensiones totales cuando est\u00e1n cerradas; facilidad de transporte incluso en un remolque o furgoneta peque\u00f1a, gracias al reducido peso operativo; extrema facilidad de mantenimiento. Ahora es f\u00e1cil entender el porqu\u00e9 las plataformas de la serie F de CMC son la elecci\u00f3n perfecta para la flota de cualquier empresa de alquiler.<span class=\"Apple-converted-space\">\u00a0<\/span><\/p>\n<p>[\/vc_column_text][\/vc_column][\/vc_row][vc_row][vc_column width=\u00bb1\/3&#8243; css=\u00bb.vc_custom_1676988586107{padding-top: 0px !important;padding-bottom: 0px !important;}\u00bb][vc_single_image image=\u00bb38382&#8243; img_size=\u00bbfull\u00bb alignment=\u00bbcenter\u00bb style=\u00bbvc_box_rounded\u00bb onclick=\u00bbcustom_link\u00bb link=\u00bbhttps:\/\/www.brochure.cmclift.com\/es\/performance-s13f\/\u00bb][\/vc_column][vc_column width=\u00bb1\/3&#8243;][vc_single_image image=\u00bb38388&#8243; img_size=\u00bbfull\u00bb alignment=\u00bbcenter\u00bb style=\u00bbvc_box_rounded\u00bb onclick=\u00bbcustom_link\u00bb link=\u00bbhttps:\/\/www.brochure.cmclift.com\/es\/performance-s15f\/\u00bb][\/vc_column][vc_column width=\u00bb1\/3&#8243;][vc_single_image image=\u00bb38394&#8243; img_size=\u00bbfull\u00bb alignment=\u00bbcenter\u00bb style=\u00bbvc_box_rounded\u00bb onclick=\u00bbcustom_link\u00bb link=\u00bbhttps:\/\/www.brochure.cmclift.com\/es\/performance-s18f\/\u00bb][\/vc_column][\/vc_row][vc_row][vc_column][vc_empty_space][\/vc_column][\/vc_row][vc_row][vc_column][vc_separator border_width=\u00bb8&#8243;][\/vc_column][\/vc_row][vc_row][vc_column width=\u00bb1\/3&#8243;][vc_btn title=\u00bbVENTAJAS\u00bb style=\u00bbcustom\u00bb custom_background=\u00bb#da0e18&#8243; custom_text=\u00bb#ffffff\u00bb align=\u00bbcenter\u00bb button_block=\u00bbtrue\u00bb link=\u00bburl:https%3A%2F%2Fwww.brochure.cmclift.com%2Fes%2Ff-brochure-benefit%2F|title:F%20BROCHURE%20%E2%80%93%20Benefit\u00bb][\/vc_column][vc_column width=\u00bb1\/3&#8243;][vc_btn title=\u00bbOPCIONAL\u00bb style=\u00bbcustom\u00bb custom_background=\u00bb#da0e18&#8243; custom_text=\u00bb#ffffff\u00bb align=\u00bbcenter\u00bb button_block=\u00bbtrue\u00bb link=\u00bburl:https%3A%2F%2Fwww.brochure.cmclift.com%2Fes%2Ffeatures-f%2F|title:Features%20F\u00bb][\/vc_column][vc_column width=\u00bb1\/3&#8243;][vc_btn title=\u00bbAPLICACIONES\u00bb style=\u00bbcustom\u00bb custom_background=\u00bb#da0e18&#8243; custom_text=\u00bb#ffffff\u00bb align=\u00bbcenter\u00bb button_block=\u00bbtrue\u00bb link=\u00bburl:https%3A%2F%2Fwww.brochure.cmclift.com%2Fes%2Ff-brochure-applications%2F|title:F%20BROCHURE%20%E2%80%93%20Applications\u00bb][\/vc_column][\/vc_row][vc_row][vc_column][vc_separator border_width=\u00bb8&#8243;][\/vc_column][\/vc_row][vc_row][vc_column][vc_empty_space][\/vc_column][\/vc_row]<\/p>\n<\/section>","protected":false},"excerpt":{"rendered":"<p>[vc_row full_width=\u00bbstretch_row\u00bb full_height=\u00bbyes\u00bb columns_placement=\u00bbstretch\u00bb content_placement=\u00bbmiddle\u00bb background_position_desktop=\u00bbcenter center\u00bb css_animation=\u00bbnone\u00bb thegem_featured_image_for_bg_active=\u00bbtrue\u00bb css=\u00bb.vc_custom_1677236722169{background-position: center !important;background-repeat: no-repeat !important;background-size: cover !important;}\u00bb][vc_column css=\u00bb.vc_custom_1681304313555{background-image: url(https:\/\/www.brochure.cmclift.com\/wp-content\/uploads\/2023\/04\/pearsontreeservices_116322362_215279706475528_7378187643493987290_n.jpg?id=32999) !important;background-position: center&#8230;<\/p>\n","protected":false},"author":13,"featured_media":0,"parent":0,"menu_order":0,"comment_status":"closed","ping_status":"closed","template":"","meta":{"footnotes":""},"class_list":["post-33018","page","type-page","status-publish"],"_links":{"self":[{"href":"https:\/\/www.brochure.cmclift.com\/es\/wp-json\/wp\/v2\/pages\/33018","targetHints":{"allow":["GET"]}}],"collection":[{"href":"https:\/\/www.brochure.cmclift.com\/es\/wp-json\/wp\/v2\/pages"}],"about":[{"href":"https:\/\/www.brochure.cmclift.com\/es\/wp-json\/wp\/v2\/types\/page"}],"author":[{"embeddable":true,"href":"https:\/\/www.brochure.cmclift.com\/es\/wp-json\/wp\/v2\/users\/13"}],"replies":[{"embeddable":true,"href":"https:\/\/www.brochure.cmclift.com\/es\/wp-json\/wp\/v2\/comments?post=33018"}],"version-history":[{"count":6,"href":"https:\/\/www.brochure.cmclift.com\/es\/wp-json\/wp\/v2\/pages\/33018\/revisions"}],"predecessor-version":[{"id":38400,"href":"https:\/\/www.brochure.cmclift.com\/es\/wp-json\/wp\/v2\/pages\/33018\/revisions\/38400"}],"wp:attachment":[{"href":"https:\/\/www.brochure.cmclift.com\/es\/wp-json\/wp\/v2\/media?parent=33018"}],"curies":[{"name":"wp","href":"https:\/\/api.w.org\/{rel}","templated":true}]}}