{"id":33071,"date":"2023-04-12T16:31:26","date_gmt":"2023-04-12T14:31:26","guid":{"rendered":"https:\/\/www.brochure.cmclift.com\/?page_id=33071"},"modified":"2023-07-04T10:38:14","modified_gmt":"2023-07-04T08:38:14","slug":"performance-s15f","status":"publish","type":"page","link":"https:\/\/www.brochure.cmclift.com\/es\/performance-s15f\/","title":{"rendered":"Performance S15F"},"content":{"rendered":"<section class=\"wpb-content-wrapper\"><p>[vc_row][vc_column][vc_empty_space height=\u00bb100&#8243;][\/vc_column][\/vc_row][vc_row css=\u00bb.vc_custom_1677246539767{background-color: #ffffff !important;}\u00bb][vc_column][vc_row_inner][vc_column_inner css=\u00bb.vc_custom_1677246552221{background-color: #ffffff !important;}\u00bb][vc_column_text css=\u00bb.vc_custom_1681309788264{background-color: #ffffff !important;}\u00bb]<\/p>\n<div class=\"vc_row wpb_row vc_inner vc_row-fluid thegem-custom-6436bebda17492180 custom-inner-column-6436bebda174e\">\n<div class=\"wpb_column vc_column_container vc_col-sm-12 thegem-custom-6436bebda2ddc5341 vc_col-has-fill\">\n<div class=\"vc_column-inner thegem-custom-inner-6436bebda2ddd vc_custom_1677246552221\">\n<div class=\"wpb_wrapper thegem-custom-6436bebda2ddc5341\">\n<div class=\"wpb_text_column wpb_content_element vc_custom_1677246630795 thegem-vc-text thegem-custom-6436bebda2edf7551\">\n<div class=\"wpb_wrapper\">\n<div class=\"vc_row wpb_row vc_inner vc_row-fluid thegem-custom-6436bef9f1b444808 custom-inner-column-6436bef9f1b48\">\n<div class=\"wpb_column vc_column_container vc_col-sm-12 thegem-custom-6436bef9f32158038 vc_col-has-fill\">\n<div class=\"vc_column-inner thegem-custom-inner-6436bef9f3216 vc_custom_1677246552221\">\n<div class=\"wpb_wrapper thegem-custom-6436bef9f32158038\">\n<div class=\"wpb_text_column wpb_content_element vc_custom_1677767965458 thegem-vc-text thegem-custom-6436befa003614624\">\n<div class=\"wpb_wrapper\">\n<div class=\"vc_row wpb_row vc_inner vc_row-fluid thegem-custom-6436bfb24dfd75991 custom-inner-column-6436bfb24dfdc\">\n<div class=\"wpb_column vc_column_container vc_col-sm-12 thegem-custom-6436bfb24f68a4231 vc_col-has-fill\">\n<div class=\"vc_column-inner thegem-custom-inner-6436bfb24f68b vc_custom_1677246552221\">\n<div class=\"wpb_wrapper thegem-custom-6436bfb24f68a4231\">\n<div class=\"wpb_text_column wpb_content_element vc_custom_1677768201786 thegem-vc-text thegem-custom-6436bfb24f7969760\">\n<div class=\"wpb_wrapper\">\n<div class=\"vc_row wpb_row vc_inner vc_row-fluid thegem-custom-6436c04ca42491341 custom-inner-column-6436c04ca424d\">\n<div class=\"wpb_column vc_column_container vc_col-sm-12 thegem-custom-6436c04ca590a4164 vc_col-has-fill\">\n<div class=\"vc_column-inner thegem-custom-inner-6436c04ca590b vc_custom_1677246552221\">\n<div class=\"wpb_wrapper thegem-custom-6436c04ca590a4164\">\n<div class=\"wpb_text_column wpb_content_element vc_custom_1677768392454 thegem-vc-text thegem-custom-6436c04ca59e57966\">\n<div class=\"wpb_wrapper\">\n<h1>PRESTACIONES Y DIMENSIONES<\/h1>\n<\/div>\n<\/div>\n<\/div>\n<\/div>\n<\/div>\n<\/div>\n<div class=\"vc_row wpb_row vc_inner vc_row-fluid thegem-custom-6436c04ca5ae39881 custom-inner-column-6436c04ca5ae7\">\n<div class=\"wpb_column vc_column_container vc_col-sm-6 thegem-custom-6436c04ca5bf16634\">\n<div class=\"vc_column-inner thegem-custom-inner-6436c04ca5bf2 \">\n<div class=\"wpb_wrapper thegem-custom-6436c04ca5bf16634\"><\/div>\n<\/div>\n<\/div>\n<\/div>\n<\/div>\n<\/div>\n<\/div>\n<\/div>\n<\/div>\n<\/div>\n<div class=\"vc_row wpb_row vc_inner vc_row-fluid thegem-custom-6436bfb24f8ab6447 custom-inner-column-6436bfb24f8af\">\n<div class=\"wpb_column vc_column_container vc_col-sm-6 thegem-custom-6436bfb24f9c26693\">\n<div class=\"vc_column-inner thegem-custom-inner-6436bfb24f9c3 \">\n<div class=\"wpb_wrapper thegem-custom-6436bfb24f9c26693\"><\/div>\n<\/div>\n<\/div>\n<\/div>\n<\/div>\n<\/div>\n<\/div>\n<\/div>\n<\/div>\n<\/div>\n<\/div>\n<\/div>\n<\/div>\n<\/div>\n<\/div>\n<\/div>\n<p>[\/vc_column_text][\/vc_column_inner][\/vc_row_inner][vc_row_inner][vc_column_inner width=\u00bb1\/2&#8243;][vc_gallery interval=\u00bb3&#8243; images=\u00bb37065,37124,37130,37059,37083,37101,37113,37089,37077,37071,37048&#8243; img_size=\u00bb500&#215;500&#8243;][\/vc_column_inner][vc_column_inner width=\u00bb1\/2&#8243;][vc_column_text]<\/p>\n<h1><span style=\"color: #808080;\">S<\/span><span style=\"color: #ff0000;\">15<\/span><span style=\"color: #808080;\">F<\/span><\/h1>\n<p>[\/vc_column_text][vc_column_text]<\/p>\n<h4>Caracter\u00edsticas principales<\/h4>\n<p>[\/vc_column_text][vc_column_text]<\/p>\n<p class=\"p1\">Plataforma geom\u00e9trica sin limitador de alcance, con pant\u00f3grafo y brazo telesc\u00f3pico con una extensi\u00f3n m\u00e1s jib. Ofrece excelentes prestaciones en todo tipo de uso gracias a una zona de estabilizaci\u00f3n compacta que le confiere la m\u00e1xima estabilidad incluso en los terrenos m\u00e1s insidiosos.<\/p>\n<p>[\/vc_column_text][\/vc_column_inner][\/vc_row_inner][vc_row_inner][vc_column_inner][vc_separator border_width=\u00bb8&#8243;][\/vc_column_inner][\/vc_row_inner][vc_row_inner][vc_column_inner width=\u00bb1\/4&#8243;][vc_btn title=\u00bbVENTAJAS\u00bb style=\u00bbcustom\u00bb custom_background=\u00bb#da0e18&#8243; custom_text=\u00bb#ffffff\u00bb align=\u00bbcenter\u00bb button_block=\u00bbtrue\u00bb css=\u00bb.vc_custom_1687270829501{padding-right: 10px !important;padding-left: 10px !important;}\u00bb link=\u00bburl:https%3A%2F%2Fwww.brochure.cmclift.com%2Fes%2Ff-brochure-benefit%2F|title:F%20BROCHURE%20%E2%80%93%20Benefit\u00bb][\/vc_column_inner][vc_column_inner width=\u00bb1\/4&#8243;][vc_btn title=\u00bbAPLICACIONES\u00bb style=\u00bbcustom\u00bb custom_background=\u00bb#da0e18&#8243; custom_text=\u00bb#ffffff\u00bb align=\u00bbcenter\u00bb button_block=\u00bbtrue\u00bb css=\u00bb.vc_custom_1687270809769{padding-right: 10px !important;padding-left: 10px !important;}\u00bb link=\u00bburl:https%3A%2F%2Fwww.brochure.cmclift.com%2Fes%2Ff-brochure-applications%2F|title:F%20BROCHURE%20%E2%80%93%20Applications\u00bb][\/vc_column_inner][vc_column_inner width=\u00bb1\/4&#8243;][vc_btn title=\u00bbT\u00c9CNICOS\u00bb style=\u00bbcustom\u00bb custom_background=\u00bb#da0e18&#8243; custom_text=\u00bb#ffffff\u00bb align=\u00bbcenter\u00bb button_block=\u00bbtrue\u00bb css=\u00bb.vc_custom_1687270781805{padding-right: 10px !important;padding-left: 10px !important;}\u00bb link=\u00bburl:https%3A%2F%2Fwww.brochure.cmclift.com%2Fes%2Frender-s15f%2F|title:F%20BROCHURE%20%E2%80%93%20Render%20S15F\u00bb][\/vc_column_inner][vc_column_inner width=\u00bb1\/4&#8243;][vc_btn title=\u00bbCARACTER\u00cdSTICAS\u00bb style=\u00bbcustom\u00bb custom_background=\u00bb#da0e18&#8243; custom_text=\u00bb#ffffff\u00bb align=\u00bbcenter\u00bb button_block=\u00bbtrue\u00bb css=\u00bb.vc_custom_1687417109657{border-left-width: 15px !important;padding-right: 15px !important;padding-left: 15px !important;}\u00bb link=\u00bburl:https%3A%2F%2Fwww.brochure.cmclift.com%2Fes%2Ffeatures-f%2F|title:F%20BROCHURE%20%E2%80%93%20Features%20F\u00bb][\/vc_column_inner][\/vc_row_inner][vc_row_inner][vc_column_inner][vc_separator border_width=\u00bb8&#8243;][\/vc_column_inner][\/vc_row_inner][vc_row_inner][vc_column_inner]<div class=\"gem-table  gem-table-style-1\"><table style=\"width: 100%;\">\n<tbody>\n<tr>\n<td><img decoding=\"async\" class=\"wp-image-30667 alignnone\" src=\"https:\/\/www.brochure.cmclift.com\/wp-content\/uploads\/2023\/02\/CMC_Max-working-height.jpg\" alt=\"\" width=\"50\" height=\"50\" srcset=\"https:\/\/www.brochure.cmclift.com\/wp-content\/uploads\/2023\/02\/CMC_Max-working-height.jpg 216w, https:\/\/www.brochure.cmclift.com\/wp-content\/uploads\/2023\/02\/CMC_Max-working-height-150x150.jpg 150w\" sizes=\"(max-width: 50px) 100vw, 50px\" \/><\/td>\n<td style=\"text-align: left;\">Altura m\u00e1xima de trabajo<\/td>\n<td style=\"text-align: left;\"><strong>14,8m<\/strong><\/td>\n<\/tr>\n<tr>\n<td><img decoding=\"async\" class=\"wp-image-30637 alignnone\" src=\"https:\/\/www.brochure.cmclift.com\/wp-content\/uploads\/2023\/02\/CMC_-max-outreach.jpg\" alt=\"\" width=\"50\" height=\"50\" srcset=\"https:\/\/www.brochure.cmclift.com\/wp-content\/uploads\/2023\/02\/CMC_-max-outreach.jpg 215w, https:\/\/www.brochure.cmclift.com\/wp-content\/uploads\/2023\/02\/CMC_-max-outreach-150x150.jpg 150w\" sizes=\"(max-width: 50px) 100vw, 50px\" \/><\/td>\n<td style=\"text-align: left;\">Alcance lateral m\u00e1x<\/td>\n<td style=\"text-align: left;\"><strong>8,7m<\/strong><\/td>\n<\/tr>\n<tr>\n<td><img decoding=\"async\" class=\"wp-image-30673 alignnone\" src=\"https:\/\/www.brochure.cmclift.com\/wp-content\/uploads\/2023\/02\/CMC_platform-height.jpg\" alt=\"\" width=\"50\" height=\"50\" srcset=\"https:\/\/www.brochure.cmclift.com\/wp-content\/uploads\/2023\/02\/CMC_platform-height.jpg 216w, https:\/\/www.brochure.cmclift.com\/wp-content\/uploads\/2023\/02\/CMC_platform-height-150x150.jpg 150w\" sizes=\"(max-width: 50px) 100vw, 50px\" \/><\/td>\n<td style=\"text-align: left;\">Altura a nivel del suelo<\/td>\n<td style=\"text-align: left;\"><strong>12,9m<\/strong><\/td>\n<\/tr>\n<tr>\n<td><img decoding=\"async\" class=\"wp-image-30655 alignnone\" src=\"https:\/\/www.brochure.cmclift.com\/wp-content\/uploads\/2023\/02\/CMC_max-load-in-basket.jpg\" alt=\"\" width=\"50\" height=\"50\" srcset=\"https:\/\/www.brochure.cmclift.com\/wp-content\/uploads\/2023\/02\/CMC_max-load-in-basket.jpg 215w, https:\/\/www.brochure.cmclift.com\/wp-content\/uploads\/2023\/02\/CMC_max-load-in-basket-150x150.jpg 150w\" sizes=\"(max-width: 50px) 100vw, 50px\" \/><\/td>\n<td style=\"text-align: left;\">Capacidad m\u00e1xima en la cesta<\/td>\n<td style=\"text-align: left;\"><strong>200kg<\/strong><\/td>\n<\/tr>\n<tr>\n<td><img decoding=\"async\" class=\"wp-image-30643 alignnone\" src=\"https:\/\/www.brochure.cmclift.com\/wp-content\/uploads\/2023\/02\/CMC_basket-dimension.jpg\" alt=\"\" width=\"50\" height=\"50\" srcset=\"https:\/\/www.brochure.cmclift.com\/wp-content\/uploads\/2023\/02\/CMC_basket-dimension.jpg 215w, https:\/\/www.brochure.cmclift.com\/wp-content\/uploads\/2023\/02\/CMC_basket-dimension-150x150.jpg 150w\" sizes=\"(max-width: 50px) 100vw, 50px\" \/><\/td>\n<td style=\"text-align: left;\">Dimensiones cesta<\/td>\n<td style=\"text-align: left;\"><strong>1,4&#215;0,7&#215;1,1m<\/strong><\/td>\n<\/tr>\n<tr>\n<td><img decoding=\"async\" class=\"wp-image-30649 alignnone\" src=\"https:\/\/www.brochure.cmclift.com\/wp-content\/uploads\/2023\/02\/CMC_basket-rotation.jpg\" alt=\"\" width=\"50\" height=\"50\" srcset=\"https:\/\/www.brochure.cmclift.com\/wp-content\/uploads\/2023\/02\/CMC_basket-rotation.jpg 216w, https:\/\/www.brochure.cmclift.com\/wp-content\/uploads\/2023\/02\/CMC_basket-rotation-150x150.jpg 150w\" sizes=\"(max-width: 50px) 100vw, 50px\" \/><\/td>\n<td style=\"text-align: left;\">Rotaci\u00f3n de la cesta<\/td>\n<td style=\"text-align: left;\"><strong>+\/-90\u00b0<\/strong><\/td>\n<\/tr>\n<tr>\n<td><img decoding=\"async\" class=\"alignleft wp-image-30685\" src=\"https:\/\/www.brochure.cmclift.com\/wp-content\/uploads\/2023\/02\/CMC_turret-rotation.jpg\" alt=\"\" width=\"50\" height=\"50\" srcset=\"https:\/\/www.brochure.cmclift.com\/wp-content\/uploads\/2023\/02\/CMC_turret-rotation.jpg 216w, https:\/\/www.brochure.cmclift.com\/wp-content\/uploads\/2023\/02\/CMC_turret-rotation-150x150.jpg 150w\" sizes=\"(max-width: 50px) 100vw, 50px\" \/><\/td>\n<td style=\"text-align: left;\">Rotaci\u00f3n de la torreta<\/td>\n<td style=\"text-align: left;\"><strong>+\/-178\u00b0<br \/>\n<\/strong><strong>(356\u00b0 no-continuos)<\/strong><\/td>\n<\/tr>\n<tr>\n<td><img decoding=\"async\" class=\"alignnone wp-image-30679\" src=\"https:\/\/www.brochure.cmclift.com\/wp-content\/uploads\/2023\/02\/CMC_platform-weight.jpg\" alt=\"\" width=\"50\" height=\"50\" srcset=\"https:\/\/www.brochure.cmclift.com\/wp-content\/uploads\/2023\/02\/CMC_platform-weight.jpg 215w, https:\/\/www.brochure.cmclift.com\/wp-content\/uploads\/2023\/02\/CMC_platform-weight-150x150.jpg 150w\" sizes=\"(max-width: 50px) 100vw, 50px\" \/><\/td>\n<td style=\"text-align: left;\">Peso total<\/td>\n<td style=\"text-align: left;\"><strong>2378kg<\/strong><\/td>\n<\/tr>\n<\/tbody>\n<\/table>\n<\/div>[\/vc_column_inner][\/vc_row_inner][vc_row_inner][vc_column_inner][vc_separator border_width=\u00bb8&#8243;][\/vc_column_inner][\/vc_row_inner][\/vc_column][\/vc_row]<\/p>\n<\/section>","protected":false},"excerpt":{"rendered":"<p>[vc_row][vc_column][vc_empty_space height=\u00bb100&#8243;][\/vc_column][\/vc_row][vc_row css=\u00bb.vc_custom_1677246539767{background-color: #ffffff !important;}\u00bb][vc_column][vc_row_inner][vc_column_inner css=\u00bb.vc_custom_1677246552221{background-color: #ffffff !important;}\u00bb][vc_column_text css=\u00bb.vc_custom_1681309788264{background-color: #ffffff !important;}\u00bb] PRESTACIONES Y DIMENSIONES [\/vc_column_text][\/vc_column_inner][\/vc_row_inner][vc_row_inner][vc_column_inner width=\u00bb1\/2&#8243;][vc_gallery interval=\u00bb3&#8243; images=\u00bb37065,37124,37130,37059,37083,37101,37113,37089,37077,37071,37048&#8243; img_size=\u00bb500&#215;500&#8243;][\/vc_column_inner][vc_column_inner width=\u00bb1\/2&#8243;][vc_column_text]&#8230;<\/p>\n","protected":false},"author":13,"featured_media":0,"parent":0,"menu_order":0,"comment_status":"closed","ping_status":"closed","template":"","meta":{"footnotes":""},"class_list":["post-33071","page","type-page","status-publish"],"_links":{"self":[{"href":"https:\/\/www.brochure.cmclift.com\/es\/wp-json\/wp\/v2\/pages\/33071","targetHints":{"allow":["GET"]}}],"collection":[{"href":"https:\/\/www.brochure.cmclift.com\/es\/wp-json\/wp\/v2\/pages"}],"about":[{"href":"https:\/\/www.brochure.cmclift.com\/es\/wp-json\/wp\/v2\/types\/page"}],"author":[{"embeddable":true,"href":"https:\/\/www.brochure.cmclift.com\/es\/wp-json\/wp\/v2\/users\/13"}],"replies":[{"embeddable":true,"href":"https:\/\/www.brochure.cmclift.com\/es\/wp-json\/wp\/v2\/comments?post=33071"}],"version-history":[{"count":11,"href":"https:\/\/www.brochure.cmclift.com\/es\/wp-json\/wp\/v2\/pages\/33071\/revisions"}],"predecessor-version":[{"id":37135,"href":"https:\/\/www.brochure.cmclift.com\/es\/wp-json\/wp\/v2\/pages\/33071\/revisions\/37135"}],"wp:attachment":[{"href":"https:\/\/www.brochure.cmclift.com\/es\/wp-json\/wp\/v2\/media?parent=33071"}],"curies":[{"name":"wp","href":"https:\/\/api.w.org\/{rel}","templated":true}]}}