{"id":33896,"date":"2023-04-21T11:17:58","date_gmt":"2023-04-21T09:17:58","guid":{"rendered":"https:\/\/www.brochure.cmclift.com\/?page_id=33896"},"modified":"2023-06-21T16:16:46","modified_gmt":"2023-06-21T14:16:46","slug":"hd-brochure","status":"publish","type":"page","link":"https:\/\/www.brochure.cmclift.com\/es\/hd-brochure\/","title":{"rendered":"HD BROCHURE"},"content":{"rendered":"<section class=\"wpb-content-wrapper\"><p>[vc_row full_width=\u00bbstretch_row\u00bb full_height=\u00bbyes\u00bb columns_placement=\u00bbstretch\u00bb content_placement=\u00bbmiddle\u00bb background_position_desktop=\u00bbcenter center\u00bb css_animation=\u00bbnone\u00bb thegem_featured_image_for_bg_active=\u00bbtrue\u00bb css=\u00bb.vc_custom_1677236722169{background-position: center !important;background-repeat: no-repeat !important;background-size: cover !important;}\u00bb][vc_column css=\u00bb.vc_custom_1686748904627{background-image: url(https:\/\/www.brochure.cmclift.com\/wp-content\/uploads\/2023\/06\/background-7-scaled.jpg?id=35839) !important;background-position: center !important;background-repeat: no-repeat !important;background-size: cover !important;}\u00bb][vc_column_text el_class=\u00bbwhite\u00bb]<\/p>\n<h1 class=\"p1\" style=\"text-align: center;\">SERIE HD<\/h1>\n<h4 style=\"text-align: center;\">HEAVY DUTY<\/h4>\n<p>[\/vc_column_text][\/vc_column][\/vc_row][vc_row][vc_column]<div class=\"thegem-te-heading thegem-custom-69e21a6d35a2e3723\" ><h1 id=\"thegem-heading-69e21a6d35a0c\" class=\"thegem-heading\" style=\"text-align: left;\" ><span class=\"colored\" style=\"color: #54606b;\">S\u00c9RIE HD<\/span><\/h1><style type=\"text\/css\">#thegem-heading-69e21a6d35a0c {margin: 0;}#thegem-heading-69e21a6d35a0c a:hover, #thegem-heading-69e21a6d35a0c a:hover span.colored {color: var(--thegem-to-menu-level1-color-hover, #00BCD4) !important;}<\/style><\/div><style>@media screen and (max-width: 1023px) {.thegem-te-heading.thegem-custom-69e21a6d35a2e3723{display: block!important;}}@media screen and (max-width: 767px) {.thegem-te-heading.thegem-custom-69e21a6d35a2e3723{display: block!important;}}@media screen and (max-width: 1023px) {.thegem-te-heading.thegem-custom-69e21a6d35a2e3723{position: relative !important;}}@media screen and (max-width: 767px) {.thegem-te-heading.thegem-custom-69e21a6d35a2e3723{position: relative !important;}}<\/style><div class=\"thegem-te-heading thegem-custom-69e21a6d35af01472\" ><h4 id=\"thegem-heading-69e21a6d35adc\" class=\"thegem-heading\" style=\"text-align: left;\" ><span class=\"colored\" style=\"color: #54606b;\">HEAVY DUTY<\/span><\/h4><style type=\"text\/css\">#thegem-heading-69e21a6d35adc {margin: 0;}#thegem-heading-69e21a6d35adc a:hover, #thegem-heading-69e21a6d35adc a:hover span.colored {color: var(--thegem-to-menu-level1-color-hover, #00BCD4) !important;}<\/style><\/div><style>@media screen and (max-width: 1023px) {.thegem-te-heading.thegem-custom-69e21a6d35af01472{display: block!important;}}@media screen and (max-width: 767px) {.thegem-te-heading.thegem-custom-69e21a6d35af01472{display: block!important;}}@media screen and (max-width: 1023px) {.thegem-te-heading.thegem-custom-69e21a6d35af01472{position: relative !important;}}@media screen and (max-width: 767px) {.thegem-te-heading.thegem-custom-69e21a6d35af01472{position: relative !important;}}<\/style>[vc_empty_space][vc_column_text]<\/p>\n<p class=\"p1\">Una serie de plataformas a\u00e9reas dise\u00f1adas para los usos m\u00e1s pesados. Se combinan la gran resistencia del carro con la m\u00e1xima agilidad de la parte a\u00e9rea, compuesta por un pant\u00f3grafo \u00fanico m\u00e1s un brazo telesc\u00f3pico.<\/p>\n<p class=\"p1\">Gracias a su dise\u00f1o compacto, su amplio alcance y sus estabilizadores articulados con gran capacidad de nivelaci\u00f3n, las plataformas de la serie HD &#8211; con alturas m\u00e1ximas de trabajo de 19 m y 22 m &#8211; son las estrellas indiscutibles del trabajo en condiciones extremas, pudiendo operar en cualquier condici\u00f3n y terreno, garantizando la m\u00e1xima eficiencia y seguridad, tambi\u00e9n gracias al Self Control System de CMC, un sistema electr\u00f3nico que realiza autom\u00e1ticamente la mayor\u00eda de las operaciones de control y estabilizaci\u00f3n de la m\u00e1quina.<\/p>\n<p>[\/vc_column_text][\/vc_column][\/vc_row][vc_row][vc_column][vc_empty_space][\/vc_column][\/vc_row][vc_row][vc_column width=\u00bb1\/2&#8243; css=\u00bb.vc_custom_1676988586107{padding-top: 0px !important;padding-bottom: 0px !important;}\u00bb][vc_single_image image=\u00bb33844&#8243; img_size=\u00bbfull\u00bb alignment=\u00bbcenter\u00bb style=\u00bbvc_box_rounded\u00bb onclick=\u00bbcustom_link\u00bb link=\u00bbhttps:\/\/www.brochure.cmclift.com\/es\/performance-s19hd\/\u00bb][\/vc_column][vc_column width=\u00bb1\/2&#8243;][vc_single_image image=\u00bb33874&#8243; img_size=\u00bbfull\u00bb alignment=\u00bbcenter\u00bb style=\u00bbvc_box_rounded\u00bb onclick=\u00bbcustom_link\u00bb link=\u00bbhttps:\/\/www.brochure.cmclift.com\/es\/performance-s22hd\/\u00bb][\/vc_column][\/vc_row][vc_row][vc_column][vc_separator border_width=\u00bb8&#8243;][\/vc_column][\/vc_row][vc_row][vc_column width=\u00bb1\/3&#8243;][vc_btn title=\u00bbVENTAJAS\u00bb style=\u00bbcustom\u00bb custom_background=\u00bb#da0e18&#8243; custom_text=\u00bb#ffffff\u00bb align=\u00bbcenter\u00bb button_block=\u00bbtrue\u00bb link=\u00bburl:https%3A%2F%2Fwww.brochure.cmclift.com%2Fes%2Fhd-brochure-benefit%2F|title:HD%20BROCHURE%20%E2%80%93%20Benefit\u00bb][\/vc_column][vc_column width=\u00bb1\/3&#8243;][vc_btn title=\u00bbOPCIONAL\u00bb style=\u00bbcustom\u00bb custom_background=\u00bb#da0e18&#8243; custom_text=\u00bb#ffffff\u00bb align=\u00bbcenter\u00bb button_block=\u00bbtrue\u00bb link=\u00bburl:https%3A%2F%2Fwww.brochure.cmclift.com%2Fes%2Ffeatures-hd%2F|title:Features%20HD\u00bb][\/vc_column][vc_column width=\u00bb1\/3&#8243;][vc_btn title=\u00bbAPLICACIONES\u00bb style=\u00bbcustom\u00bb custom_background=\u00bb#da0e18&#8243; custom_text=\u00bb#ffffff\u00bb align=\u00bbcenter\u00bb button_block=\u00bbtrue\u00bb link=\u00bburl:https%3A%2F%2Fwww.brochure.cmclift.com%2Fes%2Fhd-brochure-applications%2F|title:HD%20BROCHURE%20%E2%80%93%20Applications\u00bb][\/vc_column][\/vc_row][vc_row][vc_column][vc_separator border_width=\u00bb8&#8243;][\/vc_column][\/vc_row][vc_row][vc_column][vc_empty_space height=\u00bb100&#8243;][\/vc_column][\/vc_row]<\/p>\n<\/section>","protected":false},"excerpt":{"rendered":"<p>[vc_row full_width=\u00bbstretch_row\u00bb full_height=\u00bbyes\u00bb columns_placement=\u00bbstretch\u00bb content_placement=\u00bbmiddle\u00bb background_position_desktop=\u00bbcenter center\u00bb css_animation=\u00bbnone\u00bb thegem_featured_image_for_bg_active=\u00bbtrue\u00bb css=\u00bb.vc_custom_1677236722169{background-position: center !important;background-repeat: no-repeat !important;background-size: cover !important;}\u00bb][vc_column css=\u00bb.vc_custom_1686748904627{background-image: url(https:\/\/www.brochure.cmclift.com\/wp-content\/uploads\/2023\/06\/background-7-scaled.jpg?id=35839) !important;background-position: center&#8230;<\/p>\n","protected":false},"author":13,"featured_media":0,"parent":0,"menu_order":0,"comment_status":"closed","ping_status":"closed","template":"","meta":{"footnotes":""},"class_list":["post-33896","page","type-page","status-publish"],"_links":{"self":[{"href":"https:\/\/www.brochure.cmclift.com\/es\/wp-json\/wp\/v2\/pages\/33896","targetHints":{"allow":["GET"]}}],"collection":[{"href":"https:\/\/www.brochure.cmclift.com\/es\/wp-json\/wp\/v2\/pages"}],"about":[{"href":"https:\/\/www.brochure.cmclift.com\/es\/wp-json\/wp\/v2\/types\/page"}],"author":[{"embeddable":true,"href":"https:\/\/www.brochure.cmclift.com\/es\/wp-json\/wp\/v2\/users\/13"}],"replies":[{"embeddable":true,"href":"https:\/\/www.brochure.cmclift.com\/es\/wp-json\/wp\/v2\/comments?post=33896"}],"version-history":[{"count":8,"href":"https:\/\/www.brochure.cmclift.com\/es\/wp-json\/wp\/v2\/pages\/33896\/revisions"}],"predecessor-version":[{"id":36345,"href":"https:\/\/www.brochure.cmclift.com\/es\/wp-json\/wp\/v2\/pages\/33896\/revisions\/36345"}],"wp:attachment":[{"href":"https:\/\/www.brochure.cmclift.com\/es\/wp-json\/wp\/v2\/media?parent=33896"}],"curies":[{"name":"wp","href":"https:\/\/api.w.org\/{rel}","templated":true}]}}