{"id":33942,"date":"2023-04-26T08:40:47","date_gmt":"2023-04-26T06:40:47","guid":{"rendered":"https:\/\/www.brochure.cmclift.com\/?page_id=33942"},"modified":"2023-07-03T12:53:55","modified_gmt":"2023-07-03T10:53:55","slug":"hd-brochure-applications","status":"publish","type":"page","link":"https:\/\/www.brochure.cmclift.com\/es\/hd-brochure-applications\/","title":{"rendered":"HD BROCHURE &#8211; Applications"},"content":{"rendered":"<section class=\"wpb-content-wrapper\"><p>[vc_row][vc_column][vc_empty_space height=\u00bb100&#8243;][\/vc_column][\/vc_row][vc_row css=\u00bb.vc_custom_1677834925062{background-color: #ffffff !important;}\u00bb][vc_column][vc_column_text]<\/p>\n<h1 class=\"p1\">APLICACIONES<\/h1>\n<p>[\/vc_column_text][\/vc_column][\/vc_row][vc_row][vc_column][vc_row_inner content_placement=\u00bbmiddle\u00bb thegem_shadow_color=\u00bbrgba(10,10,10,0.24)\u00bb thegem_shaow_horizontal=\u00bb10&#8243; thegem_shaow_vertical=\u00bb10&#8243; thegem_shaow_blur=\u00bb10&#8243; thegem_shaow_spread=\u00bb-2&#8243; thegem_enable_shadow=\u00bbtrue\u00bb css=\u00bb.vc_custom_1677682137225{margin-right: 10px !important;margin-left: 10px !important;background-color: #ffffff !important;}\u00bb tablet_margin_top=\u00bb10&#8243; mobile_margin_top=\u00bb10&#8243;][vc_column_inner width=\u00bb1\/2&#8243; css=\u00bb.vc_custom_1677164193130{margin-bottom: -10px !important;}\u00bb][vc_single_image image=\u00bb33924&#8243; img_size=\u00bb300&#215;300&#8243; alignment=\u00bbcenter\u00bb][\/vc_column_inner][vc_column_inner width=\u00bb1\/2&#8243;][vc_column_text]<\/p>\n<h4>Obras de restauraci\u00f3n de edificios<\/h4>\n<p>[\/vc_column_text][vc_column_text]<\/p>\n<p class=\"p1\">incluso en contextos de dif\u00edcil acceso como el interior de iglesias, edificios hist\u00f3ricos, hoteles y centros comerciales.<\/p>\n<p>[\/vc_column_text][\/vc_column_inner][\/vc_row_inner][vc_row_inner content_placement=\u00bbmiddle\u00bb thegem_shadow_color=\u00bbrgba(10,10,10,0.24)\u00bb thegem_shaow_horizontal=\u00bb10&#8243; thegem_shaow_vertical=\u00bb10&#8243; thegem_shaow_blur=\u00bb10&#8243; thegem_shaow_spread=\u00bb-2&#8243; thegem_enable_shadow=\u00bbtrue\u00bb css=\u00bb.vc_custom_1677682188735{margin-right: 10px !important;margin-left: 10px !important;background-color: #ffffff !important;}\u00bb tablet_margin_top=\u00bb10&#8243; mobile_margin_top=\u00bb10&#8243;][vc_column_inner width=\u00bb1\/2&#8243; css=\u00bb.vc_custom_1677164193130{margin-bottom: -10px !important;}\u00bb][vc_single_image image=\u00bb33912&#8243; img_size=\u00bb300&#215;300&#8243; alignment=\u00bbcenter\u00bb][\/vc_column_inner][vc_column_inner width=\u00bb1\/2&#8243;][vc_column_text]<\/p>\n<h4>Gesti\u00f3n y mantenimiento de plantas y edificios<\/h4>\n<p>[\/vc_column_text][vc_column_text]<\/p>\n<p class=\"p1\">especialmente en \u00e1reas con tr\u00e1fico limitado o en lugares de dif\u00edcil acceso para plataformas<br \/>\nmontadas en camiones.<\/p>\n<p>[\/vc_column_text][\/vc_column_inner][\/vc_row_inner][vc_row_inner content_placement=\u00bbmiddle\u00bb thegem_shadow_color=\u00bbrgba(10,10,10,0.24)\u00bb thegem_shaow_horizontal=\u00bb10&#8243; thegem_shaow_vertical=\u00bb10&#8243; thegem_shaow_blur=\u00bb10&#8243; thegem_shaow_spread=\u00bb-2&#8243; thegem_enable_shadow=\u00bbtrue\u00bb css=\u00bb.vc_custom_1677682209265{margin-right: 10px !important;margin-left: 10px !important;background-color: #ffffff !important;}\u00bb tablet_margin_top=\u00bb10&#8243; mobile_margin_top=\u00bb10&#8243;][vc_column_inner width=\u00bb1\/2&#8243; css=\u00bb.vc_custom_1677164193130{margin-bottom: -10px !important;}\u00bb][vc_single_image image=\u00bb33918&#8243; img_size=\u00bb300&#215;300&#8243; alignment=\u00bbcenter\u00bb][\/vc_column_inner][vc_column_inner width=\u00bb1\/2&#8243;][vc_column_text]<\/p>\n<div class=\"wpb_text_column wpb_content_element thegem-vc-text thegem-custom-64425b5f1712f4664\">\n<div class=\"wpb_wrapper\">\n<h4>Poda de \u00e1rboles altos<\/h4>\n<\/div>\n<\/div>\n<p>[\/vc_column_text][vc_column_text]<\/p>\n<p class=\"p1\">incluso cuando se opera en espacios limitados dentro de hogares privados o en cespederas particularmente delicadas.<\/p>\n<p>[\/vc_column_text][\/vc_column_inner][\/vc_row_inner][\/vc_column][\/vc_row][vc_row][vc_column][vc_empty_space][\/vc_column][\/vc_row][vc_row][vc_column][vc_separator border_width=\u00bb8&#8243;][\/vc_column][\/vc_row][vc_row][vc_column width=\u00bb1\/4&#8243;][vc_btn title=\u00bbOPCIONAL\u00bb style=\u00bbcustom\u00bb custom_background=\u00bb#da121a\u00bb custom_text=\u00bb#ffffff\u00bb align=\u00bbcenter\u00bb button_block=\u00bbtrue\u00bb css=\u00bb.vc_custom_1687358321754{margin-top: 50px !important;margin-bottom: 50px !important;}\u00bb link=\u00bburl:https%3A%2F%2Fwww.brochure.cmclift.com%2Fes%2Ffeatures-hd%2F|title:Features%20HD\u00bb][\/vc_column][vc_column width=\u00bb1\/4&#8243;][vc_btn title=\u00bbVENTAJAS\u00bb style=\u00bbcustom\u00bb custom_background=\u00bb#da121a\u00bb custom_text=\u00bb#ffffff\u00bb align=\u00bbcenter\u00bb button_block=\u00bbtrue\u00bb css=\u00bb.vc_custom_1687358283180{margin-top: 50px !important;margin-bottom: 50px !important;}\u00bb link=\u00bburl:https%3A%2F%2Fwww.brochure.cmclift.com%2Fes%2Fhd-brochure-benefit%2F|title:HD%20BROCHURE%20%E2%80%93%20Benefit\u00bb][\/vc_column][vc_column width=\u00bb1\/4&#8243;][vc_btn title=\u00bbSERIE HD\u00bb style=\u00bbcustom\u00bb custom_background=\u00bb#da121a\u00bb custom_text=\u00bb#ffffff\u00bb align=\u00bbcenter\u00bb button_block=\u00bbtrue\u00bb css=\u00bb.vc_custom_1687358264146{margin-top: 50px !important;margin-bottom: 50px !important;}\u00bb link=\u00bburl:https%3A%2F%2Fwww.brochure.cmclift.com%2Fes%2Fhd-brochure%2F|title:HD%20BROCHURE%20%E2%80%93%20Models\u00bb][\/vc_column][vc_column width=\u00bb1\/4&#8243;][vc_btn title=\u00bbMODELOS\u00bb style=\u00bbcustom\u00bb custom_background=\u00bb#da121a\u00bb custom_text=\u00bb#ffffff\u00bb align=\u00bbcenter\u00bb button_block=\u00bbtrue\u00bb css=\u00bb.vc_custom_1687358326681{margin-top: 50px !important;margin-bottom: 50px !important;}\u00bb link=\u00bburl:https%3A%2F%2Fwww.brochure.cmclift.com%2Fes%2Fhd-brochure-models%2F|title:HD%20BROCHURE%20%E2%80%93%20Models\u00bb][\/vc_column][\/vc_row][vc_row][vc_column][vc_separator border_width=\u00bb8&#8243;][\/vc_column][\/vc_row][vc_row][vc_column][vc_empty_space][\/vc_column][\/vc_row]<\/p>\n<\/section>","protected":false},"excerpt":{"rendered":"<p>[vc_row][vc_column][vc_empty_space height=\u00bb100&#8243;][\/vc_column][\/vc_row][vc_row css=\u00bb.vc_custom_1677834925062{background-color: #ffffff !important;}\u00bb][vc_column][vc_column_text] APLICACIONES [\/vc_column_text][\/vc_column][\/vc_row][vc_row][vc_column][vc_row_inner content_placement=\u00bbmiddle\u00bb thegem_shadow_color=\u00bbrgba(10,10,10,0.24)\u00bb thegem_shaow_horizontal=\u00bb10&#8243; thegem_shaow_vertical=\u00bb10&#8243; thegem_shaow_blur=\u00bb10&#8243; thegem_shaow_spread=\u00bb-2&#8243; thegem_enable_shadow=\u00bbtrue\u00bb css=\u00bb.vc_custom_1677682137225{margin-right: 10px !important;margin-left: 10px !important;background-color: #ffffff&#8230;<\/p>\n","protected":false},"author":13,"featured_media":0,"parent":0,"menu_order":0,"comment_status":"closed","ping_status":"closed","template":"","meta":{"footnotes":""},"class_list":["post-33942","page","type-page","status-publish"],"_links":{"self":[{"href":"https:\/\/www.brochure.cmclift.com\/es\/wp-json\/wp\/v2\/pages\/33942","targetHints":{"allow":["GET"]}}],"collection":[{"href":"https:\/\/www.brochure.cmclift.com\/es\/wp-json\/wp\/v2\/pages"}],"about":[{"href":"https:\/\/www.brochure.cmclift.com\/es\/wp-json\/wp\/v2\/types\/page"}],"author":[{"embeddable":true,"href":"https:\/\/www.brochure.cmclift.com\/es\/wp-json\/wp\/v2\/users\/13"}],"replies":[{"embeddable":true,"href":"https:\/\/www.brochure.cmclift.com\/es\/wp-json\/wp\/v2\/comments?post=33942"}],"version-history":[{"count":7,"href":"https:\/\/www.brochure.cmclift.com\/es\/wp-json\/wp\/v2\/pages\/33942\/revisions"}],"predecessor-version":[{"id":36811,"href":"https:\/\/www.brochure.cmclift.com\/es\/wp-json\/wp\/v2\/pages\/33942\/revisions\/36811"}],"wp:attachment":[{"href":"https:\/\/www.brochure.cmclift.com\/es\/wp-json\/wp\/v2\/media?parent=33942"}],"curies":[{"name":"wp","href":"https:\/\/api.w.org\/{rel}","templated":true}]}}