{"id":34261,"date":"2023-05-03T08:09:25","date_gmt":"2023-05-03T06:09:25","guid":{"rendered":"https:\/\/www.brochure.cmclift.com\/?page_id=34261"},"modified":"2023-07-03T12:55:30","modified_gmt":"2023-07-03T10:55:30","slug":"hd-brochure-benefit","status":"publish","type":"page","link":"https:\/\/www.brochure.cmclift.com\/es\/hd-brochure-benefit\/","title":{"rendered":"HD BROCHURE &#8211; Benefit"},"content":{"rendered":"<section class=\"wpb-content-wrapper\"><p>[vc_row][vc_column][vc_row_inner][vc_column_inner][vc_empty_space height=\u00bb100&#8243;][\/vc_column_inner][\/vc_row_inner][\/vc_column][\/vc_row][vc_row][vc_column][vc_column_text]<\/p>\n<h1 style=\"text-align: left;\">VENTAJAS<\/h1>\n<p>[\/vc_column_text][\/vc_column][\/vc_row][vc_row][vc_column][vc_row_inner][vc_column_inner width=\u00bb1\/2&#8243;][vc_single_image image=\u00bb34116&#8243; img_size=\u00bb500&#215;500&#8243;][\/vc_column_inner][vc_column_inner width=\u00bb1\/2&#8243;][vc_column_text css=\u00bb.vc_custom_1683094066146{border-left-width: 10px !important;}\u00bb]<\/p>\n<h4 class=\"p1\">Facilidad de transporte<\/h4>\n<p>[\/vc_column_text][vc_column_text]<\/p>\n<p class=\"p1\">Las plataformas de la serie HD de CMC HD son robustas pero ligeras, autocargables y f\u00e1cilmente transportables en remolques. Gracias a su tama\u00f1o compacto, tambi\u00e9n pueden pasar por una puerta est\u00e1ndar.<\/p>\n<p>[\/vc_column_text][\/vc_column_inner][\/vc_row_inner][vc_separator color=\u00bbwhite\u00bb][vc_row_inner][vc_column_inner width=\u00bb1\/2&#8243;][vc_single_image image=\u00bb34137&#8243; img_size=\u00bb500&#215;500&#8243;][\/vc_column_inner][vc_column_inner width=\u00bb1\/2&#8243;][vc_column_text css=\u00bb.vc_custom_1683094078722{border-left-width: 10px !important;}\u00bb]<\/p>\n<h4>Versatilidad de uso<\/h4>\n<p>[\/vc_column_text][vc_column_text]<\/p>\n<p class=\"p1\">Con su dise\u00f1o compacto, su gran alcance lateral, sus estabilizadores articulados de gran capacidad y el apoyo del sistema de control autom\u00e1tico, las plataformas de la serie HD de CMC pueden ir a cualquier parte y trabajar en todas las condiciones.<\/p>\n<p>[\/vc_column_text][\/vc_column_inner][\/vc_row_inner][vc_separator color=\u00bbwhite\u00bb][vc_row_inner][vc_column_inner width=\u00bb1\/2&#8243;][vc_single_image image=\u00bb34124&#8243; img_size=\u00bb500&#215;500&#8243;][\/vc_column_inner][vc_column_inner width=\u00bb1\/2&#8243;][vc_column_text css=\u00bb.vc_custom_1683094104944{border-left-width: 10px !important;}\u00bb]<\/p>\n<h4>Facilidad de uso<\/h4>\n<p>[\/vc_column_text][vc_column_text]<\/p>\n<p class=\"p1\">Las plataformas de la serie HD est\u00e1n equipadas con el Self Control System by CMC, es decir un sistema electr\u00f3nico que realiza autom\u00e1ticamente muchas operaciones de importancia fundamental, como: estabilizaci\u00f3n de la base, control de los movimientos de los brazos, cierre de la parte a\u00e9rea, se\u00f1alizaci\u00f3n de eventuales aver\u00edas.<\/p>\n<p>[\/vc_column_text][\/vc_column_inner][\/vc_row_inner][\/vc_column][\/vc_row][vc_row][vc_column][vc_separator border_width=\u00bb8&#8243;][\/vc_column][\/vc_row][vc_row][vc_column width=\u00bb1\/4&#8243;][vc_btn title=\u00bbAPLICACIONES\u00bb style=\u00bbcustom\u00bb custom_background=\u00bb#da0e18&#8243; custom_text=\u00bb#ffffff\u00bb align=\u00bbcenter\u00bb button_block=\u00bbtrue\u00bb link=\u00bburl:https%3A%2F%2Fwww.brochure.cmclift.com%2Fen%2Fhd-brochure-applications%2F|title:HD%20BROCHURE%20%E2%80%93%20Applications\u00bb][\/vc_column][vc_column width=\u00bb1\/4&#8243;][vc_btn title=\u00bbOPCIONAL\u00bb style=\u00bbcustom\u00bb custom_background=\u00bb#da0e18&#8243; custom_text=\u00bb#ffffff\u00bb align=\u00bbcenter\u00bb button_block=\u00bbtrue\u00bb link=\u00bburl:https%3A%2F%2Fwww.brochure.cmclift.com%2Fes%2Ffeatures-hd%2F|title:Features%20HD\u00bb][\/vc_column][vc_column width=\u00bb1\/4&#8243;][vc_btn title=\u00bbSERIE HD\u00bb style=\u00bbcustom\u00bb custom_background=\u00bb#da0e18&#8243; custom_text=\u00bb#ffffff\u00bb align=\u00bbcenter\u00bb button_block=\u00bbtrue\u00bb link=\u00bburl:https%3A%2F%2Fwww.brochure.cmclift.com%2Fes%2Fhd-brochure%2F|title:HD%20BROCHURE%20%E2%80%93%20Benefit\u00bb][\/vc_column][vc_column width=\u00bb1\/4&#8243;][vc_btn title=\u00bbMODELOS\u00bb style=\u00bbcustom\u00bb custom_background=\u00bb#da0e18&#8243; custom_text=\u00bb#ffffff\u00bb align=\u00bbcenter\u00bb button_block=\u00bbtrue\u00bb link=\u00bburl:https%3A%2F%2Fwww.brochure.cmclift.com%2Fes%2Fhd-brochure-models%2F|title:HD%20BROCHURE%20%E2%80%93%20Models\u00bb][\/vc_column][\/vc_row][vc_row][vc_column][vc_separator border_width=\u00bb8&#8243;][\/vc_column][\/vc_row]<\/p>\n<\/section>","protected":false},"excerpt":{"rendered":"<p>[vc_row][vc_column][vc_row_inner][vc_column_inner][vc_empty_space height=\u00bb100&#8243;][\/vc_column_inner][\/vc_row_inner][\/vc_column][\/vc_row][vc_row][vc_column][vc_column_text] VENTAJAS [\/vc_column_text][\/vc_column][\/vc_row][vc_row][vc_column][vc_row_inner][vc_column_inner width=\u00bb1\/2&#8243;][vc_single_image image=\u00bb34116&#8243; img_size=\u00bb500&#215;500&#8243;][\/vc_column_inner][vc_column_inner width=\u00bb1\/2&#8243;][vc_column_text css=\u00bb.vc_custom_1683094066146{border-left-width: 10px !important;}\u00bb] Facilidad de transporte [\/vc_column_text][vc_column_text] Las plataformas de la serie&#8230;<\/p>\n","protected":false},"author":13,"featured_media":0,"parent":0,"menu_order":0,"comment_status":"closed","ping_status":"closed","template":"","meta":{"footnotes":""},"class_list":["post-34261","page","type-page","status-publish"],"_links":{"self":[{"href":"https:\/\/www.brochure.cmclift.com\/es\/wp-json\/wp\/v2\/pages\/34261","targetHints":{"allow":["GET"]}}],"collection":[{"href":"https:\/\/www.brochure.cmclift.com\/es\/wp-json\/wp\/v2\/pages"}],"about":[{"href":"https:\/\/www.brochure.cmclift.com\/es\/wp-json\/wp\/v2\/types\/page"}],"author":[{"embeddable":true,"href":"https:\/\/www.brochure.cmclift.com\/es\/wp-json\/wp\/v2\/users\/13"}],"replies":[{"embeddable":true,"href":"https:\/\/www.brochure.cmclift.com\/es\/wp-json\/wp\/v2\/comments?post=34261"}],"version-history":[{"count":6,"href":"https:\/\/www.brochure.cmclift.com\/es\/wp-json\/wp\/v2\/pages\/34261\/revisions"}],"predecessor-version":[{"id":36816,"href":"https:\/\/www.brochure.cmclift.com\/es\/wp-json\/wp\/v2\/pages\/34261\/revisions\/36816"}],"wp:attachment":[{"href":"https:\/\/www.brochure.cmclift.com\/es\/wp-json\/wp\/v2\/media?parent=34261"}],"curies":[{"name":"wp","href":"https:\/\/api.w.org\/{rel}","templated":true}]}}