{"id":34547,"date":"2023-05-03T16:21:36","date_gmt":"2023-05-03T14:21:36","guid":{"rendered":"https:\/\/www.brochure.cmclift.com\/?page_id=34547"},"modified":"2023-11-09T11:50:12","modified_gmt":"2023-11-09T10:50:12","slug":"performance-i23","status":"publish","type":"page","link":"https:\/\/www.brochure.cmclift.com\/es\/performance-i23\/","title":{"rendered":"Performance i23"},"content":{"rendered":"<section class=\"wpb-content-wrapper\"><p>[vc_row][vc_column][vc_empty_space height=\u00bb100&#8243;][\/vc_column][\/vc_row][vc_row css=\u00bb.vc_custom_1677246539767{background-color: #ffffff !important;}\u00bb][vc_column][vc_row_inner][vc_column_inner css=\u00bb.vc_custom_1677246552221{background-color: #ffffff !important;}\u00bb][vc_column_text css=\u00bb.vc_custom_1683189481513{background-color: #ffffff !important;}\u00bb]<\/p>\n<h1>PRESTACIONES Y DIMENSIONES<\/h1>\n<p>[\/vc_column_text][\/vc_column_inner][\/vc_row_inner][vc_row_inner][vc_column_inner width=\u00bb1\/2&#8243;][vc_gallery interval=\u00bb3&#8243; images=\u00bb38563,37261,37255,37249,37243,37237,37231,37225,37219,37267&#8243; img_size=\u00bb500&#215;500&#8243;][\/vc_column_inner][vc_column_inner width=\u00bb1\/2&#8243;][vc_column_text]<\/p>\n<h1><span style=\"color: #808080;\">i<\/span><span style=\"color: #ff0000;\">23<\/span><\/h1>\n<p>[\/vc_column_text][vc_column_text]<\/p>\n<h4>Caracter\u00edsticas principales<\/h4>\n<p>[\/vc_column_text][vc_column_text]<\/p>\n<p class=\"p1\">Aislada el\u00e9ctricamente hasta 46 kV, la CMC i23 es una plataforma geom\u00e9trica de doble pant\u00f3grafo con el mayor alcance sin restricciones de su clase. Con sus 23 metros de altura de trabajo, sus tres zonas de estabilizaci\u00f3n y la nivelaci\u00f3n autom\u00e1tica del estabilizador, es capaz de funcionar en su m\u00e1ximo potencial en todas las condiciones.<\/p>\n<p>[\/vc_column_text][\/vc_column_inner][\/vc_row_inner][vc_row_inner][vc_column_inner][vc_separator border_width=\u00bb8&#8243;][\/vc_column_inner][\/vc_row_inner][vc_row_inner][vc_column_inner width=\u00bb1\/4&#8243;][vc_btn title=\u00bbVENTAJAS\u00bb style=\u00bbcustom\u00bb custom_background=\u00bb#da0e18&#8243; custom_text=\u00bb#ffffff\u00bb align=\u00bbcenter\u00bb button_block=\u00bbtrue\u00bb link=\u00bburl:https%3A%2F%2Fwww.brochure.cmclift.com%2Fes%2Fi-brochure-benefit%2F|title:i%20BROCHURE%20%E2%80%93%20Benefit\u00bb][\/vc_column_inner][vc_column_inner width=\u00bb1\/4&#8243;][vc_btn title=\u00bbAPLICACIONES\u00bb style=\u00bbcustom\u00bb custom_background=\u00bb#da0e18&#8243; custom_text=\u00bb#ffffff\u00bb align=\u00bbcenter\u00bb button_block=\u00bbtrue\u00bb link=\u00bburl:https%3A%2F%2Fwww.brochure.cmclift.com%2Fes%2Fi-brochure-applications%2F|title:i%20BROCHURE%20%E2%80%93%20Applications\u00bb][\/vc_column_inner][vc_column_inner width=\u00bb1\/4&#8243;][vc_btn title=\u00bbRENDERS\u00bb style=\u00bbcustom\u00bb custom_background=\u00bb#da0e18&#8243; custom_text=\u00bb#ffffff\u00bb align=\u00bbcenter\u00bb button_block=\u00bbtrue\u00bb link=\u00bburl:https%3A%2F%2Fwww.brochure.cmclift.com%2Fes%2Frender-i23%2F|title:Render%20i23&#8243;][\/vc_column_inner][vc_column_inner width=\u00bb1\/4&#8243;][vc_btn title=\u00bbCARACTER\u00cdSTICAS\u00bb style=\u00bbcustom\u00bb custom_background=\u00bb#da0e18&#8243; custom_text=\u00bb#ffffff\u00bb align=\u00bbcenter\u00bb button_block=\u00bbtrue\u00bb link=\u00bburl:https%3A%2F%2Fwww.brochure.cmclift.com%2Fes%2Ffeatures-i%2F|title:Features%20i\u00bb][\/vc_column_inner][\/vc_row_inner][vc_row_inner][vc_column_inner][vc_separator border_width=\u00bb8&#8243;][\/vc_column_inner][\/vc_row_inner][vc_row_inner][vc_column_inner]<div class=\"gem-table  gem-table-style-1\"><table style=\"width: 100%;\">\n<tbody>\n<tr>\n<td><img decoding=\"async\" class=\"wp-image-30667 alignnone\" src=\"https:\/\/www.brochure.cmclift.com\/wp-content\/uploads\/2023\/02\/CMC_Max-working-height.jpg\" alt=\"\" width=\"50\" height=\"50\" srcset=\"https:\/\/www.brochure.cmclift.com\/wp-content\/uploads\/2023\/02\/CMC_Max-working-height.jpg 216w, https:\/\/www.brochure.cmclift.com\/wp-content\/uploads\/2023\/02\/CMC_Max-working-height-150x150.jpg 150w\" sizes=\"(max-width: 50px) 100vw, 50px\" \/><\/td>\n<td style=\"text-align: left;\">Altura m\u00e1xima de trabajo<\/td>\n<td style=\"text-align: left;\"><strong>22,8 m<\/strong><\/td>\n<\/tr>\n<tr>\n<td><img decoding=\"async\" class=\"alignnone wp-image-30637\" src=\"https:\/\/www.brochure.cmclift.com\/wp-content\/uploads\/2023\/02\/CMC_-max-outreach.jpg\" alt=\"\" width=\"50\" height=\"50\" srcset=\"https:\/\/www.brochure.cmclift.com\/wp-content\/uploads\/2023\/02\/CMC_-max-outreach.jpg 215w, https:\/\/www.brochure.cmclift.com\/wp-content\/uploads\/2023\/02\/CMC_-max-outreach-150x150.jpg 150w\" sizes=\"(max-width: 50px) 100vw, 50px\" \/><\/td>\n<td style=\"text-align: left;\">Alcance lateral m\u00e1xima<\/td>\n<td style=\"text-align: left;\"><strong>10 m<\/strong><\/td>\n<\/tr>\n<tr>\n<td><img decoding=\"async\" class=\"wp-image-30655 alignnone\" src=\"https:\/\/www.brochure.cmclift.com\/wp-content\/uploads\/2023\/02\/CMC_max-load-in-basket.jpg\" alt=\"\" width=\"50\" height=\"50\" srcset=\"https:\/\/www.brochure.cmclift.com\/wp-content\/uploads\/2023\/02\/CMC_max-load-in-basket.jpg 215w, https:\/\/www.brochure.cmclift.com\/wp-content\/uploads\/2023\/02\/CMC_max-load-in-basket-150x150.jpg 150w\" sizes=\"(max-width: 50px) 100vw, 50px\" \/><\/td>\n<td style=\"text-align: left;\">Capacidad m\u00e1xima en la cesta<\/td>\n<td style=\"text-align: left;\"><strong>180 kg<\/strong><\/td>\n<\/tr>\n<tr>\n<td><img decoding=\"async\" class=\"wp-image-30643 alignnone\" src=\"https:\/\/www.brochure.cmclift.com\/wp-content\/uploads\/2023\/02\/CMC_basket-dimension.jpg\" alt=\"\" width=\"50\" height=\"50\" srcset=\"https:\/\/www.brochure.cmclift.com\/wp-content\/uploads\/2023\/02\/CMC_basket-dimension.jpg 215w, https:\/\/www.brochure.cmclift.com\/wp-content\/uploads\/2023\/02\/CMC_basket-dimension-150x150.jpg 150w\" sizes=\"(max-width: 50px) 100vw, 50px\" \/><\/td>\n<td style=\"text-align: left;\">Dimensiones cesta<\/td>\n<td style=\"text-align: left;\"><strong>0,6&#215;0,6&#215;1,1m<\/strong><\/td>\n<\/tr>\n<tr>\n<td><img decoding=\"async\" class=\"wp-image-30649 alignnone\" src=\"https:\/\/www.brochure.cmclift.com\/wp-content\/uploads\/2023\/02\/CMC_basket-rotation.jpg\" alt=\"\" width=\"50\" height=\"50\" srcset=\"https:\/\/www.brochure.cmclift.com\/wp-content\/uploads\/2023\/02\/CMC_basket-rotation.jpg 216w, https:\/\/www.brochure.cmclift.com\/wp-content\/uploads\/2023\/02\/CMC_basket-rotation-150x150.jpg 150w\" sizes=\"(max-width: 50px) 100vw, 50px\" \/><\/td>\n<td style=\"text-align: left;\">Rotaci\u00f3n de la cesta<\/td>\n<td style=\"text-align: left;\"><strong>+\/-90\u00b0<\/strong><\/td>\n<\/tr>\n<tr>\n<td><img decoding=\"async\" class=\"alignleft wp-image-30685\" src=\"https:\/\/www.brochure.cmclift.com\/wp-content\/uploads\/2023\/02\/CMC_turret-rotation.jpg\" alt=\"\" width=\"50\" height=\"50\" srcset=\"https:\/\/www.brochure.cmclift.com\/wp-content\/uploads\/2023\/02\/CMC_turret-rotation.jpg 216w, https:\/\/www.brochure.cmclift.com\/wp-content\/uploads\/2023\/02\/CMC_turret-rotation-150x150.jpg 150w\" sizes=\"(max-width: 50px) 100vw, 50px\" \/><\/td>\n<td style=\"text-align: left;\">Rotaci\u00f3n de la torreta<\/td>\n<td style=\"text-align: left;\"><strong>+\/- 200\u00b0<\/strong><br \/>\n<strong>(400\u00b0 continuos)<\/strong><\/td>\n<\/tr>\n<tr>\n<td><img decoding=\"async\" class=\"alignnone wp-image-30679\" src=\"https:\/\/www.brochure.cmclift.com\/wp-content\/uploads\/2023\/02\/CMC_platform-weight.jpg\" alt=\"\" width=\"50\" height=\"50\" srcset=\"https:\/\/www.brochure.cmclift.com\/wp-content\/uploads\/2023\/02\/CMC_platform-weight.jpg 215w, https:\/\/www.brochure.cmclift.com\/wp-content\/uploads\/2023\/02\/CMC_platform-weight-150x150.jpg 150w\" sizes=\"(max-width: 50px) 100vw, 50px\" \/><\/td>\n<td style=\"text-align: left;\">Rotaci\u00f3n de la torreta<\/td>\n<td style=\"text-align: left;\"><strong>3930kg<\/strong><\/td>\n<\/tr>\n<\/tbody>\n<\/table>\n<\/div>[\/vc_column_inner][\/vc_row_inner][vc_row_inner][vc_column_inner][vc_separator border_width=\u00bb8&#8243;][\/vc_column_inner][\/vc_row_inner][\/vc_column][\/vc_row]<\/p>\n<\/section>","protected":false},"excerpt":{"rendered":"<p>[vc_row][vc_column][vc_empty_space height=\u00bb100&#8243;][\/vc_column][\/vc_row][vc_row css=\u00bb.vc_custom_1677246539767{background-color: #ffffff !important;}\u00bb][vc_column][vc_row_inner][vc_column_inner css=\u00bb.vc_custom_1677246552221{background-color: #ffffff !important;}\u00bb][vc_column_text css=\u00bb.vc_custom_1683189481513{background-color: #ffffff !important;}\u00bb] PRESTACIONES Y DIMENSIONES [\/vc_column_text][\/vc_column_inner][\/vc_row_inner][vc_row_inner][vc_column_inner width=\u00bb1\/2&#8243;][vc_gallery interval=\u00bb3&#8243; images=\u00bb38563,37261,37255,37249,37243,37237,37231,37225,37219,37267&#8243; img_size=\u00bb500&#215;500&#8243;][\/vc_column_inner][vc_column_inner width=\u00bb1\/2&#8243;][vc_column_text]&#8230;<\/p>\n","protected":false},"author":13,"featured_media":0,"parent":0,"menu_order":0,"comment_status":"closed","ping_status":"closed","template":"","meta":{"footnotes":""},"class_list":["post-34547","page","type-page","status-publish"],"_links":{"self":[{"href":"https:\/\/www.brochure.cmclift.com\/es\/wp-json\/wp\/v2\/pages\/34547","targetHints":{"allow":["GET"]}}],"collection":[{"href":"https:\/\/www.brochure.cmclift.com\/es\/wp-json\/wp\/v2\/pages"}],"about":[{"href":"https:\/\/www.brochure.cmclift.com\/es\/wp-json\/wp\/v2\/types\/page"}],"author":[{"embeddable":true,"href":"https:\/\/www.brochure.cmclift.com\/es\/wp-json\/wp\/v2\/users\/13"}],"replies":[{"embeddable":true,"href":"https:\/\/www.brochure.cmclift.com\/es\/wp-json\/wp\/v2\/comments?post=34547"}],"version-history":[{"count":10,"href":"https:\/\/www.brochure.cmclift.com\/es\/wp-json\/wp\/v2\/pages\/34547\/revisions"}],"predecessor-version":[{"id":38569,"href":"https:\/\/www.brochure.cmclift.com\/es\/wp-json\/wp\/v2\/pages\/34547\/revisions\/38569"}],"wp:attachment":[{"href":"https:\/\/www.brochure.cmclift.com\/es\/wp-json\/wp\/v2\/media?parent=34547"}],"curies":[{"name":"wp","href":"https:\/\/api.w.org\/{rel}","templated":true}]}}