{"id":35868,"date":"2023-06-16T11:28:57","date_gmt":"2023-06-16T09:28:57","guid":{"rendered":"https:\/\/www.brochure.cmclift.com\/?page_id=35868"},"modified":"2023-06-23T12:06:51","modified_gmt":"2023-06-23T10:06:51","slug":"xl-brochure","status":"publish","type":"page","link":"https:\/\/www.brochure.cmclift.com\/es\/xl-brochure\/","title":{"rendered":"XL BROCHURE"},"content":{"rendered":"<section class=\"wpb-content-wrapper\"><p>[vc_row full_width=\u00bbstretch_row\u00bb full_height=\u00bbyes\u00bb columns_placement=\u00bbstretch\u00bb content_placement=\u00bbmiddle\u00bb background_position_desktop=\u00bbcenter center\u00bb css_animation=\u00bbnone\u00bb thegem_featured_image_for_bg_active=\u00bbtrue\u00bb css=\u00bb.vc_custom_1677236722169{background-position: center !important;background-repeat: no-repeat !important;background-size: cover !important;}\u00bb][vc_column css=\u00bb.vc_custom_1686034851010{background-image: url(https:\/\/www.brochure.cmclift.com\/wp-content\/uploads\/2023\/06\/IMG_9255-scaled.jpg?id=35559) !important;background-position: center !important;background-repeat: no-repeat !important;background-size: cover !important;}\u00bb][vc_column_text el_class=\u00bbwhite\u00bb]<\/p>\n<h1 style=\"text-align: center;\">SERIE XL<\/h1>\n<h4 style=\"text-align: center;\">EXTRA LARGE<\/h4>\n<p>[\/vc_column_text][\/vc_column][\/vc_row][vc_row][vc_column]<div class=\"thegem-te-heading thegem-custom-69e267c559e915660\" ><h1 id=\"thegem-heading-69e267c559e70\" class=\"thegem-heading\" style=\"text-align: left;\" ><span class=\"colored\" style=\"color: #54606b;\">SERIE XL<\/span><\/h1><style type=\"text\/css\">#thegem-heading-69e267c559e70 {margin: 0;}#thegem-heading-69e267c559e70 a:hover, #thegem-heading-69e267c559e70 a:hover span.colored {color: var(--thegem-to-menu-level1-color-hover, #00BCD4) !important;}<\/style><\/div><style>@media screen and (max-width: 1023px) {.thegem-te-heading.thegem-custom-69e267c559e915660{display: block!important;}}@media screen and (max-width: 767px) {.thegem-te-heading.thegem-custom-69e267c559e915660{display: block!important;}}@media screen and (max-width: 1023px) {.thegem-te-heading.thegem-custom-69e267c559e915660{position: relative !important;}}@media screen and (max-width: 767px) {.thegem-te-heading.thegem-custom-69e267c559e915660{position: relative !important;}}<\/style><div class=\"thegem-te-heading thegem-custom-69e267c559f5b2652\" ><h4 id=\"thegem-heading-69e267c559f47\" class=\"thegem-heading\" style=\"text-align: left;\" ><span class=\"colored\" style=\"color: #54606b;\">EXTRA LARGE<\/span><\/h4><style type=\"text\/css\">#thegem-heading-69e267c559f47 {margin: 0;}#thegem-heading-69e267c559f47 a:hover, #thegem-heading-69e267c559f47 a:hover span.colored {color: var(--thegem-to-menu-level1-color-hover, #00BCD4) !important;}<\/style><\/div><style>@media screen and (max-width: 1023px) {.thegem-te-heading.thegem-custom-69e267c559f5b2652{display: block!important;}}@media screen and (max-width: 767px) {.thegem-te-heading.thegem-custom-69e267c559f5b2652{display: block!important;}}@media screen and (max-width: 1023px) {.thegem-te-heading.thegem-custom-69e267c559f5b2652{position: relative !important;}}@media screen and (max-width: 767px) {.thegem-te-heading.thegem-custom-69e267c559f5b2652{position: relative !important;}}<\/style>[vc_empty_space][vc_column_text]<\/p>\n<p class=\"p1\">Ninguna plataforma est\u00e1 al mismo nivel. Con su brazo telesc\u00f3pico de 6 extensiones m\u00e1s el jib telesc\u00f3pico articulado extensible, la CMC S41 es capaz de alcanzar una incre\u00edble altura de trabajo de 41 metros sobre el suelo y un alcance lateral de hasta 19 metros con una carga \u00fatil \u00fanica de 200 kg. A pesar de su excepcional elevaci\u00f3n, es capaz de estabilizarse con un espacio m\u00ednimo de 3,99 metros y adoptar unas dimensiones incre\u00edblemente compactas durante el transporte.<\/p>\n<p class=\"p1\">Una extraordinaria herramienta de trabajo que siempre est\u00e1 a la altura de las exigentes tareas que se le encargan.<\/p>\n<p>[\/vc_column_text][\/vc_column][\/vc_row][vc_row][vc_column width=\u00bb1\/3&#8243;][\/vc_column][vc_column width=\u00bb1\/3&#8243;][vc_single_image image=\u00bb35551&#8243; img_size=\u00bbfull\u00bb alignment=\u00bbcenter\u00bb style=\u00bbvc_box_rounded\u00bb onclick=\u00bbcustom_link\u00bb link=\u00bbhttps:\/\/www.brochure.cmclift.com\/es\/performance-s41\/\u00bb][\/vc_column][vc_column width=\u00bb1\/3&#8243;][\/vc_column][\/vc_row][vc_row][vc_column][vc_empty_space][\/vc_column][\/vc_row][vc_row][vc_column][vc_separator border_width=\u00bb8&#8243;][\/vc_column][\/vc_row][vc_row][vc_column width=\u00bb1\/3&#8243;][vc_btn title=\u00bbVENTAJAS\u00bb style=\u00bbcustom\u00bb custom_background=\u00bb#da0e18&#8243; custom_text=\u00bb#ffffff\u00bb align=\u00bbcenter\u00bb button_block=\u00bbtrue\u00bb link=\u00bburl:https%3A%2F%2Fwww.brochure.cmclift.com%2Fes%2Fxl-brochure-benefit%2F|title:XL%20BROCHURE%20%E2%80%93%20Benefit\u00bb][\/vc_column][vc_column width=\u00bb1\/3&#8243;][vc_btn title=\u00bbOPCIONAL\u00bb style=\u00bbcustom\u00bb custom_background=\u00bb#da0e18&#8243; custom_text=\u00bb#ffffff\u00bb align=\u00bbcenter\u00bb button_block=\u00bbtrue\u00bb link=\u00bburl:https%3A%2F%2Fwww.brochure.cmclift.com%2Fes%2Ffeatures-xl%2F|title:Features%20XL\u00bb][\/vc_column][vc_column width=\u00bb1\/3&#8243;][vc_btn title=\u00bbAPPLICACIONES\u00bb style=\u00bbcustom\u00bb custom_background=\u00bb#da0e18&#8243; custom_text=\u00bb#ffffff\u00bb align=\u00bbcenter\u00bb button_block=\u00bbtrue\u00bb link=\u00bburl:https%3A%2F%2Fwww.brochure.cmclift.com%2Fes%2Fxl-brochure-applications%2F|title:XL%20BROCHURE%20%E2%80%93%20Applications\u00bb][\/vc_column][\/vc_row][vc_row][vc_column][vc_separator border_width=\u00bb8&#8243;][\/vc_column][\/vc_row][vc_row][vc_column][vc_empty_space][\/vc_column][\/vc_row]<\/p>\n<\/section>","protected":false},"excerpt":{"rendered":"<p>[vc_row full_width=\u00bbstretch_row\u00bb full_height=\u00bbyes\u00bb columns_placement=\u00bbstretch\u00bb content_placement=\u00bbmiddle\u00bb background_position_desktop=\u00bbcenter center\u00bb css_animation=\u00bbnone\u00bb thegem_featured_image_for_bg_active=\u00bbtrue\u00bb css=\u00bb.vc_custom_1677236722169{background-position: center !important;background-repeat: no-repeat !important;background-size: cover !important;}\u00bb][vc_column css=\u00bb.vc_custom_1686034851010{background-image: url(https:\/\/www.brochure.cmclift.com\/wp-content\/uploads\/2023\/06\/IMG_9255-scaled.jpg?id=35559) !important;background-position: center&#8230;<\/p>\n","protected":false},"author":13,"featured_media":0,"parent":0,"menu_order":0,"comment_status":"closed","ping_status":"closed","template":"","meta":{"footnotes":""},"class_list":["post-35868","page","type-page","status-publish"],"_links":{"self":[{"href":"https:\/\/www.brochure.cmclift.com\/es\/wp-json\/wp\/v2\/pages\/35868","targetHints":{"allow":["GET"]}}],"collection":[{"href":"https:\/\/www.brochure.cmclift.com\/es\/wp-json\/wp\/v2\/pages"}],"about":[{"href":"https:\/\/www.brochure.cmclift.com\/es\/wp-json\/wp\/v2\/types\/page"}],"author":[{"embeddable":true,"href":"https:\/\/www.brochure.cmclift.com\/es\/wp-json\/wp\/v2\/users\/13"}],"replies":[{"embeddable":true,"href":"https:\/\/www.brochure.cmclift.com\/es\/wp-json\/wp\/v2\/comments?post=35868"}],"version-history":[{"count":5,"href":"https:\/\/www.brochure.cmclift.com\/es\/wp-json\/wp\/v2\/pages\/35868\/revisions"}],"predecessor-version":[{"id":36470,"href":"https:\/\/www.brochure.cmclift.com\/es\/wp-json\/wp\/v2\/pages\/35868\/revisions\/36470"}],"wp:attachment":[{"href":"https:\/\/www.brochure.cmclift.com\/es\/wp-json\/wp\/v2\/media?parent=35868"}],"curies":[{"name":"wp","href":"https:\/\/api.w.org\/{rel}","templated":true}]}}