{"id":35903,"date":"2023-06-16T12:45:23","date_gmt":"2023-06-16T10:45:23","guid":{"rendered":"https:\/\/www.brochure.cmclift.com\/?page_id=35903"},"modified":"2023-07-04T08:38:16","modified_gmt":"2023-07-04T06:38:16","slug":"xl-brochure-benefit","status":"publish","type":"page","link":"https:\/\/www.brochure.cmclift.com\/es\/xl-brochure-benefit\/","title":{"rendered":"XL BROCHURE &#8211; Benefit"},"content":{"rendered":"<section class=\"wpb-content-wrapper\"><p>[vc_row][vc_column][vc_row_inner][vc_column_inner][vc_empty_space height=\u00bb100&#8243;][\/vc_column_inner][\/vc_row_inner][\/vc_column][\/vc_row][vc_row][vc_column][vc_column_text]<\/p>\n<h1 class=\"p1\">VENTAJAS<\/h1>\n<p>[\/vc_column_text][\/vc_column][\/vc_row][vc_row][vc_column][vc_row_inner][vc_column_inner width=\u00bb1\/2&#8243;][vc_single_image image=\u00bb35596&#8243; img_size=\u00bb500&#215;500&#8243;][\/vc_column_inner][vc_column_inner width=\u00bb1\/2&#8243;][vc_column_text css=\u00bb.vc_custom_1686912953296{border-left-width: 10px !important;}\u00bb]<\/p>\n<h4>Facilidad de transporte<\/h4>\n<p>[\/vc_column_text][vc_column_text]<\/p>\n<p class=\"p1\">La excepcional altura de funcionamiento no impide que el S41 asuma dimensiones incre\u00edblemente compactas al cerrarse. Eso facilita el transporte en cami\u00f3n y el acceso a puertas peque\u00f1as.<span class=\"Apple-converted-space\">\u00a0<\/span><\/p>\n<p>[\/vc_column_text][\/vc_column_inner][\/vc_row_inner][vc_separator color=\u00bbwhite\u00bb][vc_row_inner][vc_column_inner width=\u00bb1\/2&#8243;][vc_single_image image=\u00bb35608&#8243; img_size=\u00bb500&#215;500&#8243;][\/vc_column_inner][vc_column_inner width=\u00bb1\/2&#8243;][vc_column_text css=\u00bb.vc_custom_1686912967593{border-left-width: 10px !important;}\u00bb]<\/p>\n<h4>Versatilidad de uso<\/h4>\n<p>[\/vc_column_text][vc_column_text]<\/p>\n<p class=\"p1\">A pesar de su tama\u00f1o XL en su elevaci\u00f3n m\u00e1xima y alcance lateral, el S41 tiene un \u00e1rea de estabilizaci\u00f3n de solo 3,99 m, una caracter\u00edstica que le permite llegar a cualquier lugar y operar<br \/>\nen todas las condiciones.<\/p>\n<p>[\/vc_column_text][\/vc_column_inner][\/vc_row_inner][vc_separator color=\u00bbwhite\u00bb][vc_row_inner][vc_column_inner width=\u00bb1\/2&#8243;][vc_single_image image=\u00bb35602&#8243; img_size=\u00bb500&#215;500&#8243;][\/vc_column_inner][vc_column_inner width=\u00bb1\/2&#8243;][vc_column_text css=\u00bb.vc_custom_1686912982813{border-left-width: 10px !important;}\u00bb]<\/p>\n<h4>Facilidad de uso y mantenimiento<\/h4>\n<p>[\/vc_column_text][vc_column_text]<\/p>\n<p class=\"p1\">La plataforma S41 est\u00e1 equipada en serie con el sistema de autocontrol de CMC. Se trata de un sistema electr\u00f3nico que act\u00faa de manera autom\u00e1tica y realiza diferentes operaciones importantes como: estabilizar la plataforma, controlar la velocidad y fluidez de maniobra del brazo, cerrar autom\u00e1ticamente la parte a\u00e9rea y emitir una se\u00f1al en caso de que haya mal funcionamiento.<\/p>\n<p>[\/vc_column_text][\/vc_column_inner][\/vc_row_inner][\/vc_column][\/vc_row][vc_row][vc_column][vc_separator border_width=\u00bb8&#8243;][\/vc_column][\/vc_row][vc_row][vc_column width=\u00bb1\/3&#8243;][vc_btn title=\u00bbAPLICACIONES\u00bb style=\u00bbcustom\u00bb custom_background=\u00bb#da0e18&#8243; custom_text=\u00bb#ffffff\u00bb align=\u00bbcenter\u00bb button_block=\u00bbtrue\u00bb link=\u00bburl:https%3A%2F%2Fwww.brochure.cmclift.com%2Fes%2Fxl-brochure-applications%2F|title:XL%20BROCHURE%20%E2%80%93%20Applications\u00bb][\/vc_column][vc_column width=\u00bb1\/3&#8243;][vc_btn title=\u00bbOPCIONES\u00bb style=\u00bbcustom\u00bb custom_background=\u00bb#da0e18&#8243; custom_text=\u00bb#ffffff\u00bb align=\u00bbcenter\u00bb button_block=\u00bbtrue\u00bb link=\u00bburl:https%3A%2F%2Fwww.brochure.cmclift.com%2Fes%2Ffeatures-xl%2F|title:Features%20XL\u00bb][\/vc_column][vc_column width=\u00bb1\/3&#8243;][vc_btn title=\u00bbSERIE XL\u00bb style=\u00bbcustom\u00bb custom_background=\u00bb#da0e18&#8243; custom_text=\u00bb#ffffff\u00bb align=\u00bbcenter\u00bb button_block=\u00bbtrue\u00bb link=\u00bburl:https%3A%2F%2Fwww.brochure.cmclift.com%2Fes%2Fxl-brochure%2F|title:XL%20BROCHURE%20%E2%80%93%20Applications\u00bb][\/vc_column][\/vc_row][vc_row][vc_column][vc_separator border_width=\u00bb8&#8243;][\/vc_column][\/vc_row]<\/p>\n<\/section>","protected":false},"excerpt":{"rendered":"<p>[vc_row][vc_column][vc_row_inner][vc_column_inner][vc_empty_space height=\u00bb100&#8243;][\/vc_column_inner][\/vc_row_inner][\/vc_column][\/vc_row][vc_row][vc_column][vc_column_text] VENTAJAS [\/vc_column_text][\/vc_column][\/vc_row][vc_row][vc_column][vc_row_inner][vc_column_inner width=\u00bb1\/2&#8243;][vc_single_image image=\u00bb35596&#8243; img_size=\u00bb500&#215;500&#8243;][\/vc_column_inner][vc_column_inner width=\u00bb1\/2&#8243;][vc_column_text css=\u00bb.vc_custom_1686912953296{border-left-width: 10px !important;}\u00bb] Facilidad de transporte [\/vc_column_text][vc_column_text] La excepcional altura de funcionamiento&#8230;<\/p>\n","protected":false},"author":13,"featured_media":0,"parent":0,"menu_order":0,"comment_status":"closed","ping_status":"closed","template":"","meta":{"footnotes":""},"class_list":["post-35903","page","type-page","status-publish"],"_links":{"self":[{"href":"https:\/\/www.brochure.cmclift.com\/es\/wp-json\/wp\/v2\/pages\/35903","targetHints":{"allow":["GET"]}}],"collection":[{"href":"https:\/\/www.brochure.cmclift.com\/es\/wp-json\/wp\/v2\/pages"}],"about":[{"href":"https:\/\/www.brochure.cmclift.com\/es\/wp-json\/wp\/v2\/types\/page"}],"author":[{"embeddable":true,"href":"https:\/\/www.brochure.cmclift.com\/es\/wp-json\/wp\/v2\/users\/13"}],"replies":[{"embeddable":true,"href":"https:\/\/www.brochure.cmclift.com\/es\/wp-json\/wp\/v2\/comments?post=35903"}],"version-history":[{"count":8,"href":"https:\/\/www.brochure.cmclift.com\/es\/wp-json\/wp\/v2\/pages\/35903\/revisions"}],"predecessor-version":[{"id":36972,"href":"https:\/\/www.brochure.cmclift.com\/es\/wp-json\/wp\/v2\/pages\/35903\/revisions\/36972"}],"wp:attachment":[{"href":"https:\/\/www.brochure.cmclift.com\/es\/wp-json\/wp\/v2\/media?parent=35903"}],"curies":[{"name":"wp","href":"https:\/\/api.w.org\/{rel}","templated":true}]}}