{"id":33032,"date":"2023-04-12T15:41:04","date_gmt":"2023-04-12T13:41:04","guid":{"rendered":"https:\/\/www.brochure.cmclift.com\/?page_id=33032"},"modified":"2023-07-04T10:01:52","modified_gmt":"2023-07-04T08:01:52","slug":"performance-s13f","status":"publish","type":"page","link":"https:\/\/www.brochure.cmclift.com\/fr\/performance-s13f\/","title":{"rendered":"Performance S13F"},"content":{"rendered":"<section class=\"wpb-content-wrapper\"><p>[vc_row][vc_column][vc_empty_space height=\u00a0\u00bb100&Prime;][\/vc_column][\/vc_row][vc_row css=\u00a0\u00bb.vc_custom_1677246539767{background-color: #ffffff !important;}\u00a0\u00bb][vc_column][vc_row_inner][vc_column_inner css=\u00a0\u00bb.vc_custom_1677246552221{background-color: #ffffff !important;}\u00a0\u00bb][vc_column_text css=\u00a0\u00bb.vc_custom_1681306699042{background-color: #ffffff !important;}\u00a0\u00bb]<\/p>\n<div class=\"vc_row wpb_row vc_inner vc_row-fluid thegem-custom-6436b43e107fb9629 custom-inner-column-6436b43e10801\">\n<div class=\"wpb_column vc_column_container vc_col-sm-12 thegem-custom-6436b43e1324858 vc_col-has-fill\">\n<div class=\"vc_column-inner thegem-custom-inner-6436b43e13249 vc_custom_1677246552221\">\n<div class=\"wpb_wrapper thegem-custom-6436b43e1324858\">\n<div class=\"wpb_text_column wpb_content_element vc_custom_1677767965458 thegem-vc-text thegem-custom-6436b43e133c39421\">\n<div class=\"wpb_wrapper\">\n<h1 class=\"p1\"><b>PERFORMANCES ET DIMENSIONS<\/b><\/h1>\n<\/div>\n<\/div>\n<\/div>\n<\/div>\n<\/div>\n<\/div>\n<p>[\/vc_column_text][\/vc_column_inner][\/vc_row_inner][vc_row_inner][vc_column_inner width=\u00a0\u00bb1\/2&Prime;][vc_gallery interval=\u00a0\u00bb3&Prime; images=\u00a0\u00bb37013,36990,36996,37002,37020,37032,37026,37038,37046&Prime; img_size=\u00a0\u00bb500&#215;500&Prime;][\/vc_column_inner][vc_column_inner width=\u00a0\u00bb1\/2&Prime;][vc_column_text]<\/p>\n<h1><span style=\"color: #808080;\">S<\/span><span style=\"color: #ff0000;\">13<\/span><span style=\"color: #808080;\">F<\/span><\/h1>\n<p>[\/vc_column_text][vc_column_text]<\/p>\n<h4 class=\"p1\"><b>Caract\u00e9ristiques principales<\/b><\/h4>\n<p>[\/vc_column_text][vc_column_text]<\/p>\n<p class=\"p1\">L\u00e9g\u00e8re et polyvalente, \u00e9quip\u00e9e d\u2019un bras t\u00e9lescopique \u00e0 deux extensions et d\u2019un jib (90\u00b0), la S13F est la plus petite plateforme de toute la gamme CMC et la plus compacte de sa cat\u00e9gorie, cependant elle se r\u00e9v\u00e8le sans \u00e9quivalent lorsqu\u2019il s\u2019agit d\u2019op\u00e9rer dans des conditions difficiles, dans les espaces les plus confin\u00e9s.<span class=\"Apple-converted-space\">\u00a0<\/span><\/p>\n<p>[\/vc_column_text][\/vc_column_inner][\/vc_row_inner][vc_row_inner][vc_column_inner][vc_separator border_width=\u00a0\u00bb8&Prime;][\/vc_column_inner][\/vc_row_inner][vc_row_inner][vc_column_inner width=\u00a0\u00bb1\/4&Prime;][vc_btn title=\u00a0\u00bbAVANATGES\u00a0\u00bb style=\u00a0\u00bbcustom\u00a0\u00bb custom_background=\u00a0\u00bb#da0e18&Prime; custom_text=\u00a0\u00bb#ffffff\u00a0\u00bb align=\u00a0\u00bbcenter\u00a0\u00bb button_block=\u00a0\u00bbtrue\u00a0\u00bb css=\u00a0\u00bb.vc_custom_1687257582188{padding-right: 10px !important;padding-left: 10px !important;}\u00a0\u00bb link=\u00a0\u00bburl:https%3A%2F%2Fwww.brochure.cmclift.com%2Ffr%2Ff-brochure-benefit%2F|title:F%20BROCHURE%20%E2%80%93%20Benefit\u00a0\u00bb][\/vc_column_inner][vc_column_inner width=\u00a0\u00bb1\/4&Prime;][vc_btn title=\u00a0\u00bbAPPLICATION\u00a0\u00bb style=\u00a0\u00bbcustom\u00a0\u00bb custom_background=\u00a0\u00bb#da0e18&Prime; custom_text=\u00a0\u00bb#ffffff\u00a0\u00bb align=\u00a0\u00bbcenter\u00a0\u00bb button_block=\u00a0\u00bbtrue\u00a0\u00bb css=\u00a0\u00bb.vc_custom_1687257699532{padding-right: 10px !important;padding-left: 10px !important;}\u00a0\u00bb link=\u00a0\u00bburl:https%3A%2F%2Fwww.brochure.cmclift.com%2Ffr%2Ff-brochure-applications%2F|title:F%20BROCHURE%20%E2%80%93%20Applications\u00a0\u00bb][\/vc_column_inner][vc_column_inner width=\u00a0\u00bb1\/4&Prime;][vc_btn title=\u00a0\u00bbRENDEMENTS\u00a0\u00bb style=\u00a0\u00bbcustom\u00a0\u00bb custom_background=\u00a0\u00bb#da0e18&Prime; custom_text=\u00a0\u00bb#ffffff\u00a0\u00bb align=\u00a0\u00bbcenter\u00a0\u00bb button_block=\u00a0\u00bbtrue\u00a0\u00bb css=\u00a0\u00bb.vc_custom_1687257535165{padding-right: 10px !important;padding-left: 10px !important;}\u00a0\u00bb link=\u00a0\u00bburl:https%3A%2F%2Fwww.brochure.cmclift.com%2Ffr%2Frender-s13f%2F|title:Render%20S13F\u00a0\u00bb][\/vc_column_inner][vc_column_inner width=\u00a0\u00bb1\/4&Prime;][vc_btn title=\u00a0\u00bbCARACT\u00c9RISTIQUES\u00a0\u00bb style=\u00a0\u00bbcustom\u00a0\u00bb custom_background=\u00a0\u00bb#da0e18&Prime; custom_text=\u00a0\u00bb#ffffff\u00a0\u00bb align=\u00a0\u00bbcenter\u00a0\u00bb button_block=\u00a0\u00bbtrue\u00a0\u00bb css=\u00a0\u00bb.vc_custom_1687257542848{border-left-width: 15px !important;padding-right: 15px !important;padding-left: 15px !important;}\u00a0\u00bb link=\u00a0\u00bburl:https%3A%2F%2Fwww.brochure.cmclift.com%2Ffr%2Ffeatures-f%2F|title:Features%20F\u00a0\u00bb][\/vc_column_inner][\/vc_row_inner][vc_row_inner][vc_column_inner][vc_separator border_width=\u00a0\u00bb8&Prime;][\/vc_column_inner][\/vc_row_inner][vc_row_inner][vc_column_inner]<div class=\"gem-table  gem-table-style-1\"><table style=\"width: 100%;\">\n<tbody>\n<tr>\n<td><img decoding=\"async\" class=\"wp-image-30667 alignnone\" src=\"https:\/\/www.brochure.cmclift.com\/wp-content\/uploads\/2023\/02\/CMC_Max-working-height.jpg\" alt=\"\" width=\"50\" height=\"50\" srcset=\"https:\/\/www.brochure.cmclift.com\/wp-content\/uploads\/2023\/02\/CMC_Max-working-height.jpg 216w, https:\/\/www.brochure.cmclift.com\/wp-content\/uploads\/2023\/02\/CMC_Max-working-height-150x150.jpg 150w\" sizes=\"(max-width: 50px) 100vw, 50px\" \/><\/td>\n<td style=\"text-align: left;\">Hauteur max de travail<\/td>\n<td style=\"text-align: left;\"><strong>12,9m<\/strong><\/td>\n<\/tr>\n<tr>\n<td><img decoding=\"async\" class=\"wp-image-30637 alignnone\" src=\"https:\/\/www.brochure.cmclift.com\/wp-content\/uploads\/2023\/02\/CMC_-max-outreach.jpg\" alt=\"\" width=\"50\" height=\"50\" srcset=\"https:\/\/www.brochure.cmclift.com\/wp-content\/uploads\/2023\/02\/CMC_-max-outreach.jpg 215w, https:\/\/www.brochure.cmclift.com\/wp-content\/uploads\/2023\/02\/CMC_-max-outreach-150x150.jpg 150w\" sizes=\"(max-width: 50px) 100vw, 50px\" \/><\/td>\n<td style=\"text-align: left;\">Port\u00e9e lat\u00e9rale max<\/td>\n<td style=\"text-align: left;\"><strong>8,5m<\/strong><\/td>\n<\/tr>\n<tr>\n<td><img decoding=\"async\" class=\"wp-image-30673 alignnone\" src=\"https:\/\/www.brochure.cmclift.com\/wp-content\/uploads\/2023\/02\/CMC_platform-height.jpg\" alt=\"\" width=\"50\" height=\"50\" srcset=\"https:\/\/www.brochure.cmclift.com\/wp-content\/uploads\/2023\/02\/CMC_platform-height.jpg 216w, https:\/\/www.brochure.cmclift.com\/wp-content\/uploads\/2023\/02\/CMC_platform-height-150x150.jpg 150w\" sizes=\"(max-width: 50px) 100vw, 50px\" \/><\/td>\n<td style=\"text-align: left;\">Hauteur du plan de pi\u00e9tinement<\/td>\n<td style=\"text-align: left;\"><strong>10,9m<\/strong><\/td>\n<\/tr>\n<tr>\n<td><img decoding=\"async\" class=\"wp-image-30655 alignnone\" src=\"https:\/\/www.brochure.cmclift.com\/wp-content\/uploads\/2023\/02\/CMC_max-load-in-basket.jpg\" alt=\"\" width=\"50\" height=\"50\" srcset=\"https:\/\/www.brochure.cmclift.com\/wp-content\/uploads\/2023\/02\/CMC_max-load-in-basket.jpg 215w, https:\/\/www.brochure.cmclift.com\/wp-content\/uploads\/2023\/02\/CMC_max-load-in-basket-150x150.jpg 150w\" sizes=\"(max-width: 50px) 100vw, 50px\" \/><\/td>\n<td style=\"text-align: left;\">Capacit\u00e9 max de la nacelle<\/td>\n<td style=\"text-align: left;\"><strong>230kg<\/strong><\/td>\n<\/tr>\n<tr>\n<td><img decoding=\"async\" class=\"wp-image-30643 alignnone\" src=\"https:\/\/www.brochure.cmclift.com\/wp-content\/uploads\/2023\/02\/CMC_basket-dimension.jpg\" alt=\"\" width=\"50\" height=\"50\" srcset=\"https:\/\/www.brochure.cmclift.com\/wp-content\/uploads\/2023\/02\/CMC_basket-dimension.jpg 215w, https:\/\/www.brochure.cmclift.com\/wp-content\/uploads\/2023\/02\/CMC_basket-dimension-150x150.jpg 150w\" sizes=\"(max-width: 50px) 100vw, 50px\" \/><\/td>\n<td style=\"text-align: left;\">Dimensions de la nacelle<\/td>\n<td style=\"text-align: left;\"><strong>1,4&#215;0,7&#215;1,1m<\/strong><\/td>\n<\/tr>\n<tr>\n<td><img decoding=\"async\" class=\"wp-image-30649 alignnone\" src=\"https:\/\/www.brochure.cmclift.com\/wp-content\/uploads\/2023\/02\/CMC_basket-rotation.jpg\" alt=\"\" width=\"50\" height=\"50\" srcset=\"https:\/\/www.brochure.cmclift.com\/wp-content\/uploads\/2023\/02\/CMC_basket-rotation.jpg 216w, https:\/\/www.brochure.cmclift.com\/wp-content\/uploads\/2023\/02\/CMC_basket-rotation-150x150.jpg 150w\" sizes=\"(max-width: 50px) 100vw, 50px\" \/><\/td>\n<td style=\"text-align: left;\">Angle de rotation de la nacelle<\/td>\n<td style=\"text-align: left;\"><strong>+\/-90\u00b0<\/strong><\/td>\n<\/tr>\n<tr>\n<td><img decoding=\"async\" class=\"alignleft wp-image-30685\" src=\"https:\/\/www.brochure.cmclift.com\/wp-content\/uploads\/2023\/02\/CMC_turret-rotation.jpg\" alt=\"\" width=\"50\" height=\"50\" srcset=\"https:\/\/www.brochure.cmclift.com\/wp-content\/uploads\/2023\/02\/CMC_turret-rotation.jpg 216w, https:\/\/www.brochure.cmclift.com\/wp-content\/uploads\/2023\/02\/CMC_turret-rotation-150x150.jpg 150w\" sizes=\"(max-width: 50px) 100vw, 50px\" \/><\/td>\n<td style=\"text-align: left;\">Angle de rotation de la tourelle<\/td>\n<td style=\"text-align: left;\"><strong>+\/-178\u00b0<br \/>\n<\/strong><strong>(356\u00b0 non-continus)<\/strong><\/td>\n<\/tr>\n<tr>\n<td><img decoding=\"async\" class=\"alignnone wp-image-30679\" src=\"https:\/\/www.brochure.cmclift.com\/wp-content\/uploads\/2023\/02\/CMC_platform-weight.jpg\" alt=\"\" width=\"50\" height=\"50\" srcset=\"https:\/\/www.brochure.cmclift.com\/wp-content\/uploads\/2023\/02\/CMC_platform-weight.jpg 215w, https:\/\/www.brochure.cmclift.com\/wp-content\/uploads\/2023\/02\/CMC_platform-weight-150x150.jpg 150w\" sizes=\"(max-width: 50px) 100vw, 50px\" \/><\/td>\n<td style=\"text-align: left;\">Poids total<\/td>\n<td style=\"text-align: left;\"><strong>1565kg<\/strong><\/td>\n<\/tr>\n<\/tbody>\n<\/table>\n<\/div>[\/vc_column_inner][\/vc_row_inner][vc_row_inner][vc_column_inner][vc_separator border_width=\u00a0\u00bb8&Prime;][\/vc_column_inner][\/vc_row_inner][\/vc_column][\/vc_row]<\/p>\n<\/section>","protected":false},"excerpt":{"rendered":"<p>[vc_row][vc_column][vc_empty_space height=\u00a0\u00bb100&Prime;][\/vc_column][\/vc_row][vc_row css=\u00a0\u00bb.vc_custom_1677246539767{background-color: #ffffff !important;}\u00a0\u00bb][vc_column][vc_row_inner][vc_column_inner css=\u00a0\u00bb.vc_custom_1677246552221{background-color: #ffffff !important;}\u00a0\u00bb][vc_column_text css=\u00a0\u00bb.vc_custom_1681306699042{background-color: #ffffff !important;}\u00a0\u00bb] PERFORMANCES ET DIMENSIONS [\/vc_column_text][\/vc_column_inner][\/vc_row_inner][vc_row_inner][vc_column_inner width=\u00a0\u00bb1\/2&Prime;][vc_gallery interval=\u00a0\u00bb3&Prime; images=\u00a0\u00bb37013,36990,36996,37002,37020,37032,37026,37038,37046&Prime; img_size=\u00a0\u00bb500&#215;500&Prime;][\/vc_column_inner][vc_column_inner width=\u00a0\u00bb1\/2&Prime;][vc_column_text]&#8230;<\/p>\n","protected":false},"author":13,"featured_media":0,"parent":0,"menu_order":0,"comment_status":"closed","ping_status":"closed","template":"","meta":{"footnotes":""},"class_list":["post-33032","page","type-page","status-publish"],"_links":{"self":[{"href":"https:\/\/www.brochure.cmclift.com\/fr\/wp-json\/wp\/v2\/pages\/33032","targetHints":{"allow":["GET"]}}],"collection":[{"href":"https:\/\/www.brochure.cmclift.com\/fr\/wp-json\/wp\/v2\/pages"}],"about":[{"href":"https:\/\/www.brochure.cmclift.com\/fr\/wp-json\/wp\/v2\/types\/page"}],"author":[{"embeddable":true,"href":"https:\/\/www.brochure.cmclift.com\/fr\/wp-json\/wp\/v2\/users\/13"}],"replies":[{"embeddable":true,"href":"https:\/\/www.brochure.cmclift.com\/fr\/wp-json\/wp\/v2\/comments?post=33032"}],"version-history":[{"count":12,"href":"https:\/\/www.brochure.cmclift.com\/fr\/wp-json\/wp\/v2\/pages\/33032\/revisions"}],"predecessor-version":[{"id":37051,"href":"https:\/\/www.brochure.cmclift.com\/fr\/wp-json\/wp\/v2\/pages\/33032\/revisions\/37051"}],"wp:attachment":[{"href":"https:\/\/www.brochure.cmclift.com\/fr\/wp-json\/wp\/v2\/media?parent=33032"}],"curies":[{"name":"wp","href":"https:\/\/api.w.org\/{rel}","templated":true}]}}