{"id":33168,"date":"2023-04-13T09:37:30","date_gmt":"2023-04-13T07:37:30","guid":{"rendered":"https:\/\/www.brochure.cmclift.com\/?page_id=33168"},"modified":"2023-07-03T12:39:51","modified_gmt":"2023-07-03T10:39:51","slug":"f-brochure-benefit","status":"publish","type":"page","link":"https:\/\/www.brochure.cmclift.com\/fr\/f-brochure-benefit\/","title":{"rendered":"F BROCHURE &#8211; Benefit"},"content":{"rendered":"<section class=\"wpb-content-wrapper\"><p>[vc_row][vc_column][vc_row_inner][vc_column_inner][vc_empty_space height=\u00a0\u00bb100&Prime;][\/vc_column_inner][\/vc_row_inner][\/vc_column][\/vc_row][vc_row][vc_column][vc_column_text]<\/p>\n<div id=\"vc_row-6437b025d1f19\" class=\"vc_row wpb_row vc_row-fluid thegem-custom-6437b025d1f138377\">\n<div class=\"wpb_column vc_column_container vc_col-sm-12 thegem-custom-6437b025d20265351\">\n<div class=\"vc_column-inner thegem-custom-inner-6437b025d2027 \">\n<div class=\"wpb_wrapper thegem-custom-6437b025d20265351\">\n<div class=\"wpb_text_column wpb_content_element thegem-vc-text thegem-custom-6437b025d20fb4883\">\n<div class=\"wpb_wrapper\">\n<div id=\"vc_row-6437b0b4b6c52\" class=\"vc_row wpb_row vc_row-fluid thegem-custom-6437b0b4b6c4c3049\">\n<div class=\"wpb_column vc_column_container vc_col-sm-12 thegem-custom-6437b0b4b6d534460\">\n<div class=\"vc_column-inner thegem-custom-inner-6437b0b4b6d54 \">\n<div class=\"wpb_wrapper thegem-custom-6437b0b4b6d534460\">\n<div class=\"wpb_text_column wpb_content_element thegem-vc-text thegem-custom-6437b0b4b6e449691\">\n<div class=\"wpb_wrapper\">\n<h1 class=\"p1\">AVANTAGES<\/h1>\n<\/div>\n<\/div>\n<\/div>\n<\/div>\n<\/div>\n<\/div>\n<div id=\"vc_row-6437b0b4b6f5d\" class=\"vc_row wpb_row vc_row-fluid thegem-custom-6437b0b4b6f586088\">\n<div class=\"wpb_column vc_column_container vc_col-sm-12 thegem-custom-6437b0b4b70681388\">\n<div class=\"vc_column-inner thegem-custom-inner-6437b0b4b7069 \">\n<div class=\"wpb_wrapper thegem-custom-6437b0b4b70681388\">\n<div class=\"vc_row wpb_row vc_inner vc_row-fluid thegem-custom-6437b0b4b8c2e488 custom-inner-column-6437b0b4b8c33\">\n<div class=\"wpb_column vc_column_container vc_col-sm-6 thegem-custom-6437b0b4ba2348169\">\n<div class=\"vc_column-inner thegem-custom-inner-6437b0b4ba235 \">\n<div class=\"wpb_wrapper thegem-custom-6437b0b4ba2348169\"><\/div>\n<\/div>\n<\/div>\n<\/div>\n<\/div>\n<\/div>\n<\/div>\n<\/div>\n<\/div>\n<\/div>\n<\/div>\n<\/div>\n<\/div>\n<\/div>\n<p>[\/vc_column_text][\/vc_column][\/vc_row][vc_row][vc_column][vc_row_inner][vc_column_inner width=\u00a0\u00bb1\/2&Prime;][vc_single_image image=\u00a0\u00bb33146&Prime; img_size=\u00a0\u00bb500&#215;500&Prime;][\/vc_column_inner][vc_column_inner width=\u00a0\u00bb1\/2&Prime;][vc_column_text css=\u00a0\u00bb.vc_custom_1681371337349{border-left-width: 10px !important;}\u00a0\u00bb]<\/p>\n<div id=\"vc_row-6437b0b4b6c52\" class=\"vc_row wpb_row vc_row-fluid thegem-custom-6437b0b4b6c4c3049\">\n<div class=\"wpb_column vc_column_container vc_col-sm-12 thegem-custom-6437b0b4b6d534460\">\n<div class=\"vc_column-inner thegem-custom-inner-6437b0b4b6d54 \">\n<div class=\"wpb_wrapper thegem-custom-6437b0b4b6d534460\">\n<div class=\"wpb_text_column wpb_content_element thegem-vc-text thegem-custom-6437b0b4b6e449691\">\n<div class=\"wpb_wrapper\">\n<h4 class=\"p1\"><b>Facilit\u00e9 de transport<\/b><\/h4>\n<\/div>\n<\/div>\n<\/div>\n<\/div>\n<\/div>\n<\/div>\n<p>[\/vc_column_text][vc_column_text]<\/p>\n<p class=\"p1\">Gr\u00e2ce \u00e0 leur poids r\u00e9duit, les plateformes de la s\u00e9rie F de CMC peuvent \u00eatre charg\u00e9es sur une petite camionnette ou transport\u00e9es comme une simple remorque.<\/p>\n<p>[\/vc_column_text][\/vc_column_inner][\/vc_row_inner][vc_separator color=\u00a0\u00bbwhite\u00a0\u00bb][vc_row_inner][vc_column_inner width=\u00a0\u00bb1\/2&Prime;][vc_single_image image=\u00a0\u00bb33153&Prime; img_size=\u00a0\u00bb500&#215;500&Prime;][\/vc_column_inner][vc_column_inner width=\u00a0\u00bb1\/2&Prime;][vc_column_text css=\u00a0\u00bb.vc_custom_1681371346337{border-left-width: 10px !important;}\u00a0\u00bb]<\/p>\n<div class=\"wpb_text_column wpb_content_element vc_custom_1677757855066 thegem-vc-text thegem-custom-6437b0b4d3c2c7780\">\n<div class=\"wpb_wrapper\">\n<h4 class=\"p1\"><b>Utilisation polyvalente<\/b><\/h4>\n<\/div>\n<\/div>\n<div class=\"wpb_text_column wpb_content_element thegem-vc-text thegem-custom-6437b0b4d3ce68175\">\n<div class=\"wpb_wrapper\"><\/div>\n<\/div>\n<p>[\/vc_column_text][vc_column_text]<\/p>\n<p class=\"p1\">Le syst\u00e8me totalement hydraulique des plateformes de la s\u00e9rie F de CMC facilite non seulement leur utilisation, mais aussi leur entretien ordinaire et extraordinaire, et les rend particuli\u00e8rement r\u00e9sistantes \u00e0 l\u2019usure du temps.<\/p>\n<p>[\/vc_column_text][\/vc_column_inner][\/vc_row_inner][vc_separator color=\u00a0\u00bbwhite\u00a0\u00bb][vc_row_inner][vc_column_inner width=\u00a0\u00bb1\/2&Prime;][vc_single_image image=\u00a0\u00bb33159&Prime; img_size=\u00a0\u00bb500&#215;500&Prime;][\/vc_column_inner][vc_column_inner width=\u00a0\u00bb1\/2&Prime;][vc_column_text css=\u00a0\u00bb.vc_custom_1681371352963{border-left-width: 10px !important;}\u00a0\u00bb]<\/p>\n<div class=\"wpb_text_column wpb_content_element vc_custom_1677757874707 thegem-vc-text thegem-custom-6437b0b4dbdb75123\">\n<div class=\"wpb_wrapper\">\n<h4 class=\"p1\"><b>Facilit\u00e9 d\u2019utilisation<\/b><\/h4>\n<\/div>\n<\/div>\n<div class=\"wpb_text_column wpb_content_element thegem-vc-text thegem-custom-6437b0b4dbe512959\">\n<div class=\"wpb_wrapper\"><\/div>\n<\/div>\n<p>[\/vc_column_text][vc_column_text]<\/p>\n<p class=\"p1\">Le syst\u00e8me de commandes hydrauliques proportionnelles est facile et intuitif, permettant l\u2019utilisation correcte des plateformes de la s\u00e9rie F de CMC pour tous les types d\u2019utilisateurs.<span class=\"Apple-converted-space\">\u00a0<\/span>La manoeuvrabilit\u00e9 est aussi simplifi\u00e9e par la possibilit\u00e9 de travailler sur le bras t\u00e9lescopique avec le jib au repos.<span class=\"Apple-converted-space\">\u00a0<\/span><\/p>\n<p>[\/vc_column_text][\/vc_column_inner][\/vc_row_inner][\/vc_column][\/vc_row][vc_row][vc_column][vc_separator border_width=\u00a0\u00bb8&Prime;][\/vc_column][\/vc_row][vc_row][vc_column width=\u00a0\u00bb1\/4&Prime;][vc_btn title=\u00a0\u00bbAPPLICATIONS\u00a0\u00bb style=\u00a0\u00bbcustom\u00a0\u00bb custom_background=\u00a0\u00bb#da0e18&Prime; custom_text=\u00a0\u00bb#ffffff\u00a0\u00bb align=\u00a0\u00bbcenter\u00a0\u00bb button_block=\u00a0\u00bbtrue\u00a0\u00bb link=\u00a0\u00bburl:https%3A%2F%2Fwww.brochure.cmclift.com%2Ffr%2Ff-brochure-applications%2F|title:F%20BROCHURE%20%E2%80%93%20Applications\u00a0\u00bb][\/vc_column][vc_column width=\u00a0\u00bb1\/4&Prime;][vc_btn title=\u00a0\u00bbOPTIONS\u00a0\u00bb style=\u00a0\u00bbcustom\u00a0\u00bb custom_background=\u00a0\u00bb#da0e18&Prime; custom_text=\u00a0\u00bb#ffffff\u00a0\u00bb align=\u00a0\u00bbcenter\u00a0\u00bb button_block=\u00a0\u00bbtrue\u00a0\u00bb link=\u00a0\u00bburl:https%3A%2F%2Fwww.brochure.cmclift.com%2Ffr%2Ffeatures-f%2F|title:Features%20F\u00a0\u00bb][\/vc_column][vc_column width=\u00a0\u00bb1\/4&Prime;][vc_btn title=\u00a0\u00bbS\u00c9RIE DP\u00a0\u00bb style=\u00a0\u00bbcustom\u00a0\u00bb custom_background=\u00a0\u00bb#da0e18&Prime; custom_text=\u00a0\u00bb#ffffff\u00a0\u00bb align=\u00a0\u00bbcenter\u00a0\u00bb button_block=\u00a0\u00bbtrue\u00a0\u00bb link=\u00a0\u00bburl:https%3A%2F%2Fwww.brochure.cmclift.com%2Ffr%2Ff-brochure%2F|title:F%20BROCHURE\u00a0\u00bb][\/vc_column][vc_column width=\u00a0\u00bb1\/4&Prime;][vc_btn title=\u00a0\u00bbMOD\u00c8LES\u00a0\u00bb style=\u00a0\u00bbcustom\u00a0\u00bb custom_background=\u00a0\u00bb#da0e18&Prime; custom_text=\u00a0\u00bb#ffffff\u00a0\u00bb align=\u00a0\u00bbcenter\u00a0\u00bb button_block=\u00a0\u00bbtrue\u00a0\u00bb link=\u00a0\u00bburl:https%3A%2F%2Fwww.brochure.cmclift.com%2Ffr%2Ff-brochure-models%2F|title:F%20BROCHURE%20%E2%80%93%20Models\u00a0\u00bb][\/vc_column][\/vc_row][vc_row][vc_column][vc_separator border_width=\u00a0\u00bb8&Prime;][\/vc_column][\/vc_row]<\/p>\n<\/section>","protected":false},"excerpt":{"rendered":"<p>[vc_row][vc_column][vc_row_inner][vc_column_inner][vc_empty_space height=\u00a0\u00bb100&Prime;][\/vc_column_inner][\/vc_row_inner][\/vc_column][\/vc_row][vc_row][vc_column][vc_column_text] AVANTAGES [\/vc_column_text][\/vc_column][\/vc_row][vc_row][vc_column][vc_row_inner][vc_column_inner width=\u00a0\u00bb1\/2&Prime;][vc_single_image image=\u00a0\u00bb33146&Prime; img_size=\u00a0\u00bb500&#215;500&Prime;][\/vc_column_inner][vc_column_inner width=\u00a0\u00bb1\/2&Prime;][vc_column_text css=\u00a0\u00bb.vc_custom_1681371337349{border-left-width: 10px !important;}\u00a0\u00bb] Facilit\u00e9 de transport [\/vc_column_text][vc_column_text] Gr\u00e2ce \u00e0 leur poids r\u00e9duit,&#8230;<\/p>\n","protected":false},"author":13,"featured_media":0,"parent":0,"menu_order":0,"comment_status":"closed","ping_status":"closed","template":"","meta":{"footnotes":""},"class_list":["post-33168","page","type-page","status-publish"],"_links":{"self":[{"href":"https:\/\/www.brochure.cmclift.com\/fr\/wp-json\/wp\/v2\/pages\/33168","targetHints":{"allow":["GET"]}}],"collection":[{"href":"https:\/\/www.brochure.cmclift.com\/fr\/wp-json\/wp\/v2\/pages"}],"about":[{"href":"https:\/\/www.brochure.cmclift.com\/fr\/wp-json\/wp\/v2\/types\/page"}],"author":[{"embeddable":true,"href":"https:\/\/www.brochure.cmclift.com\/fr\/wp-json\/wp\/v2\/users\/13"}],"replies":[{"embeddable":true,"href":"https:\/\/www.brochure.cmclift.com\/fr\/wp-json\/wp\/v2\/comments?post=33168"}],"version-history":[{"count":10,"href":"https:\/\/www.brochure.cmclift.com\/fr\/wp-json\/wp\/v2\/pages\/33168\/revisions"}],"predecessor-version":[{"id":36779,"href":"https:\/\/www.brochure.cmclift.com\/fr\/wp-json\/wp\/v2\/pages\/33168\/revisions\/36779"}],"wp:attachment":[{"href":"https:\/\/www.brochure.cmclift.com\/fr\/wp-json\/wp\/v2\/media?parent=33168"}],"curies":[{"name":"wp","href":"https:\/\/api.w.org\/{rel}","templated":true}]}}