{"id":33889,"date":"2023-04-21T10:40:53","date_gmt":"2023-04-21T08:40:53","guid":{"rendered":"https:\/\/www.brochure.cmclift.com\/?page_id=33889"},"modified":"2023-06-21T16:05:26","modified_gmt":"2023-06-21T14:05:26","slug":"hd-brochure","status":"publish","type":"page","link":"https:\/\/www.brochure.cmclift.com\/fr\/hd-brochure\/","title":{"rendered":"HD BROCHURE"},"content":{"rendered":"<section class=\"wpb-content-wrapper\"><p>[vc_row full_width=\u00a0\u00bbstretch_row\u00a0\u00bb full_height=\u00a0\u00bbyes\u00a0\u00bb columns_placement=\u00a0\u00bbstretch\u00a0\u00bb content_placement=\u00a0\u00bbmiddle\u00a0\u00bb background_position_desktop=\u00a0\u00bbcenter center\u00a0\u00bb css_animation=\u00a0\u00bbnone\u00a0\u00bb thegem_featured_image_for_bg_active=\u00a0\u00bbtrue\u00a0\u00bb css=\u00a0\u00bb.vc_custom_1677236722169{background-position: center !important;background-repeat: no-repeat !important;background-size: cover !important;}\u00a0\u00bb][vc_column css=\u00a0\u00bb.vc_custom_1686748603730{background-image: url(https:\/\/www.brochure.cmclift.com\/wp-content\/uploads\/2023\/06\/background-7-scaled.jpg?id=35837) !important;background-position: center !important;background-repeat: no-repeat !important;background-size: cover !important;}\u00a0\u00bb][vc_column_text el_class=\u00a0\u00bbwhite\u00a0\u00bb]<\/p>\n<h1 class=\"p1\" style=\"text-align: center;\">S\u00c9RIE HD<\/h1>\n<h4 style=\"text-align: center;\">HEAVY DUTY<\/h4>\n<p>[\/vc_column_text][\/vc_column][\/vc_row][vc_row][vc_column]<div class=\"thegem-te-heading thegem-custom-69e2169f98ccb6465\" ><h1 id=\"thegem-heading-69e2169f98ca8\" class=\"thegem-heading\" style=\"text-align: left;\" ><span class=\"colored\" style=\"color: #54606b;\">S\u00c9RIE HD<\/span><\/h1><style type=\"text\/css\">#thegem-heading-69e2169f98ca8 {margin: 0;}#thegem-heading-69e2169f98ca8 a:hover, #thegem-heading-69e2169f98ca8 a:hover span.colored {color: var(--thegem-to-menu-level1-color-hover, #00BCD4) !important;}<\/style><\/div><style>@media screen and (max-width: 1023px) {.thegem-te-heading.thegem-custom-69e2169f98ccb6465{display: block!important;}}@media screen and (max-width: 767px) {.thegem-te-heading.thegem-custom-69e2169f98ccb6465{display: block!important;}}@media screen and (max-width: 1023px) {.thegem-te-heading.thegem-custom-69e2169f98ccb6465{position: relative !important;}}@media screen and (max-width: 767px) {.thegem-te-heading.thegem-custom-69e2169f98ccb6465{position: relative !important;}}<\/style><div class=\"thegem-te-heading thegem-custom-69e2169f98d947597\" ><h4 id=\"thegem-heading-69e2169f98d80\" class=\"thegem-heading\" style=\"text-align: left;\" ><span class=\"colored\" style=\"color: #54606b;\">HEAVY DUTY<\/span><\/h4><style type=\"text\/css\">#thegem-heading-69e2169f98d80 {margin: 0;}#thegem-heading-69e2169f98d80 a:hover, #thegem-heading-69e2169f98d80 a:hover span.colored {color: var(--thegem-to-menu-level1-color-hover, #00BCD4) !important;}<\/style><\/div><style>@media screen and (max-width: 1023px) {.thegem-te-heading.thegem-custom-69e2169f98d947597{display: block!important;}}@media screen and (max-width: 767px) {.thegem-te-heading.thegem-custom-69e2169f98d947597{display: block!important;}}@media screen and (max-width: 1023px) {.thegem-te-heading.thegem-custom-69e2169f98d947597{position: relative !important;}}@media screen and (max-width: 767px) {.thegem-te-heading.thegem-custom-69e2169f98d947597{position: relative !important;}}<\/style>[vc_empty_space][vc_column_text]<\/p>\n<p class=\"p1\">S\u00e9rie de nacelles \u00e9l\u00e9vatrices fabriqu\u00e9es pour les utilisations les plus extr\u00eames, qui combinent la grande r\u00e9sistance du chariot et la flexibilit\u00e9 maximale de la partie a\u00e9rienne, compos\u00e9e d\u2019un simple pantographe et d\u2019un bras t\u00e9lescopique.<\/p>\n<p class=\"p1\">Gr\u00e2ce \u00e0 leur forme compacte, \u00e0 leur large port\u00e9e et \u00e0 leurs stabilisateurs articul\u00e9s avec capacit\u00e9 de nivellement \u00e9lev\u00e9e, les nacelles de la s\u00e9rie HD &#8211; avec des hauteurs de travail maximales de 19 m et 22 m &#8211; sont les protagonistes absolues du travail dans des conditions extr\u00eames, car elles peuvent op\u00e9rer dans n\u2019importe quelles conditions et sur n\u2019importe quel terrain, en garantissant une efficacit\u00e9 et une s\u00e9curit\u00e9 maximales, aussi gr\u00e2ce au Self Control System de CMC, un syst\u00e8me \u00e9lectronique qui effectue automatiquement la plupart des op\u00e9rations de contr\u00f4le et de stabilisation de la machine.<\/p>\n<p>[\/vc_column_text][\/vc_column][\/vc_row][vc_row][vc_column width=\u00a0\u00bb1\/2&Prime; css=\u00a0\u00bb.vc_custom_1676988586107{padding-top: 0px !important;padding-bottom: 0px !important;}\u00a0\u00bb][vc_single_image image=\u00a0\u00bb33824&Prime; img_size=\u00a0\u00bbfull\u00a0\u00bb alignment=\u00a0\u00bbcenter\u00a0\u00bb style=\u00a0\u00bbvc_box_rounded\u00a0\u00bb onclick=\u00a0\u00bbcustom_link\u00a0\u00bb link=\u00a0\u00bbhttps:\/\/www.brochure.cmclift.com\/fr\/performance-s19hd\/\u00a0\u00bb][\/vc_column][vc_column width=\u00a0\u00bb1\/2&Prime;][vc_single_image image=\u00a0\u00bb33854&Prime; img_size=\u00a0\u00bbfull\u00a0\u00bb alignment=\u00a0\u00bbcenter\u00a0\u00bb style=\u00a0\u00bbvc_box_rounded\u00a0\u00bb onclick=\u00a0\u00bbcustom_link\u00a0\u00bb link=\u00a0\u00bbhttps:\/\/www.brochure.cmclift.com\/fr\/performance-s22hd\/\u00a0\u00bb][\/vc_column][\/vc_row][vc_row][vc_column][vc_empty_space][\/vc_column][\/vc_row][vc_row][vc_column][vc_separator border_width=\u00a0\u00bb8&Prime;][\/vc_column][\/vc_row][vc_row][vc_column width=\u00a0\u00bb1\/3&Prime;][vc_btn title=\u00a0\u00bbAVANTAGES\u00a0\u00bb style=\u00a0\u00bbcustom\u00a0\u00bb custom_background=\u00a0\u00bb#da0e18&Prime; custom_text=\u00a0\u00bb#ffffff\u00a0\u00bb align=\u00a0\u00bbcenter\u00a0\u00bb button_block=\u00a0\u00bbtrue\u00a0\u00bb link=\u00a0\u00bburl:https%3A%2F%2Fwww.brochure.cmclift.com%2Ffr%2Fhd-brochure-benefit%2F|title:HD%20BROCHURE%20%E2%80%93%20Benefit\u00a0\u00bb][\/vc_column][vc_column width=\u00a0\u00bb1\/3&Prime;][vc_btn title=\u00a0\u00bbOPTIONS\u00a0\u00bb style=\u00a0\u00bbcustom\u00a0\u00bb custom_background=\u00a0\u00bb#da0e18&Prime; custom_text=\u00a0\u00bb#ffffff\u00a0\u00bb align=\u00a0\u00bbcenter\u00a0\u00bb button_block=\u00a0\u00bbtrue\u00a0\u00bb link=\u00a0\u00bburl:https%3A%2F%2Fwww.brochure.cmclift.com%2Ffr%2Ffeatures-hd%2F|title:Features%20HD\u00a0\u00bb][\/vc_column][vc_column width=\u00a0\u00bb1\/3&Prime;][vc_btn title=\u00a0\u00bbAPPLICATIONS\u00a0\u00bb style=\u00a0\u00bbcustom\u00a0\u00bb custom_background=\u00a0\u00bb#da0e18&Prime; custom_text=\u00a0\u00bb#ffffff\u00a0\u00bb align=\u00a0\u00bbcenter\u00a0\u00bb button_block=\u00a0\u00bbtrue\u00a0\u00bb link=\u00a0\u00bburl:https%3A%2F%2Fwww.brochure.cmclift.com%2Ffr%2Fhd-brochure-applications%2F|title:HD%20BROCHURE%20%E2%80%93%20Applications\u00a0\u00bb][\/vc_column][\/vc_row][vc_row][vc_column][vc_separator border_width=\u00a0\u00bb8&Prime;][\/vc_column][\/vc_row][vc_row][vc_column][vc_empty_space height=\u00a0\u00bb100&Prime;][\/vc_column][\/vc_row]<\/p>\n<\/section>","protected":false},"excerpt":{"rendered":"<p>[vc_row full_width=\u00a0\u00bbstretch_row\u00a0\u00bb full_height=\u00a0\u00bbyes\u00a0\u00bb columns_placement=\u00a0\u00bbstretch\u00a0\u00bb content_placement=\u00a0\u00bbmiddle\u00a0\u00bb background_position_desktop=\u00a0\u00bbcenter center\u00a0\u00bb css_animation=\u00a0\u00bbnone\u00a0\u00bb thegem_featured_image_for_bg_active=\u00a0\u00bbtrue\u00a0\u00bb css=\u00a0\u00bb.vc_custom_1677236722169{background-position: center !important;background-repeat: no-repeat !important;background-size: cover !important;}\u00a0\u00bb][vc_column css=\u00a0\u00bb.vc_custom_1686748603730{background-image: url(https:\/\/www.brochure.cmclift.com\/wp-content\/uploads\/2023\/06\/background-7-scaled.jpg?id=35837) !important;background-position: center&#8230;<\/p>\n","protected":false},"author":13,"featured_media":0,"parent":0,"menu_order":0,"comment_status":"closed","ping_status":"closed","template":"","meta":{"footnotes":""},"class_list":["post-33889","page","type-page","status-publish"],"_links":{"self":[{"href":"https:\/\/www.brochure.cmclift.com\/fr\/wp-json\/wp\/v2\/pages\/33889","targetHints":{"allow":["GET"]}}],"collection":[{"href":"https:\/\/www.brochure.cmclift.com\/fr\/wp-json\/wp\/v2\/pages"}],"about":[{"href":"https:\/\/www.brochure.cmclift.com\/fr\/wp-json\/wp\/v2\/types\/page"}],"author":[{"embeddable":true,"href":"https:\/\/www.brochure.cmclift.com\/fr\/wp-json\/wp\/v2\/users\/13"}],"replies":[{"embeddable":true,"href":"https:\/\/www.brochure.cmclift.com\/fr\/wp-json\/wp\/v2\/comments?post=33889"}],"version-history":[{"count":7,"href":"https:\/\/www.brochure.cmclift.com\/fr\/wp-json\/wp\/v2\/pages\/33889\/revisions"}],"predecessor-version":[{"id":36340,"href":"https:\/\/www.brochure.cmclift.com\/fr\/wp-json\/wp\/v2\/pages\/33889\/revisions\/36340"}],"wp:attachment":[{"href":"https:\/\/www.brochure.cmclift.com\/fr\/wp-json\/wp\/v2\/media?parent=33889"}],"curies":[{"name":"wp","href":"https:\/\/api.w.org\/{rel}","templated":true}]}}