{"id":34299,"date":"2023-05-03T10:31:53","date_gmt":"2023-05-03T08:31:53","guid":{"rendered":"https:\/\/www.brochure.cmclift.com\/?page_id=34299"},"modified":"2023-07-04T15:19:14","modified_gmt":"2023-07-04T13:19:14","slug":"performance-s22hd","status":"publish","type":"page","link":"https:\/\/www.brochure.cmclift.com\/fr\/performance-s22hd\/","title":{"rendered":"Performance S22HD"},"content":{"rendered":"<section class=\"wpb-content-wrapper\"><p>[vc_row][vc_column][vc_empty_space height=\u00a0\u00bb100&Prime;][\/vc_column][\/vc_row][vc_row css=\u00a0\u00bb.vc_custom_1677246539767{background-color: #ffffff !important;}\u00a0\u00bb][vc_column][vc_row_inner][vc_column_inner css=\u00a0\u00bb.vc_custom_1677246552221{background-color: #ffffff !important;}\u00a0\u00bb][vc_column_text css=\u00a0\u00bb.vc_custom_1683102574585{background-color: #ffffff !important;}\u00a0\u00bb]<\/p>\n<h1>PERFORMANCES ET DIMENSIONS<\/h1>\n<p>[\/vc_column_text][\/vc_column_inner][\/vc_row_inner][vc_row_inner][vc_column_inner width=\u00a0\u00bb1\/2&Prime;][vc_gallery interval=\u00a0\u00bb3&Prime; images=\u00a0\u00bb37552,37600,37594,37588,37582,37576,37570,37564,37558&Prime; img_size=\u00a0\u00bb500&#215;500&Prime;][\/vc_column_inner][vc_column_inner width=\u00a0\u00bb1\/2&Prime;][vc_column_text]<\/p>\n<h1><span style=\"color: #808080;\">S<\/span><span style=\"color: #ff0000;\">22<\/span><span style=\"color: #808080;\">HD<\/span><\/h1>\n<p>[\/vc_column_text][vc_column_text]<\/p>\n<h4>Caract\u00e9ristiques principales<\/h4>\n<p>[\/vc_column_text][vc_column_text]<\/p>\n<p class=\"p1\">Nacelle articul\u00e9e avec un pantographe et un bras t\u00e9lescopique \u00e0 deux extensions plus jib. Avec les stabilisateurs avec capacit\u00e9 de nivellement \u00e9lev\u00e9e, les trois zones de travail, les multiples vitesses de d\u00e9placement et la large port\u00e9e horizontale, c\u2019est une formule qui la fait \u00eatre id\u00e9ale pour tous les travaux en ext\u00e9rieur, m\u00eame dans des conditions extr\u00eames.<\/p>\n<p>[\/vc_column_text][\/vc_column_inner][\/vc_row_inner][vc_row_inner][vc_column_inner][vc_separator border_width=\u00a0\u00bb8&Prime;][\/vc_column_inner][\/vc_row_inner][vc_row_inner][vc_column_inner width=\u00a0\u00bb1\/4&Prime;][vc_btn title=\u00a0\u00bbAVANTAGES\u00a0\u00bb style=\u00a0\u00bbcustom\u00a0\u00bb custom_background=\u00a0\u00bb#da0e18&Prime; custom_text=\u00a0\u00bb#ffffff\u00a0\u00bb align=\u00a0\u00bbcenter\u00a0\u00bb button_block=\u00a0\u00bbtrue\u00a0\u00bb css=\u00a0\u00bb.vc_custom_1687417425107{padding-right: 10px !important;padding-left: 10px !important;}\u00a0\u00bb link=\u00a0\u00bburl:https%3A%2F%2Fwww.brochure.cmclift.com%2Ffr%2Fhd-brochure-benefit%2F|title:HD%20BROCHURE%20%E2%80%93%20Benefit\u00a0\u00bb][\/vc_column_inner][vc_column_inner width=\u00a0\u00bb1\/4&Prime;][vc_btn title=\u00a0\u00bbAPPLICATIONS\u00a0\u00bb style=\u00a0\u00bbcustom\u00a0\u00bb custom_background=\u00a0\u00bb#da0e18&Prime; custom_text=\u00a0\u00bb#ffffff\u00a0\u00bb align=\u00a0\u00bbcenter\u00a0\u00bb button_block=\u00a0\u00bbtrue\u00a0\u00bb css=\u00a0\u00bb.vc_custom_1687417408267{padding-right: 10px !important;padding-left: 10px !important;}\u00a0\u00bb link=\u00a0\u00bburl:https%3A%2F%2Fwww.brochure.cmclift.com%2Ffr%2Fhd-brochure-applications%2F|title:HD%20BROCHURE%20%E2%80%93%20Applications\u00a0\u00bb][\/vc_column_inner][vc_column_inner width=\u00a0\u00bb1\/4&Prime;][vc_btn title=\u00a0\u00bbRENDEMENTS\u00a0\u00bb style=\u00a0\u00bbcustom\u00a0\u00bb custom_background=\u00a0\u00bb#da0e18&Prime; custom_text=\u00a0\u00bb#ffffff\u00a0\u00bb align=\u00a0\u00bbcenter\u00a0\u00bb button_block=\u00a0\u00bbtrue\u00a0\u00bb css=\u00a0\u00bb.vc_custom_1687417389221{padding-right: 10px !important;padding-left: 10px !important;}\u00a0\u00bb link=\u00a0\u00bburl:https%3A%2F%2Fwww.brochure.cmclift.com%2Ffr%2Frender-s22hd%2F|title:Render%20S22HD\u00a0\u00bb][\/vc_column_inner][vc_column_inner width=\u00a0\u00bb1\/4&Prime;][vc_btn title=\u00a0\u00bbCARACT\u00c9RISTIQUES\u00a0\u00bb style=\u00a0\u00bbcustom\u00a0\u00bb custom_background=\u00a0\u00bb#da0e18&Prime; custom_text=\u00a0\u00bb#ffffff\u00a0\u00bb align=\u00a0\u00bbcenter\u00a0\u00bb button_block=\u00a0\u00bbtrue\u00a0\u00bb css=\u00a0\u00bb.vc_custom_1687417382844{border-left-width: 15px !important;padding-right: 15px !important;padding-left: 15px !important;}\u00a0\u00bb link=\u00a0\u00bburl:https%3A%2F%2Fwww.brochure.cmclift.com%2Fen%2Ffeatures-hd%2F|title:Features%20HD\u00a0\u00bb][\/vc_column_inner][\/vc_row_inner][vc_row_inner][vc_column_inner][vc_separator border_width=\u00a0\u00bb8&Prime;][\/vc_column_inner][\/vc_row_inner][vc_row_inner][vc_column_inner]<div class=\"gem-table  gem-table-style-1\"><table style=\"width: 100%;\">\n<tbody>\n<tr>\n<td><img decoding=\"async\" class=\"wp-image-30667 alignnone\" src=\"https:\/\/www.brochure.cmclift.com\/wp-content\/uploads\/2023\/02\/CMC_Max-working-height.jpg\" alt=\"\" width=\"50\" height=\"50\" srcset=\"https:\/\/www.brochure.cmclift.com\/wp-content\/uploads\/2023\/02\/CMC_Max-working-height.jpg 216w, https:\/\/www.brochure.cmclift.com\/wp-content\/uploads\/2023\/02\/CMC_Max-working-height-150x150.jpg 150w\" sizes=\"(max-width: 50px) 100vw, 50px\" \/><\/td>\n<td style=\"text-align: left;\">Hauteur maximale de travail<\/td>\n<td style=\"text-align: left;\"><strong>21,6 m<\/strong><\/td>\n<\/tr>\n<tr>\n<td><img decoding=\"async\" class=\"wp-image-30637 alignnone\" src=\"https:\/\/www.brochure.cmclift.com\/wp-content\/uploads\/2023\/02\/CMC_-max-outreach.jpg\" alt=\"\" width=\"50\" height=\"50\" srcset=\"https:\/\/www.brochure.cmclift.com\/wp-content\/uploads\/2023\/02\/CMC_-max-outreach.jpg 215w, https:\/\/www.brochure.cmclift.com\/wp-content\/uploads\/2023\/02\/CMC_-max-outreach-150x150.jpg 150w\" sizes=\"(max-width: 50px) 100vw, 50px\" \/><\/td>\n<td style=\"text-align: left;\">Port\u00e9e lat\u00e9rale<\/td>\n<td style=\"text-align: left;\"><strong>12,5 m<\/strong><\/td>\n<\/tr>\n<tr>\n<td><img decoding=\"async\" class=\"wp-image-30673 alignnone\" src=\"https:\/\/www.brochure.cmclift.com\/wp-content\/uploads\/2023\/02\/CMC_platform-height.jpg\" alt=\"\" width=\"50\" height=\"50\" srcset=\"https:\/\/www.brochure.cmclift.com\/wp-content\/uploads\/2023\/02\/CMC_platform-height.jpg 216w, https:\/\/www.brochure.cmclift.com\/wp-content\/uploads\/2023\/02\/CMC_platform-height-150x150.jpg 150w\" sizes=\"(max-width: 50px) 100vw, 50px\" \/><\/td>\n<td style=\"text-align: left;\">Hauteur du plan de pi\u00e9tinement<\/td>\n<td style=\"text-align: left;\"><strong>19,6 m<\/strong><\/td>\n<\/tr>\n<tr>\n<td><img decoding=\"async\" class=\"wp-image-30655 alignnone\" src=\"https:\/\/www.brochure.cmclift.com\/wp-content\/uploads\/2023\/02\/CMC_max-load-in-basket.jpg\" alt=\"\" width=\"50\" height=\"50\" srcset=\"https:\/\/www.brochure.cmclift.com\/wp-content\/uploads\/2023\/02\/CMC_max-load-in-basket.jpg 215w, https:\/\/www.brochure.cmclift.com\/wp-content\/uploads\/2023\/02\/CMC_max-load-in-basket-150x150.jpg 150w\" sizes=\"(max-width: 50px) 100vw, 50px\" \/><\/td>\n<td style=\"text-align: left;\">Capacit\u00e9 max de la nacelle<\/td>\n<td style=\"text-align: left;\">230 kg<\/td>\n<\/tr>\n<tr>\n<td><img decoding=\"async\" class=\"wp-image-30643 alignnone\" src=\"https:\/\/www.brochure.cmclift.com\/wp-content\/uploads\/2023\/02\/CMC_basket-dimension.jpg\" alt=\"\" width=\"50\" height=\"50\" srcset=\"https:\/\/www.brochure.cmclift.com\/wp-content\/uploads\/2023\/02\/CMC_basket-dimension.jpg 215w, https:\/\/www.brochure.cmclift.com\/wp-content\/uploads\/2023\/02\/CMC_basket-dimension-150x150.jpg 150w\" sizes=\"(max-width: 50px) 100vw, 50px\" \/><\/td>\n<td style=\"text-align: left;\">Dimensions de la nacelle<\/td>\n<td style=\"text-align: left;\"><strong>1,4&#215;0,7&#215;1,1m<\/strong><\/td>\n<\/tr>\n<tr>\n<td><img decoding=\"async\" class=\"wp-image-30649 alignnone\" src=\"https:\/\/www.brochure.cmclift.com\/wp-content\/uploads\/2023\/02\/CMC_basket-rotation.jpg\" alt=\"\" width=\"50\" height=\"50\" srcset=\"https:\/\/www.brochure.cmclift.com\/wp-content\/uploads\/2023\/02\/CMC_basket-rotation.jpg 216w, https:\/\/www.brochure.cmclift.com\/wp-content\/uploads\/2023\/02\/CMC_basket-rotation-150x150.jpg 150w\" sizes=\"(max-width: 50px) 100vw, 50px\" \/><\/td>\n<td style=\"text-align: left;\">Angle de rotation de la nacelle<\/td>\n<td style=\"text-align: left;\"><strong>+\/-90\u00b0 (optionnel)<\/strong><\/td>\n<\/tr>\n<tr>\n<td><img decoding=\"async\" class=\"alignleft wp-image-30685\" src=\"https:\/\/www.brochure.cmclift.com\/wp-content\/uploads\/2023\/02\/CMC_turret-rotation.jpg\" alt=\"\" width=\"50\" height=\"50\" srcset=\"https:\/\/www.brochure.cmclift.com\/wp-content\/uploads\/2023\/02\/CMC_turret-rotation.jpg 216w, https:\/\/www.brochure.cmclift.com\/wp-content\/uploads\/2023\/02\/CMC_turret-rotation-150x150.jpg 150w\" sizes=\"(max-width: 50px) 100vw, 50px\" \/><\/td>\n<td style=\"text-align: left;\">Angle de rotation de la tourelle<\/td>\n<td style=\"text-align: left;\"><strong>+\/- 355\u00b0<\/strong><br \/>\n<strong>(710\u00b0 continuous)<\/strong><\/td>\n<\/tr>\n<tr>\n<td><img decoding=\"async\" class=\"alignnone wp-image-30679\" src=\"https:\/\/www.brochure.cmclift.com\/wp-content\/uploads\/2023\/02\/CMC_platform-weight.jpg\" alt=\"\" width=\"50\" height=\"50\" srcset=\"https:\/\/www.brochure.cmclift.com\/wp-content\/uploads\/2023\/02\/CMC_platform-weight.jpg 215w, https:\/\/www.brochure.cmclift.com\/wp-content\/uploads\/2023\/02\/CMC_platform-weight-150x150.jpg 150w\" sizes=\"(max-width: 50px) 100vw, 50px\" \/><\/td>\n<td style=\"text-align: left;\">Poids total<\/td>\n<td style=\"text-align: left;\"><strong>3025kg<\/strong><\/td>\n<\/tr>\n<\/tbody>\n<\/table>\n<\/div>[\/vc_column_inner][\/vc_row_inner][vc_row_inner][vc_column_inner][vc_separator border_width=\u00a0\u00bb8&Prime;][\/vc_column_inner][\/vc_row_inner][\/vc_column][\/vc_row]<\/p>\n<\/section>","protected":false},"excerpt":{"rendered":"<p>[vc_row][vc_column][vc_empty_space height=\u00a0\u00bb100&Prime;][\/vc_column][\/vc_row][vc_row css=\u00a0\u00bb.vc_custom_1677246539767{background-color: #ffffff !important;}\u00a0\u00bb][vc_column][vc_row_inner][vc_column_inner css=\u00a0\u00bb.vc_custom_1677246552221{background-color: #ffffff !important;}\u00a0\u00bb][vc_column_text css=\u00a0\u00bb.vc_custom_1683102574585{background-color: #ffffff !important;}\u00a0\u00bb] PERFORMANCES ET DIMENSIONS [\/vc_column_text][\/vc_column_inner][\/vc_row_inner][vc_row_inner][vc_column_inner width=\u00a0\u00bb1\/2&Prime;][vc_gallery interval=\u00a0\u00bb3&Prime; images=\u00a0\u00bb37552,37600,37594,37588,37582,37576,37570,37564,37558&Prime; img_size=\u00a0\u00bb500&#215;500&Prime;][\/vc_column_inner][vc_column_inner width=\u00a0\u00bb1\/2&Prime;][vc_column_text]&#8230;<\/p>\n","protected":false},"author":13,"featured_media":0,"parent":0,"menu_order":0,"comment_status":"closed","ping_status":"closed","template":"","meta":{"footnotes":""},"class_list":["post-34299","page","type-page","status-publish"],"_links":{"self":[{"href":"https:\/\/www.brochure.cmclift.com\/fr\/wp-json\/wp\/v2\/pages\/34299","targetHints":{"allow":["GET"]}}],"collection":[{"href":"https:\/\/www.brochure.cmclift.com\/fr\/wp-json\/wp\/v2\/pages"}],"about":[{"href":"https:\/\/www.brochure.cmclift.com\/fr\/wp-json\/wp\/v2\/types\/page"}],"author":[{"embeddable":true,"href":"https:\/\/www.brochure.cmclift.com\/fr\/wp-json\/wp\/v2\/users\/13"}],"replies":[{"embeddable":true,"href":"https:\/\/www.brochure.cmclift.com\/fr\/wp-json\/wp\/v2\/comments?post=34299"}],"version-history":[{"count":7,"href":"https:\/\/www.brochure.cmclift.com\/fr\/wp-json\/wp\/v2\/pages\/34299\/revisions"}],"predecessor-version":[{"id":37605,"href":"https:\/\/www.brochure.cmclift.com\/fr\/wp-json\/wp\/v2\/pages\/34299\/revisions\/37605"}],"wp:attachment":[{"href":"https:\/\/www.brochure.cmclift.com\/fr\/wp-json\/wp\/v2\/media?parent=34299"}],"curies":[{"name":"wp","href":"https:\/\/api.w.org\/{rel}","templated":true}]}}