{"id":34380,"date":"2023-05-03T15:03:32","date_gmt":"2023-05-03T13:03:32","guid":{"rendered":"https:\/\/www.brochure.cmclift.com\/?page_id=34380"},"modified":"2023-11-09T09:58:13","modified_gmt":"2023-11-09T08:58:13","slug":"i-brochure-applications","status":"publish","type":"page","link":"https:\/\/www.brochure.cmclift.com\/fr\/i-brochure-applications\/","title":{"rendered":"i BROCHURE &#8211; Applications"},"content":{"rendered":"<section class=\"wpb-content-wrapper\"><p>[vc_row][vc_column][vc_empty_space height=\u00a0\u00bb100&Prime;][\/vc_column][\/vc_row][vc_row css=\u00a0\u00bb.vc_custom_1677834925062{background-color: #ffffff !important;}\u00a0\u00bb][vc_column][vc_column_text]<\/p>\n<h1>LES SECTEURS D\u2019UTILISATION<\/h1>\n<p>[\/vc_column_text][\/vc_column][\/vc_row][vc_row][vc_column][vc_row_inner content_placement=\u00a0\u00bbmiddle\u00a0\u00bb thegem_shadow_color=\u00a0\u00bbrgba(10,10,10,0.24)\u00a0\u00bb thegem_shaow_horizontal=\u00a0\u00bb10&Prime; thegem_shaow_vertical=\u00a0\u00bb10&Prime; thegem_shaow_blur=\u00a0\u00bb10&Prime; thegem_shaow_spread=\u00a0\u00bb-2&Prime; thegem_enable_shadow=\u00a0\u00bbtrue\u00a0\u00bb css=\u00a0\u00bb.vc_custom_1677682137225{margin-right: 10px !important;margin-left: 10px !important;background-color: #ffffff !important;}\u00a0\u00bb tablet_margin_top=\u00a0\u00bb10&Prime; mobile_margin_top=\u00a0\u00bb10&Prime;][vc_column_inner width=\u00a0\u00bb1\/2&Prime; css=\u00a0\u00bb.vc_custom_1677164193130{margin-bottom: -10px !important;}\u00a0\u00bb][vc_single_image image=\u00a0\u00bb38506&Prime; img_size=\u00a0\u00bb300&#215;300&Prime; alignment=\u00a0\u00bbcenter\u00a0\u00bb][\/vc_column_inner][vc_column_inner width=\u00a0\u00bb1\/2&Prime;][vc_column_text]<\/p>\n<h4>Maintenance des lignes \u00e9lectriques<\/h4>\n<p>[\/vc_column_text][vc_column_text]<\/p>\n<p class=\"p1\">Travaux de r\u00e9paration et de maintenance des c\u00e2bles et pyl\u00f4nes de moyenne et haute tension.<\/p>\n<p>[\/vc_column_text][\/vc_column_inner][\/vc_row_inner][vc_row_inner content_placement=\u00a0\u00bbmiddle\u00a0\u00bb thegem_shadow_color=\u00a0\u00bbrgba(10,10,10,0.24)\u00a0\u00bb thegem_shaow_horizontal=\u00a0\u00bb10&Prime; thegem_shaow_vertical=\u00a0\u00bb10&Prime; thegem_shaow_blur=\u00a0\u00bb10&Prime; thegem_shaow_spread=\u00a0\u00bb-2&Prime; thegem_enable_shadow=\u00a0\u00bbtrue\u00a0\u00bb css=\u00a0\u00bb.vc_custom_1677682188735{margin-right: 10px !important;margin-left: 10px !important;background-color: #ffffff !important;}\u00a0\u00bb tablet_margin_top=\u00a0\u00bb10&Prime; mobile_margin_top=\u00a0\u00bb10&Prime;][vc_column_inner width=\u00a0\u00bb1\/2&Prime; css=\u00a0\u00bb.vc_custom_1677164193130{margin-bottom: -10px !important;}\u00a0\u00bb][vc_single_image image=\u00a0\u00bb38494&Prime; img_size=\u00a0\u00bb300&#215;300&Prime; alignment=\u00a0\u00bbcenter\u00a0\u00bb][\/vc_column_inner][vc_column_inner width=\u00a0\u00bb1\/2&Prime;][vc_column_text]<\/p>\n<h4>Gestion et maintenance de sites industriels<\/h4>\n<p>[\/vc_column_text][vc_column_text]<\/p>\n<p class=\"p1\">en particulier, les installations de production d\u2019\u00e9lectric<\/p>\n<p>[\/vc_column_text][\/vc_column_inner][\/vc_row_inner][vc_row_inner content_placement=\u00a0\u00bbmiddle\u00a0\u00bb thegem_shadow_color=\u00a0\u00bbrgba(10,10,10,0.24)\u00a0\u00bb thegem_shaow_horizontal=\u00a0\u00bb10&Prime; thegem_shaow_vertical=\u00a0\u00bb10&Prime; thegem_shaow_blur=\u00a0\u00bb10&Prime; thegem_shaow_spread=\u00a0\u00bb-2&Prime; thegem_enable_shadow=\u00a0\u00bbtrue\u00a0\u00bb css=\u00a0\u00bb.vc_custom_1677682209265{margin-right: 10px !important;margin-left: 10px !important;background-color: #ffffff !important;}\u00a0\u00bb tablet_margin_top=\u00a0\u00bb10&Prime; mobile_margin_top=\u00a0\u00bb10&Prime;][vc_column_inner width=\u00a0\u00bb1\/2&Prime; css=\u00a0\u00bb.vc_custom_1677164193130{margin-bottom: -10px !important;}\u00a0\u00bb][vc_single_image image=\u00a0\u00bb38500&Prime; img_size=\u00a0\u00bb300&#215;300&Prime; alignment=\u00a0\u00bbcenter\u00a0\u00bb][\/vc_column_inner][vc_column_inner width=\u00a0\u00bb1\/2&Prime;][vc_column_text]<\/p>\n<h4>\u00c9lagage des grands arbres<\/h4>\n<p>[\/vc_column_text][vc_column_text]<\/p>\n<p class=\"p1\">lorsqu\u2019il est n\u00e9cessaire de travailler pr\u00e8s de lignes \u00e0 haute tension.<\/p>\n<p>[\/vc_column_text][\/vc_column_inner][\/vc_row_inner][\/vc_column][\/vc_row][vc_row][vc_column][vc_empty_space][\/vc_column][\/vc_row][vc_row][vc_column][vc_separator border_width=\u00a0\u00bb8&Prime;][\/vc_column][\/vc_row][vc_row][vc_column width=\u00a0\u00bb1\/3&Prime;][vc_btn title=\u00a0\u00bbOPTIONS\u00a0\u00bb style=\u00a0\u00bbcustom\u00a0\u00bb custom_background=\u00a0\u00bb#da121a\u00a0\u00bb custom_text=\u00a0\u00bb#ffffff\u00a0\u00bb align=\u00a0\u00bbcenter\u00a0\u00bb button_block=\u00a0\u00bbtrue\u00a0\u00bb link=\u00a0\u00bburl:https%3A%2F%2Fwww.brochure.cmclift.com%2Ffr%2Ffeatures-i%2F|title:Features%20i\u00a0\u00bb][\/vc_column][vc_column width=\u00a0\u00bb1\/3&Prime;][vc_btn title=\u00a0\u00bbAVANTAGES\u00a0\u00bb style=\u00a0\u00bbcustom\u00a0\u00bb custom_background=\u00a0\u00bb#da121a\u00a0\u00bb custom_text=\u00a0\u00bb#ffffff\u00a0\u00bb align=\u00a0\u00bbcenter\u00a0\u00bb button_block=\u00a0\u00bbtrue\u00a0\u00bb link=\u00a0\u00bburl:https%3A%2F%2Fwww.brochure.cmclift.com%2Ffr%2Fi-brochure-benefit%2F|title:i%20BROCHURE%20%E2%80%93%20Benefit\u00a0\u00bb][\/vc_column][vc_column width=\u00a0\u00bb1\/3&Prime;][vc_btn title=\u00a0\u00bbS\u00c9RIE i\u00a0\u00bb style=\u00a0\u00bbcustom\u00a0\u00bb custom_background=\u00a0\u00bb#da121a\u00a0\u00bb custom_text=\u00a0\u00bb#ffffff\u00a0\u00bb align=\u00a0\u00bbcenter\u00a0\u00bb button_block=\u00a0\u00bbtrue\u00a0\u00bb link=\u00a0\u00bburl:https%3A%2F%2Fwww.brochure.cmclift.com%2Ffr%2Fi-brochure%2F|title:i%20BROCHURE\u00a0\u00bb][\/vc_column][\/vc_row][vc_row][vc_column][vc_separator border_width=\u00a0\u00bb8&Prime;][\/vc_column][\/vc_row][vc_row][vc_column][vc_empty_space][\/vc_column][\/vc_row]<\/p>\n<\/section>","protected":false},"excerpt":{"rendered":"<p>[vc_row][vc_column][vc_empty_space height=\u00a0\u00bb100&Prime;][\/vc_column][\/vc_row][vc_row css=\u00a0\u00bb.vc_custom_1677834925062{background-color: #ffffff !important;}\u00a0\u00bb][vc_column][vc_column_text] LES SECTEURS D\u2019UTILISATION [\/vc_column_text][\/vc_column][\/vc_row][vc_row][vc_column][vc_row_inner content_placement=\u00a0\u00bbmiddle\u00a0\u00bb thegem_shadow_color=\u00a0\u00bbrgba(10,10,10,0.24)\u00a0\u00bb thegem_shaow_horizontal=\u00a0\u00bb10&Prime; thegem_shaow_vertical=\u00a0\u00bb10&Prime; thegem_shaow_blur=\u00a0\u00bb10&Prime; thegem_shaow_spread=\u00a0\u00bb-2&Prime; thegem_enable_shadow=\u00a0\u00bbtrue\u00a0\u00bb css=\u00a0\u00bb.vc_custom_1677682137225{margin-right: 10px !important;margin-left: 10px&#8230;<\/p>\n","protected":false},"author":13,"featured_media":0,"parent":0,"menu_order":0,"comment_status":"closed","ping_status":"closed","template":"","meta":{"footnotes":""},"class_list":["post-34380","page","type-page","status-publish"],"_links":{"self":[{"href":"https:\/\/www.brochure.cmclift.com\/fr\/wp-json\/wp\/v2\/pages\/34380","targetHints":{"allow":["GET"]}}],"collection":[{"href":"https:\/\/www.brochure.cmclift.com\/fr\/wp-json\/wp\/v2\/pages"}],"about":[{"href":"https:\/\/www.brochure.cmclift.com\/fr\/wp-json\/wp\/v2\/types\/page"}],"author":[{"embeddable":true,"href":"https:\/\/www.brochure.cmclift.com\/fr\/wp-json\/wp\/v2\/users\/13"}],"replies":[{"embeddable":true,"href":"https:\/\/www.brochure.cmclift.com\/fr\/wp-json\/wp\/v2\/comments?post=34380"}],"version-history":[{"count":11,"href":"https:\/\/www.brochure.cmclift.com\/fr\/wp-json\/wp\/v2\/pages\/34380\/revisions"}],"predecessor-version":[{"id":38511,"href":"https:\/\/www.brochure.cmclift.com\/fr\/wp-json\/wp\/v2\/pages\/34380\/revisions\/38511"}],"wp:attachment":[{"href":"https:\/\/www.brochure.cmclift.com\/fr\/wp-json\/wp\/v2\/media?parent=34380"}],"curies":[{"name":"wp","href":"https:\/\/api.w.org\/{rel}","templated":true}]}}