{"id":34412,"date":"2023-05-03T15:07:27","date_gmt":"2023-05-03T13:07:27","guid":{"rendered":"https:\/\/www.brochure.cmclift.com\/?page_id=34412"},"modified":"2023-11-09T10:41:48","modified_gmt":"2023-11-09T09:41:48","slug":"i-brochure","status":"publish","type":"page","link":"https:\/\/www.brochure.cmclift.com\/fr\/i-brochure\/","title":{"rendered":"i BROCHURE"},"content":{"rendered":"<section class=\"wpb-content-wrapper\"><p>[vc_row full_width=\u00a0\u00bbstretch_row\u00a0\u00bb full_height=\u00a0\u00bbyes\u00a0\u00bb columns_placement=\u00a0\u00bbstretch\u00a0\u00bb content_placement=\u00a0\u00bbmiddle\u00a0\u00bb background_position_desktop=\u00a0\u00bbcenter center\u00a0\u00bb css_animation=\u00a0\u00bbnone\u00a0\u00bb thegem_featured_image_for_bg_active=\u00a0\u00bbtrue\u00a0\u00bb css=\u00a0\u00bb.vc_custom_1677236722169{background-position: center !important;background-repeat: no-repeat !important;background-size: cover !important;}\u00a0\u00bb][vc_column css=\u00a0\u00bb.vc_custom_1686053963987{background-image: url(https:\/\/www.brochure.cmclift.com\/wp-content\/uploads\/2020\/04\/cover2-1-1-scaled.jpg?id=34497) !important;background-position: center !important;background-repeat: no-repeat !important;background-size: cover !important;}\u00a0\u00bb][vc_column_text el_class=\u00a0\u00bbwhite\u00a0\u00bb]<\/p>\n<h1 style=\"text-align: center;\">S\u00c9RIE i<\/h1>\n<h4 style=\"text-align: center;\">INSULATED<\/h4>\n<p>[\/vc_column_text][\/vc_column][\/vc_row][vc_row][vc_column]<div class=\"thegem-te-heading thegem-custom-69e219e5359977840\" ><h1 id=\"thegem-heading-69e219e535976\" class=\"thegem-heading\" style=\"text-align: left;\" ><span class=\"colored\" style=\"color: #54606b;\">S\u00c9RIE i<\/span><\/h1><style type=\"text\/css\">#thegem-heading-69e219e535976 {margin: 0;}#thegem-heading-69e219e535976 a:hover, #thegem-heading-69e219e535976 a:hover span.colored {color: var(--thegem-to-menu-level1-color-hover, #00BCD4) !important;}<\/style><\/div><style>@media screen and (max-width: 1023px) {.thegem-te-heading.thegem-custom-69e219e5359977840{display: block!important;}}@media screen and (max-width: 767px) {.thegem-te-heading.thegem-custom-69e219e5359977840{display: block!important;}}@media screen and (max-width: 1023px) {.thegem-te-heading.thegem-custom-69e219e5359977840{position: relative !important;}}@media screen and (max-width: 767px) {.thegem-te-heading.thegem-custom-69e219e5359977840{position: relative !important;}}<\/style><div class=\"thegem-te-heading thegem-custom-69e219e535a695695\" ><h4 id=\"thegem-heading-69e219e535a52\" class=\"thegem-heading\" style=\"text-align: left;\" ><span class=\"colored\" style=\"color: #54606b;\">INSULATED<\/span><\/h4><style type=\"text\/css\">#thegem-heading-69e219e535a52 {margin: 0;}#thegem-heading-69e219e535a52 a:hover, #thegem-heading-69e219e535a52 a:hover span.colored {color: var(--thegem-to-menu-level1-color-hover, #00BCD4) !important;}<\/style><\/div><style>@media screen and (max-width: 1023px) {.thegem-te-heading.thegem-custom-69e219e535a695695{display: block!important;}}@media screen and (max-width: 767px) {.thegem-te-heading.thegem-custom-69e219e535a695695{display: block!important;}}@media screen and (max-width: 1023px) {.thegem-te-heading.thegem-custom-69e219e535a695695{position: relative !important;}}@media screen and (max-width: 767px) {.thegem-te-heading.thegem-custom-69e219e535a695695{position: relative !important;}}<\/style>[vc_empty_space][vc_column_text]<\/p>\n<p class=\"p2\">La s\u00e9curit\u00e9 atteint les plus hauts niveaux avec les nacelles araign\u00e9es de la s\u00e9rie \u201ci\u201d, isol\u00e9es jusqu\u2019\u00e0 46 kV, n\u00e9es d\u2019\u00e9tudes approfondies sur le risque \u00e9lectrique et de la volont\u00e9 d\u2019assurer \u00e0 la fois une efficacit\u00e9 maximale et le plus haut niveau de protection pour ceux qui travaillent sur ou \u00e0 proximit\u00e9 des lignes \u00e0 haute tension.<span class=\"Apple-converted-space\">\u00a0<\/span><\/p>\n<p class=\"p2\">La nacelle monoplace en fibre de verre, ainsi que les isolateurs en fibre positionn\u00e9s sur la partie a\u00e9rienne, combin\u00e9s \u00e0 l\u2019utilisation d\u2019une huile sp\u00e9ciale non conductrice et autres composants isol\u00e9s, r\u00e9duisent au minimum le risque d\u2019\u00e9lectrocution pour l\u2019op\u00e9rateur.<span class=\"Apple-converted-space\">\u00a0<\/span><\/p>\n<p class=\"p3\">\u00c0 cela s\u2019ajoutent les avantages technologiques que peut offrir une nacelle CMC de derni\u00e8re g\u00e9n\u00e9ration, comme l\u2019ex\u00e9cution automatique de la plupart des op\u00e9rations de contr\u00f4le et de stabilisation de la nacelle.<span class=\"Apple-converted-space\">\u00a0<\/span><\/p>\n<p>[\/vc_column_text][\/vc_column][\/vc_row][vc_row][vc_column width=\u00a0\u00bb1\/3&Prime; css=\u00a0\u00bb.vc_custom_1676988586107{padding-top: 0px !important;padding-bottom: 0px !important;}\u00a0\u00bb][\/vc_column][vc_column width=\u00a0\u00bb1\/3&Prime;][vc_single_image image=\u00a0\u00bb38523&Prime; img_size=\u00a0\u00bbfull\u00a0\u00bb alignment=\u00a0\u00bbcenter\u00a0\u00bb style=\u00a0\u00bbvc_box_rounded\u00a0\u00bb onclick=\u00a0\u00bbcustom_link\u00a0\u00bb link=\u00a0\u00bbhttps:\/\/www.brochure.cmclift.com\/fr\/performance-i23\/\u00a0\u00bb][\/vc_column][vc_column width=\u00a0\u00bb1\/3&Prime;][\/vc_column][\/vc_row][vc_row][vc_column][vc_empty_space][\/vc_column][\/vc_row][vc_row][vc_column][vc_separator border_width=\u00a0\u00bb8&Prime;][\/vc_column][\/vc_row][vc_row][vc_column width=\u00a0\u00bb1\/3&Prime;][vc_btn title=\u00a0\u00bbAVANTAGES\u00a0\u00bb style=\u00a0\u00bbcustom\u00a0\u00bb custom_background=\u00a0\u00bb#da0e18&Prime; custom_text=\u00a0\u00bb#ffffff\u00a0\u00bb align=\u00a0\u00bbcenter\u00a0\u00bb button_block=\u00a0\u00bbtrue\u00a0\u00bb link=\u00a0\u00bburl:https%3A%2F%2Fwww.brochure.cmclift.com%2Ffr%2Fi-brochure-benefit%2F|title:i%20BROCHURE%20%E2%80%93%20Benefit\u00a0\u00bb][\/vc_column][vc_column width=\u00a0\u00bb1\/3&Prime;][vc_btn title=\u00a0\u00bbOPTIONS\u00a0\u00bb style=\u00a0\u00bbcustom\u00a0\u00bb custom_background=\u00a0\u00bb#da0e18&Prime; custom_text=\u00a0\u00bb#ffffff\u00a0\u00bb align=\u00a0\u00bbcenter\u00a0\u00bb button_block=\u00a0\u00bbtrue\u00a0\u00bb link=\u00a0\u00bburl:https%3A%2F%2Fwww.brochure.cmclift.com%2Ffr%2Ffeatures-i%2F|title:Features%20i\u00a0\u00bb][\/vc_column][vc_column width=\u00a0\u00bb1\/3&Prime;][vc_btn title=\u00a0\u00bbAPPLICATIONS\u00a0\u00bb style=\u00a0\u00bbcustom\u00a0\u00bb custom_background=\u00a0\u00bb#da0e18&Prime; custom_text=\u00a0\u00bb#ffffff\u00a0\u00bb align=\u00a0\u00bbcenter\u00a0\u00bb button_block=\u00a0\u00bbtrue\u00a0\u00bb link=\u00a0\u00bburl:https%3A%2F%2Fwww.brochure.cmclift.com%2Ffr%2Fi-brochure-applications%2F|title:i%20BROCHURE%20%E2%80%93%20Applications\u00a0\u00bb][\/vc_column][\/vc_row][vc_row][vc_column][vc_separator border_width=\u00a0\u00bb8&Prime;][\/vc_column][\/vc_row][vc_row][vc_column][vc_empty_space][\/vc_column][\/vc_row]<\/p>\n<\/section>","protected":false},"excerpt":{"rendered":"<p>[vc_row full_width=\u00a0\u00bbstretch_row\u00a0\u00bb full_height=\u00a0\u00bbyes\u00a0\u00bb columns_placement=\u00a0\u00bbstretch\u00a0\u00bb content_placement=\u00a0\u00bbmiddle\u00a0\u00bb background_position_desktop=\u00a0\u00bbcenter center\u00a0\u00bb css_animation=\u00a0\u00bbnone\u00a0\u00bb thegem_featured_image_for_bg_active=\u00a0\u00bbtrue\u00a0\u00bb css=\u00a0\u00bb.vc_custom_1677236722169{background-position: center !important;background-repeat: no-repeat !important;background-size: cover !important;}\u00a0\u00bb][vc_column css=\u00a0\u00bb.vc_custom_1686053963987{background-image: url(https:\/\/www.brochure.cmclift.com\/wp-content\/uploads\/2020\/04\/cover2-1-1-scaled.jpg?id=34497) !important;background-position: center&#8230;<\/p>\n","protected":false},"author":13,"featured_media":0,"parent":0,"menu_order":0,"comment_status":"closed","ping_status":"closed","template":"","meta":{"footnotes":""},"class_list":["post-34412","page","type-page","status-publish"],"_links":{"self":[{"href":"https:\/\/www.brochure.cmclift.com\/fr\/wp-json\/wp\/v2\/pages\/34412","targetHints":{"allow":["GET"]}}],"collection":[{"href":"https:\/\/www.brochure.cmclift.com\/fr\/wp-json\/wp\/v2\/pages"}],"about":[{"href":"https:\/\/www.brochure.cmclift.com\/fr\/wp-json\/wp\/v2\/types\/page"}],"author":[{"embeddable":true,"href":"https:\/\/www.brochure.cmclift.com\/fr\/wp-json\/wp\/v2\/users\/13"}],"replies":[{"embeddable":true,"href":"https:\/\/www.brochure.cmclift.com\/fr\/wp-json\/wp\/v2\/comments?post=34412"}],"version-history":[{"count":11,"href":"https:\/\/www.brochure.cmclift.com\/fr\/wp-json\/wp\/v2\/pages\/34412\/revisions"}],"predecessor-version":[{"id":38546,"href":"https:\/\/www.brochure.cmclift.com\/fr\/wp-json\/wp\/v2\/pages\/34412\/revisions\/38546"}],"wp:attachment":[{"href":"https:\/\/www.brochure.cmclift.com\/fr\/wp-json\/wp\/v2\/media?parent=34412"}],"curies":[{"name":"wp","href":"https:\/\/api.w.org\/{rel}","templated":true}]}}