{"id":34428,"date":"2023-05-03T15:08:42","date_gmt":"2023-05-03T13:08:42","guid":{"rendered":"https:\/\/www.brochure.cmclift.com\/?page_id=34428"},"modified":"2023-07-03T14:08:08","modified_gmt":"2023-07-03T12:08:08","slug":"i-brochure-benefit","status":"publish","type":"page","link":"https:\/\/www.brochure.cmclift.com\/fr\/i-brochure-benefit\/","title":{"rendered":"i BROCHURE &#8211; Benefit"},"content":{"rendered":"<section class=\"wpb-content-wrapper\"><p>[vc_row][vc_column][vc_row_inner][vc_column_inner][vc_empty_space height=\u00a0\u00bb100&Prime;][\/vc_column_inner][\/vc_row_inner][\/vc_column][\/vc_row][vc_row][vc_column][vc_column_text]<\/p>\n<h1 style=\"text-align: left;\">AVANTAGES<\/h1>\n<p>[\/vc_column_text][\/vc_column][\/vc_row][vc_row][vc_column][vc_row_inner][vc_column_inner width=\u00a0\u00bb1\/2&Prime;][vc_single_image image=\u00a0\u00bb34602&Prime; img_size=\u00a0\u00bb500&#215;500&Prime;][\/vc_column_inner][vc_column_inner width=\u00a0\u00bb1\/2&Prime;][vc_column_text css=\u00a0\u00bb.vc_custom_1683185964193{border-left-width: 10px !important;}\u00a0\u00bb]<\/p>\n<h4>Protection maximale contre le risque \u00e9lectrique<\/h4>\n<p>[\/vc_column_text][vc_column_text]<\/p>\n<p class=\"p1\">Les nacelles de la s\u00e9rie \u201ci\u201d de CMC sont isol\u00e9es jusqu\u2019\u00e0 46 kV gr\u00e2ce \u00e0 leur nacelle en fibre de verre, aux inserts isolants sp\u00e9ciaux plac\u00e9s entre les diff\u00e9rentes sections de la partie a\u00e9rienne,\u00e0 l\u2019utilisation d\u2019une huile sp\u00e9ciale non conductrice et autres composants isol\u00e9s.<\/p>\n<p>[\/vc_column_text][\/vc_column_inner][\/vc_row_inner][vc_separator color=\u00a0\u00bbwhite\u00a0\u00bb][vc_row_inner][vc_column_inner width=\u00a0\u00bb1\/2&Prime;][vc_single_image image=\u00a0\u00bb34596&Prime; img_size=\u00a0\u00bb500&#215;500&Prime;][\/vc_column_inner][vc_column_inner width=\u00a0\u00bb1\/2&Prime;][vc_column_text css=\u00a0\u00bb.vc_custom_1683185980460{border-left-width: 10px !important;}\u00a0\u00bb]<\/p>\n<h4>Facilit\u00e9 de transport<\/h4>\n<p>[\/vc_column_text][vc_column_text]<\/p>\n<p class=\"p1\">Aussi performantes que l\u00e9g\u00e8res et compactes, les nacelles de la s\u00e9rie \u201ci\u201d de CMC sont autochargeables et facilement transportables sur des remorques.<\/p>\n<p>[\/vc_column_text][\/vc_column_inner][\/vc_row_inner][vc_separator color=\u00a0\u00bbwhite\u00a0\u00bb][vc_row_inner][vc_column_inner width=\u00a0\u00bb1\/2&Prime;][vc_single_image image=\u00a0\u00bb34590&Prime; img_size=\u00a0\u00bb500&#215;500&Prime;][\/vc_column_inner][vc_column_inner width=\u00a0\u00bb1\/2&Prime;][vc_column_text css=\u00a0\u00bb.vc_custom_1683185995262{border-left-width: 10px !important;}\u00a0\u00bb]<\/p>\n<h4>Facilit\u00e9 d\u2019utilisation<\/h4>\n<p>[\/vc_column_text][vc_column_text]<\/p>\n<p class=\"p1\">Les nacelles de la s\u00e9rie \u201ci\u201d sont \u00e9quip\u00e9es d\u2019une radiocommande de derni\u00e8re g\u00e9n\u00e9ration et d\u2019un syst\u00e8me qui effectue automatiquement les op\u00e9rations de stabilisation et de mise \u00e0 niveau, de centrage automatique et d\u2019autochargement.<\/p>\n<p>[\/vc_column_text][\/vc_column_inner][\/vc_row_inner][\/vc_column][\/vc_row][vc_row][vc_column][vc_separator color=\u00a0\u00bbwhite\u00a0\u00bb][\/vc_column][\/vc_row][vc_row][vc_column width=\u00a0\u00bb1\/3&Prime;][vc_btn title=\u00a0\u00bbAPPLICATIONS\u00a0\u00bb style=\u00a0\u00bbcustom\u00a0\u00bb custom_background=\u00a0\u00bb#da0e18&Prime; custom_text=\u00a0\u00bb#ffffff\u00a0\u00bb align=\u00a0\u00bbcenter\u00a0\u00bb button_block=\u00a0\u00bbtrue\u00a0\u00bb link=\u00a0\u00bburl:https%3A%2F%2Fwww.brochure.cmclift.com%2Ffr%2Fi-brochure-applications%2F|title:i%20BROCHURE%20%E2%80%93%20Applications\u00a0\u00bb][\/vc_column][vc_column width=\u00a0\u00bb1\/3&Prime;][vc_btn title=\u00a0\u00bbOPTIONS\u00a0\u00bb style=\u00a0\u00bbcustom\u00a0\u00bb custom_background=\u00a0\u00bb#da0e18&Prime; custom_text=\u00a0\u00bb#ffffff\u00a0\u00bb align=\u00a0\u00bbcenter\u00a0\u00bb button_block=\u00a0\u00bbtrue\u00a0\u00bb link=\u00a0\u00bburl:https%3A%2F%2Fwww.brochure.cmclift.com%2Ffr%2Ffeatures-i%2F|title:Features%20XL\u00a0\u00bb][\/vc_column][vc_column width=\u00a0\u00bb1\/3&Prime;][vc_btn title=\u00a0\u00bbS\u00c9RIE i\u00a0\u00bb style=\u00a0\u00bbcustom\u00a0\u00bb custom_background=\u00a0\u00bb#da0e18&Prime; custom_text=\u00a0\u00bb#ffffff\u00a0\u00bb align=\u00a0\u00bbcenter\u00a0\u00bb button_block=\u00a0\u00bbtrue\u00a0\u00bb link=\u00a0\u00bburl:https%3A%2F%2Fwww.brochure.cmclift.com%2Ffr%2Fi-brochure%2F|title:i%20BROCHURE%20%E2%80%93%20Benefit\u00a0\u00bb][\/vc_column][\/vc_row][vc_row][vc_column][vc_separator color=\u00a0\u00bbwhite\u00a0\u00bb][\/vc_column][\/vc_row]<\/p>\n<\/section>","protected":false},"excerpt":{"rendered":"<p>[vc_row][vc_column][vc_row_inner][vc_column_inner][vc_empty_space height=\u00a0\u00bb100&Prime;][\/vc_column_inner][\/vc_row_inner][\/vc_column][\/vc_row][vc_row][vc_column][vc_column_text] AVANTAGES [\/vc_column_text][\/vc_column][\/vc_row][vc_row][vc_column][vc_row_inner][vc_column_inner width=\u00a0\u00bb1\/2&Prime;][vc_single_image image=\u00a0\u00bb34602&Prime; img_size=\u00a0\u00bb500&#215;500&Prime;][\/vc_column_inner][vc_column_inner width=\u00a0\u00bb1\/2&Prime;][vc_column_text css=\u00a0\u00bb.vc_custom_1683185964193{border-left-width: 10px !important;}\u00a0\u00bb] Protection maximale contre le risque \u00e9lectrique [\/vc_column_text][vc_column_text] Les nacelles&#8230;<\/p>\n","protected":false},"author":13,"featured_media":0,"parent":0,"menu_order":0,"comment_status":"closed","ping_status":"closed","template":"","meta":{"footnotes":""},"class_list":["post-34428","page","type-page","status-publish"],"_links":{"self":[{"href":"https:\/\/www.brochure.cmclift.com\/fr\/wp-json\/wp\/v2\/pages\/34428","targetHints":{"allow":["GET"]}}],"collection":[{"href":"https:\/\/www.brochure.cmclift.com\/fr\/wp-json\/wp\/v2\/pages"}],"about":[{"href":"https:\/\/www.brochure.cmclift.com\/fr\/wp-json\/wp\/v2\/types\/page"}],"author":[{"embeddable":true,"href":"https:\/\/www.brochure.cmclift.com\/fr\/wp-json\/wp\/v2\/users\/13"}],"replies":[{"embeddable":true,"href":"https:\/\/www.brochure.cmclift.com\/fr\/wp-json\/wp\/v2\/comments?post=34428"}],"version-history":[{"count":7,"href":"https:\/\/www.brochure.cmclift.com\/fr\/wp-json\/wp\/v2\/pages\/34428\/revisions"}],"predecessor-version":[{"id":36830,"href":"https:\/\/www.brochure.cmclift.com\/fr\/wp-json\/wp\/v2\/pages\/34428\/revisions\/36830"}],"wp:attachment":[{"href":"https:\/\/www.brochure.cmclift.com\/fr\/wp-json\/wp\/v2\/media?parent=34428"}],"curies":[{"name":"wp","href":"https:\/\/api.w.org\/{rel}","templated":true}]}}