{"id":35746,"date":"2023-06-07T10:54:05","date_gmt":"2023-06-07T08:54:05","guid":{"rendered":"https:\/\/www.brochure.cmclift.com\/?page_id=35746"},"modified":"2023-07-04T08:37:50","modified_gmt":"2023-07-04T06:37:50","slug":"xl-brochure-benefit","status":"publish","type":"page","link":"https:\/\/www.brochure.cmclift.com\/fr\/xl-brochure-benefit\/","title":{"rendered":"XL Benefit"},"content":{"rendered":"<section class=\"wpb-content-wrapper\"><p>[vc_row][vc_column][vc_row_inner][vc_column_inner][vc_empty_space height=\u00a0\u00bb100&Prime;][\/vc_column_inner][\/vc_row_inner][\/vc_column][\/vc_row][vc_row][vc_column][vc_column_text]<\/p>\n<h1 style=\"text-align: left;\">AVANTAGES<\/h1>\n<p>[\/vc_column_text][\/vc_column][\/vc_row][vc_row][vc_column][vc_row_inner][vc_column_inner width=\u00a0\u00bb1\/2&Prime;][vc_single_image image=\u00a0\u00bb35594&Prime; img_size=\u00a0\u00bb500&#215;500&Prime;][\/vc_column_inner][vc_column_inner width=\u00a0\u00bb1\/2&Prime;][vc_column_text css=\u00a0\u00bb.vc_custom_1686127980686{border-left-width: 10px !important;}\u00a0\u00bb]<\/p>\n<h4>Facilit\u00e9 de transport<\/h4>\n<p>[\/vc_column_text][vc_column_text]<\/p>\n<p class=\"p1\">La hauteur de travail exceptionnelle ne compromet pas les dimensions incroyablement compactes de la S41 lorsqu\u2019elle est ferm\u00e9e, ce qui facilite le transport par camion et le franchissement de petits portails.<\/p>\n<p>[\/vc_column_text][\/vc_column_inner][\/vc_row_inner][vc_separator color=\u00a0\u00bbwhite\u00a0\u00bb][vc_row_inner][vc_column_inner width=\u00a0\u00bb1\/2&Prime;][vc_single_image image=\u00a0\u00bb35606&Prime; img_size=\u00a0\u00bb500&#215;500&Prime;][\/vc_column_inner][vc_column_inner width=\u00a0\u00bb1\/2&Prime;][vc_column_text css=\u00a0\u00bb.vc_custom_1686127997639{border-left-width: 10px !important;}\u00a0\u00bb]<\/p>\n<h4>Utilisation polyvalente<\/h4>\n<p>[\/vc_column_text][vc_column_text]<\/p>\n<p class=\"p1\">Bien que la S41 ait une taille XL en termes d\u2019\u00e9l\u00e9vation maximale et de port\u00e9e lat\u00e9rale, sa zone de stabilisation n\u2019est que de 3,99 m, ce qui lui permet d\u2019aller partout et de fonctionner dans toutes les conditions.<\/p>\n<p>[\/vc_column_text][\/vc_column_inner][\/vc_row_inner][vc_separator color=\u00a0\u00bbwhite\u00a0\u00bb][vc_row_inner][vc_column_inner width=\u00a0\u00bb1\/2&Prime;][vc_single_image image=\u00a0\u00bb35600&Prime; img_size=\u00a0\u00bb500&#215;500&Prime;][\/vc_column_inner][vc_column_inner width=\u00a0\u00bb1\/2&Prime;][vc_column_text css=\u00a0\u00bb.vc_custom_1686128015660{border-left-width: 10px !important;}\u00a0\u00bb]<\/p>\n<h4>Facilit\u00e9 d\u2019utilisation et maintenance<\/h4>\n<p>[\/vc_column_text][vc_column_text]<\/p>\n<p class=\"p1\">Le Self Control System de CMC, standard sur le mod\u00e8le S41, effectue automatiquement une s\u00e9rie d\u2019op\u00e9rations essentielles, parmi lesquelles : la stabilisation et le nivellement, le contr\u00f4le de la fluidit\u00e9 et de la vitesse des bras, la fermeture de la partie a\u00e9rienne et la signalisation d\u2019\u00e9ventuels dysfonctionnements.<\/p>\n<p>[\/vc_column_text][\/vc_column_inner][\/vc_row_inner][\/vc_column][\/vc_row][vc_row][vc_column][vc_separator border_width=\u00a0\u00bb8&Prime;][\/vc_column][\/vc_row][vc_row][vc_column width=\u00a0\u00bb1\/3&Prime;][vc_btn title=\u00a0\u00bbAPPLICATIONS\u00a0\u00bb style=\u00a0\u00bbcustom\u00a0\u00bb custom_background=\u00a0\u00bb#da0e18&Prime; custom_text=\u00a0\u00bb#ffffff\u00a0\u00bb align=\u00a0\u00bbcenter\u00a0\u00bb button_block=\u00a0\u00bbtrue\u00a0\u00bb link=\u00a0\u00bburl:https%3A%2F%2Fwww.brochure.cmclift.com%2Ffr%2Fxl-brochure-applications%2F|title:XL%20BROCHURE%20%E2%80%93%20Applications\u00a0\u00bb][\/vc_column][vc_column width=\u00a0\u00bb1\/3&Prime;][vc_btn title=\u00a0\u00bbOPTIONS\u00a0\u00bb style=\u00a0\u00bbcustom\u00a0\u00bb custom_background=\u00a0\u00bb#da0e18&Prime; custom_text=\u00a0\u00bb#ffffff\u00a0\u00bb align=\u00a0\u00bbcenter\u00a0\u00bb button_block=\u00a0\u00bbtrue\u00a0\u00bb link=\u00a0\u00bburl:https%3A%2F%2Fwww.brochure.cmclift.com%2Ffr%2Ffeatures-xl%2F|title:Features%20XL\u00a0\u00bb][\/vc_column][vc_column width=\u00a0\u00bb1\/3&Prime;][vc_btn title=\u00a0\u00bbS\u00c9RIE XL\u00a0\u00bb style=\u00a0\u00bbcustom\u00a0\u00bb custom_background=\u00a0\u00bb#da0e18&Prime; custom_text=\u00a0\u00bb#ffffff\u00a0\u00bb align=\u00a0\u00bbcenter\u00a0\u00bb button_block=\u00a0\u00bbtrue\u00a0\u00bb link=\u00a0\u00bburl:https%3A%2F%2Fwww.brochure.cmclift.com%2Ffr%2Fxl-brochure%2F|title:XL%20BROCHURE\u00a0\u00bb][\/vc_column][\/vc_row][vc_row][vc_column][vc_separator border_width=\u00a0\u00bb8&Prime;][\/vc_column][\/vc_row]<\/p>\n<\/section>","protected":false},"excerpt":{"rendered":"<p>[vc_row][vc_column][vc_row_inner][vc_column_inner][vc_empty_space height=\u00a0\u00bb100&Prime;][\/vc_column_inner][\/vc_row_inner][\/vc_column][\/vc_row][vc_row][vc_column][vc_column_text] AVANTAGES [\/vc_column_text][\/vc_column][\/vc_row][vc_row][vc_column][vc_row_inner][vc_column_inner width=\u00a0\u00bb1\/2&Prime;][vc_single_image image=\u00a0\u00bb35594&Prime; img_size=\u00a0\u00bb500&#215;500&Prime;][\/vc_column_inner][vc_column_inner width=\u00a0\u00bb1\/2&Prime;][vc_column_text css=\u00a0\u00bb.vc_custom_1686127980686{border-left-width: 10px !important;}\u00a0\u00bb] Facilit\u00e9 de transport [\/vc_column_text][vc_column_text] La hauteur de travail exceptionnelle&#8230;<\/p>\n","protected":false},"author":13,"featured_media":0,"parent":0,"menu_order":0,"comment_status":"closed","ping_status":"closed","template":"","meta":{"footnotes":""},"class_list":["post-35746","page","type-page","status-publish"],"_links":{"self":[{"href":"https:\/\/www.brochure.cmclift.com\/fr\/wp-json\/wp\/v2\/pages\/35746","targetHints":{"allow":["GET"]}}],"collection":[{"href":"https:\/\/www.brochure.cmclift.com\/fr\/wp-json\/wp\/v2\/pages"}],"about":[{"href":"https:\/\/www.brochure.cmclift.com\/fr\/wp-json\/wp\/v2\/types\/page"}],"author":[{"embeddable":true,"href":"https:\/\/www.brochure.cmclift.com\/fr\/wp-json\/wp\/v2\/users\/13"}],"replies":[{"embeddable":true,"href":"https:\/\/www.brochure.cmclift.com\/fr\/wp-json\/wp\/v2\/comments?post=35746"}],"version-history":[{"count":9,"href":"https:\/\/www.brochure.cmclift.com\/fr\/wp-json\/wp\/v2\/pages\/35746\/revisions"}],"predecessor-version":[{"id":36970,"href":"https:\/\/www.brochure.cmclift.com\/fr\/wp-json\/wp\/v2\/pages\/35746\/revisions\/36970"}],"wp:attachment":[{"href":"https:\/\/www.brochure.cmclift.com\/fr\/wp-json\/wp\/v2\/media?parent=35746"}],"curies":[{"name":"wp","href":"https:\/\/api.w.org\/{rel}","templated":true}]}}