{"id":35753,"date":"2023-06-07T11:41:51","date_gmt":"2023-06-07T09:41:51","guid":{"rendered":"https:\/\/www.brochure.cmclift.com\/?page_id=35753"},"modified":"2023-07-04T08:36:09","modified_gmt":"2023-07-04T06:36:09","slug":"xl-applications","status":"publish","type":"page","link":"https:\/\/www.brochure.cmclift.com\/fr\/xl-applications\/","title":{"rendered":"XL Applications"},"content":{"rendered":"<section class=\"wpb-content-wrapper\"><p>[vc_row][vc_column][vc_empty_space height=\u00a0\u00bb100&Prime;][\/vc_column][\/vc_row][vc_row css=\u00a0\u00bb.vc_custom_1677834925062{background-color: #ffffff !important;}\u00a0\u00bb][vc_column][vc_column_text]<\/p>\n<h1>LES SECTEURS D\u2019UTILISATION<\/h1>\n<p>[\/vc_column_text][\/vc_column][\/vc_row][vc_row][vc_column][vc_row_inner content_placement=\u00a0\u00bbmiddle\u00a0\u00bb thegem_shadow_color=\u00a0\u00bbrgba(10,10,10,0.24)\u00a0\u00bb thegem_shaow_horizontal=\u00a0\u00bb10&Prime; thegem_shaow_vertical=\u00a0\u00bb10&Prime; thegem_shaow_blur=\u00a0\u00bb10&Prime; thegem_shaow_spread=\u00a0\u00bb-2&Prime; thegem_enable_shadow=\u00a0\u00bbtrue\u00a0\u00bb css=\u00a0\u00bb.vc_custom_1677682137225{margin-right: 10px !important;margin-left: 10px !important;background-color: #ffffff !important;}\u00a0\u00bb tablet_margin_top=\u00a0\u00bb10&Prime; mobile_margin_top=\u00a0\u00bb10&Prime;][vc_column_inner width=\u00a0\u00bb1\/2&Prime; css=\u00a0\u00bb.vc_custom_1677164193130{margin-bottom: -10px !important;}\u00a0\u00bb][vc_single_image image=\u00a0\u00bb35582&Prime; img_size=\u00a0\u00bb300&#215;300&Prime; alignment=\u00a0\u00bbcenter\u00a0\u00bb][\/vc_column_inner][vc_column_inner width=\u00a0\u00bb1\/2&Prime;][vc_column_text]<\/p>\n<h4>Travaux de restauration<\/h4>\n<p>[\/vc_column_text][vc_column_text]<\/p>\n<p class=\"p1\">m\u00eame dans des contextes difficiles d\u2019acc\u00e8s comme les int\u00e9rieurs des \u00e9glises, les b\u00e2timents historiques, les h\u00f4tels et les centres commerciaux.<\/p>\n<p>[\/vc_column_text][\/vc_column_inner][\/vc_row_inner][vc_row_inner content_placement=\u00a0\u00bbmiddle\u00a0\u00bb thegem_shadow_color=\u00a0\u00bbrgba(10,10,10,0.24)\u00a0\u00bb thegem_shaow_horizontal=\u00a0\u00bb10&Prime; thegem_shaow_vertical=\u00a0\u00bb10&Prime; thegem_shaow_blur=\u00a0\u00bb10&Prime; thegem_shaow_spread=\u00a0\u00bb-2&Prime; thegem_enable_shadow=\u00a0\u00bbtrue\u00a0\u00bb css=\u00a0\u00bb.vc_custom_1677682188735{margin-right: 10px !important;margin-left: 10px !important;background-color: #ffffff !important;}\u00a0\u00bb tablet_margin_top=\u00a0\u00bb10&Prime; mobile_margin_top=\u00a0\u00bb10&Prime;][vc_column_inner width=\u00a0\u00bb1\/2&Prime; css=\u00a0\u00bb.vc_custom_1677164193130{margin-bottom: -10px !important;}\u00a0\u00bb][vc_single_image image=\u00a0\u00bb35570&Prime; img_size=\u00a0\u00bb300&#215;300&Prime; alignment=\u00a0\u00bbcenter\u00a0\u00bb][\/vc_column_inner][vc_column_inner width=\u00a0\u00bb1\/2&Prime;][vc_column_text]<\/p>\n<h4>Gestion et maintenance d\u2019installations et \u00e9difices<\/h4>\n<p>[\/vc_column_text][vc_column_text]<\/p>\n<p class=\"p1\">en particulier dans les zones de circulation r\u00e9duite ou dans les zones difficiles d\u2019acc\u00e8s pour les nacelles mont\u00e9es sur camion.<\/p>\n<p>[\/vc_column_text][\/vc_column_inner][\/vc_row_inner][vc_row_inner content_placement=\u00a0\u00bbmiddle\u00a0\u00bb thegem_shadow_color=\u00a0\u00bbrgba(10,10,10,0.24)\u00a0\u00bb thegem_shaow_horizontal=\u00a0\u00bb10&Prime; thegem_shaow_vertical=\u00a0\u00bb10&Prime; thegem_shaow_blur=\u00a0\u00bb10&Prime; thegem_shaow_spread=\u00a0\u00bb-2&Prime; thegem_enable_shadow=\u00a0\u00bbtrue\u00a0\u00bb css=\u00a0\u00bb.vc_custom_1677682209265{margin-right: 10px !important;margin-left: 10px !important;background-color: #ffffff !important;}\u00a0\u00bb tablet_margin_top=\u00a0\u00bb10&Prime; mobile_margin_top=\u00a0\u00bb10&Prime;][vc_column_inner width=\u00a0\u00bb1\/2&Prime; css=\u00a0\u00bb.vc_custom_1677164193130{margin-bottom: -10px !important;}\u00a0\u00bb][vc_single_image image=\u00a0\u00bb35576&Prime; img_size=\u00a0\u00bb300&#215;300&Prime; alignment=\u00a0\u00bbcenter\u00a0\u00bb][\/vc_column_inner][vc_column_inner width=\u00a0\u00bb1\/2&Prime;][vc_column_text]<\/p>\n<h4>\u00c9lagage des grands arbres<\/h4>\n<p>[\/vc_column_text][vc_column_text]<\/p>\n<p class=\"p1\">m\u00eame en travaillant dans des espaces confin\u00e9s \u00e0 l\u2019int\u00e9rieur des maisons priv\u00e9es, ou sur des terrains particuli\u00e8rement d\u00e9licats.<\/p>\n<p>[\/vc_column_text][\/vc_column_inner][\/vc_row_inner][\/vc_column][\/vc_row][vc_row][vc_column][vc_empty_space][\/vc_column][\/vc_row][vc_row][vc_column][vc_separator border_width=\u00a0\u00bb8&Prime;][\/vc_column][\/vc_row][vc_row][vc_column width=\u00a0\u00bb1\/3&Prime;][vc_btn title=\u00a0\u00bbOPTIONS\u00a0\u00bb style=\u00a0\u00bbcustom\u00a0\u00bb custom_background=\u00a0\u00bb#da121a\u00a0\u00bb custom_text=\u00a0\u00bb#ffffff\u00a0\u00bb align=\u00a0\u00bbcenter\u00a0\u00bb button_block=\u00a0\u00bbtrue\u00a0\u00bb link=\u00a0\u00bburl:https%3A%2F%2Fwww.brochure.cmclift.com%2Ffr%2Ffeatures-xl%2F|title:Features%20XL\u00a0\u00bb][\/vc_column][vc_column width=\u00a0\u00bb1\/3&Prime;][vc_btn title=\u00a0\u00bbAVANTAGES\u00a0\u00bb style=\u00a0\u00bbcustom\u00a0\u00bb custom_background=\u00a0\u00bb#da121a\u00a0\u00bb custom_text=\u00a0\u00bb#ffffff\u00a0\u00bb align=\u00a0\u00bbcenter\u00a0\u00bb button_block=\u00a0\u00bbtrue\u00a0\u00bb link=\u00a0\u00bburl:https%3A%2F%2Fwww.brochure.cmclift.com%2Ffr%2Fxl-brochure-benefit%2F|title:XL%20Benefit\u00a0\u00bb][\/vc_column][vc_column width=\u00a0\u00bb1\/3&Prime;][vc_btn title=\u00a0\u00bbS\u00c9RIE XL\u00a0\u00bb style=\u00a0\u00bbcustom\u00a0\u00bb custom_background=\u00a0\u00bb#da121a\u00a0\u00bb custom_text=\u00a0\u00bb#ffffff\u00a0\u00bb align=\u00a0\u00bbcenter\u00a0\u00bb button_block=\u00a0\u00bbtrue\u00a0\u00bb link=\u00a0\u00bburl:https%3A%2F%2Fwww.brochure.cmclift.com%2Ffr%2Fxl-brochure%2F|title:XL%20BROCHURE\u00a0\u00bb][\/vc_column][\/vc_row][vc_row][vc_column][vc_separator border_width=\u00a0\u00bb8&Prime;][\/vc_column][\/vc_row][vc_row][vc_column][vc_empty_space][\/vc_column][\/vc_row]<\/p>\n<\/section>","protected":false},"excerpt":{"rendered":"<p>[vc_row][vc_column][vc_empty_space height=\u00a0\u00bb100&Prime;][\/vc_column][\/vc_row][vc_row css=\u00a0\u00bb.vc_custom_1677834925062{background-color: #ffffff !important;}\u00a0\u00bb][vc_column][vc_column_text] LES SECTEURS D\u2019UTILISATION [\/vc_column_text][\/vc_column][\/vc_row][vc_row][vc_column][vc_row_inner content_placement=\u00a0\u00bbmiddle\u00a0\u00bb thegem_shadow_color=\u00a0\u00bbrgba(10,10,10,0.24)\u00a0\u00bb thegem_shaow_horizontal=\u00a0\u00bb10&Prime; thegem_shaow_vertical=\u00a0\u00bb10&Prime; thegem_shaow_blur=\u00a0\u00bb10&Prime; thegem_shaow_spread=\u00a0\u00bb-2&Prime; thegem_enable_shadow=\u00a0\u00bbtrue\u00a0\u00bb css=\u00a0\u00bb.vc_custom_1677682137225{margin-right: 10px !important;margin-left: 10px&#8230;<\/p>\n","protected":false},"author":13,"featured_media":0,"parent":0,"menu_order":0,"comment_status":"closed","ping_status":"closed","template":"","meta":{"footnotes":""},"class_list":["post-35753","page","type-page","status-publish"],"_links":{"self":[{"href":"https:\/\/www.brochure.cmclift.com\/fr\/wp-json\/wp\/v2\/pages\/35753","targetHints":{"allow":["GET"]}}],"collection":[{"href":"https:\/\/www.brochure.cmclift.com\/fr\/wp-json\/wp\/v2\/pages"}],"about":[{"href":"https:\/\/www.brochure.cmclift.com\/fr\/wp-json\/wp\/v2\/types\/page"}],"author":[{"embeddable":true,"href":"https:\/\/www.brochure.cmclift.com\/fr\/wp-json\/wp\/v2\/users\/13"}],"replies":[{"embeddable":true,"href":"https:\/\/www.brochure.cmclift.com\/fr\/wp-json\/wp\/v2\/comments?post=35753"}],"version-history":[{"count":6,"href":"https:\/\/www.brochure.cmclift.com\/fr\/wp-json\/wp\/v2\/pages\/35753\/revisions"}],"predecessor-version":[{"id":36965,"href":"https:\/\/www.brochure.cmclift.com\/fr\/wp-json\/wp\/v2\/pages\/35753\/revisions\/36965"}],"wp:attachment":[{"href":"https:\/\/www.brochure.cmclift.com\/fr\/wp-json\/wp\/v2\/media?parent=35753"}],"curies":[{"name":"wp","href":"https:\/\/api.w.org\/{rel}","templated":true}]}}