{"id":35757,"date":"2023-06-07T11:46:45","date_gmt":"2023-06-07T09:46:45","guid":{"rendered":"https:\/\/www.brochure.cmclift.com\/?page_id=35757"},"modified":"2023-06-23T12:01:14","modified_gmt":"2023-06-23T10:01:14","slug":"xl-brochure","status":"publish","type":"page","link":"https:\/\/www.brochure.cmclift.com\/fr\/xl-brochure\/","title":{"rendered":"XL BROCHURE"},"content":{"rendered":"<section class=\"wpb-content-wrapper\"><p>[vc_row full_width=\u00a0\u00bbstretch_row\u00a0\u00bb full_height=\u00a0\u00bbyes\u00a0\u00bb columns_placement=\u00a0\u00bbstretch\u00a0\u00bb content_placement=\u00a0\u00bbmiddle\u00a0\u00bb background_position_desktop=\u00a0\u00bbcenter center\u00a0\u00bb css_animation=\u00a0\u00bbnone\u00a0\u00bb thegem_featured_image_for_bg_active=\u00a0\u00bbtrue\u00a0\u00bb css=\u00a0\u00bb.vc_custom_1677236722169{background-position: center !important;background-repeat: no-repeat !important;background-size: cover !important;}\u00a0\u00bb][vc_column css=\u00a0\u00bb.vc_custom_1686034851010{background-image: url(https:\/\/www.brochure.cmclift.com\/wp-content\/uploads\/2023\/06\/IMG_9255-scaled.jpg?id=35559) !important;background-position: center !important;background-repeat: no-repeat !important;background-size: cover !important;}\u00a0\u00bb][vc_column_text el_class=\u00a0\u00bbwhite\u00a0\u00bb]<\/p>\n<h1 style=\"text-align: center;\">S\u00c9RIE XL<\/h1>\n<h4 style=\"text-align: center;\">EXTRA LARGE<\/h4>\n<p>[\/vc_column_text][\/vc_column][\/vc_row][vc_row][vc_column]<div class=\"thegem-te-heading thegem-custom-69e26ba379509164\" ><h1 id=\"thegem-heading-69e26ba3794e7\" class=\"thegem-heading\" style=\"text-align: left;\" ><span class=\"colored\" style=\"color: #54606b;\">S\u00c9RIE XL<\/span><\/h1><style type=\"text\/css\">#thegem-heading-69e26ba3794e7 {margin: 0;}#thegem-heading-69e26ba3794e7 a:hover, #thegem-heading-69e26ba3794e7 a:hover span.colored {color: var(--thegem-to-menu-level1-color-hover, #00BCD4) !important;}<\/style><\/div><style>@media screen and (max-width: 1023px) {.thegem-te-heading.thegem-custom-69e26ba379509164{display: block!important;}}@media screen and (max-width: 767px) {.thegem-te-heading.thegem-custom-69e26ba379509164{display: block!important;}}@media screen and (max-width: 1023px) {.thegem-te-heading.thegem-custom-69e26ba379509164{position: relative !important;}}@media screen and (max-width: 767px) {.thegem-te-heading.thegem-custom-69e26ba379509164{position: relative !important;}}<\/style><div class=\"thegem-te-heading thegem-custom-69e26ba3795d44621\" ><h4 id=\"thegem-heading-69e26ba3795c0\" class=\"thegem-heading\" style=\"text-align: left;\" ><span class=\"colored\" style=\"color: #54606b;\">EXTRA LARGE<\/span><\/h4><style type=\"text\/css\">#thegem-heading-69e26ba3795c0 {margin: 0;}#thegem-heading-69e26ba3795c0 a:hover, #thegem-heading-69e26ba3795c0 a:hover span.colored {color: var(--thegem-to-menu-level1-color-hover, #00BCD4) !important;}<\/style><\/div><style>@media screen and (max-width: 1023px) {.thegem-te-heading.thegem-custom-69e26ba3795d44621{display: block!important;}}@media screen and (max-width: 767px) {.thegem-te-heading.thegem-custom-69e26ba3795d44621{display: block!important;}}@media screen and (max-width: 1023px) {.thegem-te-heading.thegem-custom-69e26ba3795d44621{position: relative !important;}}@media screen and (max-width: 767px) {.thegem-te-heading.thegem-custom-69e26ba3795d44621{position: relative !important;}}<\/style>[vc_empty_space][vc_column_text]<\/p>\n<p class=\"p1\">Cette nacelle \u00e9l\u00e9vatrice sur chenilles n\u2019a pas d\u2019adversaires. Gr\u00e2ce \u00e0 son bras t\u00e9lescopique \u00e0 6 extensions avec le jib t\u00e9lescopique articul\u00e9 extensible, le mod\u00e8le CMC S41 peut atteindre une hauteur incroyable de 41 m\u00e8tres et une port\u00e9e lat\u00e9rale jusqu\u2019\u00e0 19 m\u00e8tres avec une capacit\u00e9 utile unique de 200 kg.<\/p>\n<p class=\"p1\">Nonobstant son \u00e9l\u00e9vation exceptionnelle, elle peut se stabiliser avec une encombre minimale de 3,99 m\u00e8tres et est incroyablement compacte lors du transport. Un instrument de travail extraordinaire qui est toujours \u00e0 la hauteur des travaux exigeants qui lui sont confi\u00e9s.<\/p>\n<p>[\/vc_column_text][\/vc_column][\/vc_row][vc_row][vc_column width=\u00a0\u00bb1\/3&Prime;][\/vc_column][vc_column width=\u00a0\u00bb1\/3&Prime;][vc_single_image image=\u00a0\u00bb35549&Prime; img_size=\u00a0\u00bbfull\u00a0\u00bb alignment=\u00a0\u00bbcenter\u00a0\u00bb style=\u00a0\u00bbvc_box_rounded\u00a0\u00bb onclick=\u00a0\u00bbcustom_link\u00a0\u00bb link=\u00a0\u00bbhttps:\/\/www.brochure.cmclift.com\/performance-s41\/\u00a0\u00bb][\/vc_column][vc_column width=\u00a0\u00bb1\/3&Prime;][\/vc_column][\/vc_row][vc_row][vc_column][vc_empty_space][\/vc_column][\/vc_row][vc_row][vc_column][vc_separator border_width=\u00a0\u00bb8&Prime;][\/vc_column][\/vc_row][vc_row][vc_column width=\u00a0\u00bb1\/3&Prime;][vc_btn title=\u00a0\u00bbAVANTAGES\u00a0\u00bb style=\u00a0\u00bbcustom\u00a0\u00bb custom_background=\u00a0\u00bb#da0e18&Prime; custom_text=\u00a0\u00bb#ffffff\u00a0\u00bb align=\u00a0\u00bbcenter\u00a0\u00bb button_block=\u00a0\u00bbtrue\u00a0\u00bb link=\u00a0\u00bburl:https%3A%2F%2Fwww.brochure.cmclift.com%2Ffr%2Fxl-brochure-benefit%2F|title:XL%20BROCHURE%20%E2%80%93%20Benefit\u00a0\u00bb][\/vc_column][vc_column width=\u00a0\u00bb1\/3&Prime;][vc_btn title=\u00a0\u00bbOPTIONS\u00a0\u00bb style=\u00a0\u00bbcustom\u00a0\u00bb custom_background=\u00a0\u00bb#da0e18&Prime; custom_text=\u00a0\u00bb#ffffff\u00a0\u00bb align=\u00a0\u00bbcenter\u00a0\u00bb button_block=\u00a0\u00bbtrue\u00a0\u00bb link=\u00a0\u00bburl:https%3A%2F%2Fwww.brochure.cmclift.com%2Ffr%2Ffeatures-xl%2F|title:XL%20BROCHURE\u00a0\u00bb][\/vc_column][vc_column width=\u00a0\u00bb1\/3&Prime;][vc_btn title=\u00a0\u00bbAPPLICATIONS\u00a0\u00bb style=\u00a0\u00bbcustom\u00a0\u00bb custom_background=\u00a0\u00bb#da0e18&Prime; custom_text=\u00a0\u00bb#ffffff\u00a0\u00bb align=\u00a0\u00bbcenter\u00a0\u00bb button_block=\u00a0\u00bbtrue\u00a0\u00bb link=\u00a0\u00bburl:https%3A%2F%2Fwww.brochure.cmclift.com%2Ffr%2Fxl-applications%2F|title:Render%20S15&Prime;][\/vc_column][\/vc_row][vc_row][vc_column][vc_separator border_width=\u00a0\u00bb8&Prime;][\/vc_column][\/vc_row][vc_row][vc_column][vc_empty_space][\/vc_column][\/vc_row]<\/p>\n<\/section>","protected":false},"excerpt":{"rendered":"<p>[vc_row full_width=\u00a0\u00bbstretch_row\u00a0\u00bb full_height=\u00a0\u00bbyes\u00a0\u00bb columns_placement=\u00a0\u00bbstretch\u00a0\u00bb content_placement=\u00a0\u00bbmiddle\u00a0\u00bb background_position_desktop=\u00a0\u00bbcenter center\u00a0\u00bb css_animation=\u00a0\u00bbnone\u00a0\u00bb thegem_featured_image_for_bg_active=\u00a0\u00bbtrue\u00a0\u00bb css=\u00a0\u00bb.vc_custom_1677236722169{background-position: center !important;background-repeat: no-repeat !important;background-size: cover !important;}\u00a0\u00bb][vc_column css=\u00a0\u00bb.vc_custom_1686034851010{background-image: url(https:\/\/www.brochure.cmclift.com\/wp-content\/uploads\/2023\/06\/IMG_9255-scaled.jpg?id=35559) !important;background-position: center&#8230;<\/p>\n","protected":false},"author":13,"featured_media":0,"parent":0,"menu_order":0,"comment_status":"closed","ping_status":"closed","template":"","meta":{"footnotes":""},"class_list":["post-35757","page","type-page","status-publish"],"_links":{"self":[{"href":"https:\/\/www.brochure.cmclift.com\/fr\/wp-json\/wp\/v2\/pages\/35757","targetHints":{"allow":["GET"]}}],"collection":[{"href":"https:\/\/www.brochure.cmclift.com\/fr\/wp-json\/wp\/v2\/pages"}],"about":[{"href":"https:\/\/www.brochure.cmclift.com\/fr\/wp-json\/wp\/v2\/types\/page"}],"author":[{"embeddable":true,"href":"https:\/\/www.brochure.cmclift.com\/fr\/wp-json\/wp\/v2\/users\/13"}],"replies":[{"embeddable":true,"href":"https:\/\/www.brochure.cmclift.com\/fr\/wp-json\/wp\/v2\/comments?post=35757"}],"version-history":[{"count":5,"href":"https:\/\/www.brochure.cmclift.com\/fr\/wp-json\/wp\/v2\/pages\/35757\/revisions"}],"predecessor-version":[{"id":36466,"href":"https:\/\/www.brochure.cmclift.com\/fr\/wp-json\/wp\/v2\/pages\/35757\/revisions\/36466"}],"wp:attachment":[{"href":"https:\/\/www.brochure.cmclift.com\/fr\/wp-json\/wp\/v2\/media?parent=35757"}],"curies":[{"name":"wp","href":"https:\/\/api.w.org\/{rel}","templated":true}]}}